{"id":55290,"date":"2023-11-06T11:09:16","date_gmt":"2023-11-06T10:09:16","guid":{"rendered":"https:\/\/www.pauli.de\/product\/aqua-stop-pro\/"},"modified":"2024-12-20T11:45:08","modified_gmt":"2024-12-20T10:45:08","slug":"aqua-stop-pro","status":"publish","type":"product","link":"https:\/\/www.pauli.de\/sv\/product\/aqua-stop-pro\/","title":{"rendered":"Aqua Stop Pro"},"content":{"rendered":"\n<style type=\"text\/css\" data-created_by=\"avia_inline_auto\" id=\"style-css-av-xtkox-7ddd9beea0a88de3e23107717677f7c4\">\n.flex_column.av-xtkox-7ddd9beea0a88de3e23107717677f7c4{\nborder-radius:0px 0px 0px 0px;\npadding:0px 0px 0px 0px;\n}\n<\/style>\n<div  class='flex_column av-xtkox-7ddd9beea0a88de3e23107717677f7c4 av_one_half  avia-builder-el-0  el_before_av_one_half  avia-builder-el-first  first flex_column_div av-zero-column-padding  '     ><style type=\"text\/css\" data-created_by=\"avia_inline_auto\" id=\"style-css-av-kbsb87rg-0f1684683b4e1d46786032bdd637d4d2\">\n#top .av-special-heading.av-kbsb87rg-0f1684683b4e1d46786032bdd637d4d2{\npadding-bottom:0;\n}\nbody .av-special-heading.av-kbsb87rg-0f1684683b4e1d46786032bdd637d4d2 .av-special-heading-tag .heading-char{\nfont-size:25px;\n}\n.av-special-heading.av-kbsb87rg-0f1684683b4e1d46786032bdd637d4d2 .av-subheading{\nfont-size:15px;\n}\n<\/style>\n<div  class='av-special-heading av-kbsb87rg-0f1684683b4e1d46786032bdd637d4d2 av-special-heading-h2 custom-color-heading blockquote modern-quote  avia-builder-el-1  avia-builder-el-no-sibling  product_detail_heading'><h2 class='av-special-heading-tag '  itemprop=\"headline\"  >Aqua Stop Pro<\/h2><div class=\"special-heading-border\"><div class=\"special-heading-inner-border\"><\/div><\/div><\/div><\/div>\n\n<style type=\"text\/css\" data-created_by=\"avia_inline_auto\" id=\"style-css-av-mff9d-060b0c9c05e60e3d7b7d68c21a717449\">\n.flex_column.av-mff9d-060b0c9c05e60e3d7b7d68c21a717449{\nborder-radius:0px 0px 0px 0px;\npadding:0px 0px 0px 0px;\n}\n<\/style>\n<div  class='flex_column av-mff9d-060b0c9c05e60e3d7b7d68c21a717449 av_one_half  avia-builder-el-2  el_after_av_one_half  el_before_av_section  avia-builder-el-last  flex_column_div av-zero-column-padding  '     ><\/div>\n<\/div><\/div><\/div><!-- close content main div --><\/div><\/div>\n<style type=\"text\/css\" data-created_by=\"avia_inline_auto\" id=\"style-css-av-kbsc128x-e48c5210ae5dee31bbf9e40e734e0225\">\n.avia-section.av-kbsc128x-e48c5210ae5dee31bbf9e40e734e0225{\nmargin-top:-50px;\nmargin-bottom:0;\n}\n<\/style>\n<div id='av_section_1'  class='avia-section av-kbsc128x-e48c5210ae5dee31bbf9e40e734e0225 main_color avia-section-default avia-no-border-styling  avia-builder-el-3  el_after_av_one_half  el_before_av_section  avia-bg-style-scroll container_wrap fullsize'  ><div class='container av-section-cont-open' ><div class='template-page content  av-content-full alpha units'><div class='post-entry post-entry-type-page post-entry-55290'><div class='entry-content-wrapper clearfix'>\n<div class='flex_column_table av-kbsbzifr-f67e0bf1476efec51c052d5f4936347c sc-av_one_half av-equal-height-column-flextable'>\n<style type=\"text\/css\" data-created_by=\"avia_inline_auto\" id=\"style-css-av-kbsbzifr-f67e0bf1476efec51c052d5f4936347c\">\n#top .flex_column_table.av-equal-height-column-flextable.av-kbsbzifr-f67e0bf1476efec51c052d5f4936347c{\nmargin-top:0px;\nmargin-bottom:0px;\n}\n.flex_column.av-kbsbzifr-f67e0bf1476efec51c052d5f4936347c{\nborder-radius:0px 0px 0px 0px;\npadding:0px 0px 0px 0px;\n}\n<\/style>\n<div  class='flex_column av-kbsbzifr-f67e0bf1476efec51c052d5f4936347c av_one_half  avia-builder-el-4  el_before_av_one_half  avia-builder-el-first  first no_margin flex_column_table_cell av-equal-height-column av-align-middle av-zero-column-padding  '     ><style type=\"text\/css\" data-created_by=\"avia_inline_auto\" id=\"style-css-av-kbsbq6or-d546eecc51ed2f3ce13f18bfae91e4b8\">\n.avia-image-container.av-kbsbq6or-d546eecc51ed2f3ce13f18bfae91e4b8 img.avia_image{\nbox-shadow:none;\n}\n.avia-image-container.av-kbsbq6or-d546eecc51ed2f3ce13f18bfae91e4b8 .av-image-caption-overlay-center{\ncolor:#ffffff;\n}\n<\/style>\n<div  class='avia-image-container av-kbsbq6or-d546eecc51ed2f3ce13f18bfae91e4b8 av-styling-no-styling avia_animated_image av-animated-when-visible-95 fade-in avia-align-center  avia-builder-el-5  avia-builder-el-no-sibling '   itemprop=\"image\" itemscope=\"itemscope\" itemtype=\"https:\/\/schema.org\/ImageObject\" ><div class=\"avia-image-container-inner\"><div class=\"avia-image-overlay-wrap\"><img decoding=\"async\" fetchpriority=\"high\" class='wp-image-43464 avia-img-lazy-loading-not-43464 avia_image ' src=\"https:\/\/www.pauli.de\/wp-content\/uploads\/2023\/05\/Aqua-Stop-Pro_perspektivisch_q2.jpg\" alt='' title='Aqua-Stop-Pro_perspektivisch_q2'  height=\"2560\" width=\"2560\"  itemprop=\"thumbnailUrl\" srcset=\"https:\/\/www.pauli.de\/wp-content\/uploads\/2023\/05\/Aqua-Stop-Pro_perspektivisch_q2.jpg 2560w, https:\/\/www.pauli.de\/wp-content\/uploads\/2023\/05\/Aqua-Stop-Pro_perspektivisch_q2-500x500.jpg 500w, https:\/\/www.pauli.de\/wp-content\/uploads\/2023\/05\/Aqua-Stop-Pro_perspektivisch_q2-1200x1200.jpg 1200w, https:\/\/www.pauli.de\/wp-content\/uploads\/2023\/05\/Aqua-Stop-Pro_perspektivisch_q2-150x150.jpg 150w, https:\/\/www.pauli.de\/wp-content\/uploads\/2023\/05\/Aqua-Stop-Pro_perspektivisch_q2-768x768.jpg 768w, https:\/\/www.pauli.de\/wp-content\/uploads\/2023\/05\/Aqua-Stop-Pro_perspektivisch_q2-1536x1536.jpg 1536w, https:\/\/www.pauli.de\/wp-content\/uploads\/2023\/05\/Aqua-Stop-Pro_perspektivisch_q2-2048x2048.jpg 2048w, https:\/\/www.pauli.de\/wp-content\/uploads\/2023\/05\/Aqua-Stop-Pro_perspektivisch_q2-36x36.jpg 36w, https:\/\/www.pauli.de\/wp-content\/uploads\/2023\/05\/Aqua-Stop-Pro_perspektivisch_q2-180x180.jpg 180w, https:\/\/www.pauli.de\/wp-content\/uploads\/2023\/05\/Aqua-Stop-Pro_perspektivisch_q2-1500x1500.jpg 1500w, https:\/\/www.pauli.de\/wp-content\/uploads\/2023\/05\/Aqua-Stop-Pro_perspektivisch_q2-705x705.jpg 705w\" sizes=\"(max-width: 2560px) 100vw, 2560px\" \/><\/div><\/div><\/div><\/div>\n<style type=\"text\/css\" data-created_by=\"avia_inline_auto\" id=\"style-css-av-kbsbztsr-c88aaa68598f8478e63b73d195a92995\">\n#top .flex_column_table.av-equal-height-column-flextable.av-kbsbztsr-c88aaa68598f8478e63b73d195a92995{\nmargin-top:0px;\nmargin-bottom:0px;\n}\n.flex_column.av-kbsbztsr-c88aaa68598f8478e63b73d195a92995{\nborder-radius:0px 0px 0px 0px;\npadding:30px 30px 30px 30px;\nbackground-color:#f6f6f6;\n}\n<\/style>\n<div  class='flex_column av-kbsbztsr-c88aaa68598f8478e63b73d195a92995 av_one_half  avia-builder-el-6  el_after_av_one_half  avia-builder-el-last  no_margin flex_column_table_cell av-equal-height-column av-align-middle  '     ><p>\n<style type=\"text\/css\" data-created_by=\"avia_inline_auto\" id=\"style-css-av-kbsch1pk-ecdb97b1575ad4fef797b902a4e69006\">\n#top .av-special-heading.av-kbsch1pk-ecdb97b1575ad4fef797b902a4e69006{\npadding-bottom:30px;\n}\nbody .av-special-heading.av-kbsch1pk-ecdb97b1575ad4fef797b902a4e69006 .av-special-heading-tag .heading-char{\nfont-size:25px;\n}\n.av-special-heading.av-kbsch1pk-ecdb97b1575ad4fef797b902a4e69006 .av-subheading{\nfont-size:15px;\n}\n<\/style>\n<div  class='av-special-heading av-kbsch1pk-ecdb97b1575ad4fef797b902a4e69006 av-special-heading-h2 blockquote modern-quote  avia-builder-el-7  el_before_av_table  avia-builder-el-first '><h2 class='av-special-heading-tag '  itemprop=\"headline\"  >Aqua Stop Pro<\/h2><div class='av-subheading av-subheading_below'><p>plugg 8x50mm<\/p>\n<\/div><div class=\"special-heading-border\"><div class=\"special-heading-inner-border\"><\/div><\/div><\/div><br \/>\n<div class='avia-data-table-wrap av-4b3kawx-7afc1115d2fe4b7401d69cff438feeb6 avia_responsive_table avia-table-1'><table  class='avia-table avia-data-table avia_pricing_default  avia-builder-el-8  el_after_av_heading  el_before_av_heading '  itemscope=\"itemscope\" itemtype=\"https:\/\/schema.org\/Table\" ><tbody><tr class='avia-heading-row'><th class=''>article no.<\/th><th class=''>description<\/th><th class=''>pu\/ pieces<\/th><\/tr><tr class=''><td class=''>D\u00dcBEL8X50MMAQUA-60<\/td><td class=''>dowel 8&#215;50 Aqua Stop Pro<\/td><td class=''>1\/60<\/td><\/tr><\/tbody><\/table><\/div><style type='text\/css'>.avia-table-1 td:nth-of-type(1):before { content: 'article no.'; } .avia-table-1 td:nth-of-type(2):before { content: 'description'; } .avia-table-1 td:nth-of-type(3):before { content: 'pu\/ pieces'; } <\/style><br \/>\n\n<style type=\"text\/css\" data-created_by=\"avia_inline_auto\" id=\"style-css-av-lp2it6hy-32ca19a3976f64a8e2f828d9f3e42177\">\n#top .av-special-heading.av-lp2it6hy-32ca19a3976f64a8e2f828d9f3e42177{\npadding-bottom:30px;\n}\nbody .av-special-heading.av-lp2it6hy-32ca19a3976f64a8e2f828d9f3e42177 .av-special-heading-tag .heading-char{\nfont-size:25px;\n}\n.av-special-heading.av-lp2it6hy-32ca19a3976f64a8e2f828d9f3e42177 .av-subheading{\nfont-size:15px;\n}\n<\/style>\n<div  class='av-special-heading av-lp2it6hy-32ca19a3976f64a8e2f828d9f3e42177 av-special-heading-h2 blockquote modern-quote  avia-builder-el-9  el_after_av_table  el_before_av_downloads '><h2 class='av-special-heading-tag '  itemprop=\"headline\"  >broschyr<\/h2><div class=\"special-heading-border\"><div class=\"special-heading-inner-border\"><\/div><\/div><\/div><br \/>\n<ul class=\"download_list\"><li><article><a target=\"_blank\" href=\"https:\/\/www.pauli.de\/sv\/download\/duschen\/aqua-stop-duebel\/\"><img alt='' src='https:\/\/www.pauli.de\/wp-content\/uploads\/2023\/11\/Produktinfo-Duebel.png' \/><\/a><div><h1 class=\"av-special-heading-tag\"><a target=\"_blank\" href=\"https:\/\/www.pauli.de\/sv\/download\/duschen\/aqua-stop-duebel\/\">Aqua Stop Pro dowel<span class=\"av-icon-char download-icon\" aria-hidden=\"true\" data-av_icon=\"\ue82d\" data-av_iconfont=\"entypo-fontello\"><\/span><\/a><\/h1><p>AQUA STOP PRO sealing dowel and screw<\/p><\/div><\/article><\/li><\/ul><\/p><\/div><\/div><!--close column table wrapper. Autoclose: 1 --><\/div><\/div><\/div><!-- close content main div --><\/div><\/div>\n<style type=\"text\/css\" data-created_by=\"avia_inline_auto\" id=\"style-css-av-4ryfftt-f046ac6f6922469693700657993ad2e2\">\n.avia-section.av-4ryfftt-f046ac6f6922469693700657993ad2e2{\nmargin-top:-50px;\nmargin-bottom:0;\n}\n<\/style>\n<div id='av_section_2'  class='avia-section av-4ryfftt-f046ac6f6922469693700657993ad2e2 main_color avia-section-default avia-no-border-styling  avia-builder-el-11  el_after_av_section  el_before_av_section  avia-bg-style-scroll container_wrap fullsize'  ><div class='container av-section-cont-open' ><div class='template-page content  av-content-full alpha units'><div class='post-entry post-entry-type-page post-entry-55290'><div class='entry-content-wrapper clearfix'>\n<div class='flex_column_table av-4fab9a9-4314a8a2c8c577703cbe1c527e3a2e56 sc-av_one_full av-equal-height-column-flextable'>\n<style type=\"text\/css\" data-created_by=\"avia_inline_auto\" id=\"style-css-av-4fab9a9-4314a8a2c8c577703cbe1c527e3a2e56\">\n#top .flex_column_table.av-equal-height-column-flextable.av-4fab9a9-4314a8a2c8c577703cbe1c527e3a2e56{\nmargin-top:0px;\nmargin-bottom:0px;\n}\n.flex_column.av-4fab9a9-4314a8a2c8c577703cbe1c527e3a2e56{\nborder-radius:0px 0px 0px 0px;\npadding:0px 0px 0px 0px;\n}\n<\/style>\n<div  class='flex_column av-4fab9a9-4314a8a2c8c577703cbe1c527e3a2e56 av_one_full  avia-builder-el-12  el_before_av_one_third  avia-builder-el-first  first no_margin flex_column_table_cell av-equal-height-column av-align-middle av-zero-column-padding  '     ><style type=\"text\/css\" data-created_by=\"avia_inline_auto\" id=\"style-css-av-lp8239t9-7942de81c490068cc7d03b5ffe4d0815\">\nbody .av-special-heading.av-lp8239t9-7942de81c490068cc7d03b5ffe4d0815 .av-special-heading-tag .heading-char{\nfont-size:25px;\n}\n.av-special-heading.av-lp8239t9-7942de81c490068cc7d03b5ffe4d0815 .av-subheading{\nfont-size:15px;\n}\n<\/style>\n<div  class='av-special-heading av-lp8239t9-7942de81c490068cc7d03b5ffe4d0815 av-special-heading-h2 blockquote modern-quote  avia-builder-el-13  avia-builder-el-no-sibling '><h2 class='av-special-heading-tag '  itemprop=\"headline\"  >Till\u00e4mpning<\/h2><div class='av-subheading av-subheading_below'><p>plugg 8x50mm<\/p>\n<\/div><div class=\"special-heading-border\"><div class=\"special-heading-inner-border\"><\/div><\/div><\/div><\/div><\/div><!--close column table wrapper. Autoclose: 1 --><div  class='flex_column av-42qf94x-a6793c50daf8835dbe492eb2361fa53b av_one_third  avia-builder-el-14  el_after_av_one_full  el_before_av_one_third  first flex_column_div  column-top-margin'     ><style type=\"text\/css\" data-created_by=\"avia_inline_auto\" id=\"style-css-av-lp8264ho-15299641e300df154cebb15502dadfd0\">\n.avia-image-container.av-lp8264ho-15299641e300df154cebb15502dadfd0 img.avia_image{\nbox-shadow:none;\n}\n.avia-image-container.av-lp8264ho-15299641e300df154cebb15502dadfd0 .av-image-caption-overlay-center{\ncolor:#ffffff;\n}\n<\/style>\n<div  class='avia-image-container av-lp8264ho-15299641e300df154cebb15502dadfd0 av-styling-no-styling avia_animated_image av-animated-when-visible-95 fade-in avia-align-center  avia-builder-el-15  avia-builder-el-no-sibling '   itemprop=\"image\" itemscope=\"itemscope\" itemtype=\"https:\/\/schema.org\/ImageObject\" ><div class=\"avia-image-container-inner\"><div class=\"avia-image-overlay-wrap\"><img decoding=\"async\" fetchpriority=\"high\" class='wp-image-52581 avia-img-lazy-loading-not-52581 avia_image ' src=\"https:\/\/www.pauli.de\/wp-content\/uploads\/2023\/11\/8900_GW-torx3_B1.jpg\" alt='' title='8900_GW torx3_B1'  height=\"1772\" width=\"2362\"  itemprop=\"thumbnailUrl\" srcset=\"https:\/\/www.pauli.de\/wp-content\/uploads\/2023\/11\/8900_GW-torx3_B1.jpg 2362w, https:\/\/www.pauli.de\/wp-content\/uploads\/2023\/11\/8900_GW-torx3_B1-500x375.jpg 500w, https:\/\/www.pauli.de\/wp-content\/uploads\/2023\/11\/8900_GW-torx3_B1-1200x900.jpg 1200w, https:\/\/www.pauli.de\/wp-content\/uploads\/2023\/11\/8900_GW-torx3_B1-768x576.jpg 768w, https:\/\/www.pauli.de\/wp-content\/uploads\/2023\/11\/8900_GW-torx3_B1-1536x1152.jpg 1536w, https:\/\/www.pauli.de\/wp-content\/uploads\/2023\/11\/8900_GW-torx3_B1-2048x1536.jpg 2048w, https:\/\/www.pauli.de\/wp-content\/uploads\/2023\/11\/8900_GW-torx3_B1-1500x1125.jpg 1500w, https:\/\/www.pauli.de\/wp-content\/uploads\/2023\/11\/8900_GW-torx3_B1-705x529.jpg 705w\" sizes=\"(max-width: 2362px) 100vw, 2362px\" \/><\/div><\/div><\/div><\/div><div  class='flex_column av-3btouqp-d346cbf6b4af95492cb1a8eb60b3be2e av_one_third  avia-builder-el-16  el_after_av_one_third  el_before_av_one_third  flex_column_div  column-top-margin'     ><style type=\"text\/css\" data-created_by=\"avia_inline_auto\" id=\"style-css-av-lp826jlc-3d6e777211971eb727b5d554d1625285\">\n.avia-image-container.av-lp826jlc-3d6e777211971eb727b5d554d1625285 img.avia_image{\nbox-shadow:none;\n}\n.avia-image-container.av-lp826jlc-3d6e777211971eb727b5d554d1625285 .av-image-caption-overlay-center{\ncolor:#ffffff;\n}\n<\/style>\n<div  class='avia-image-container av-lp826jlc-3d6e777211971eb727b5d554d1625285 av-styling-no-styling avia_animated_image av-animated-when-visible-95 fade-in avia-align-center  avia-builder-el-17  avia-builder-el-no-sibling '   itemprop=\"image\" itemscope=\"itemscope\" itemtype=\"https:\/\/schema.org\/ImageObject\" ><div class=\"avia-image-container-inner\"><div class=\"avia-image-overlay-wrap\"><img decoding=\"async\" fetchpriority=\"high\" class='wp-image-52585 avia-img-lazy-loading-not-52585 avia_image ' src=\"https:\/\/www.pauli.de\/wp-content\/uploads\/2023\/11\/8900_GW-torx3_B2.jpg\" alt='' title='8900_GW torx3_B2'  height=\"1772\" width=\"2362\"  itemprop=\"thumbnailUrl\" srcset=\"https:\/\/www.pauli.de\/wp-content\/uploads\/2023\/11\/8900_GW-torx3_B2.jpg 2362w, https:\/\/www.pauli.de\/wp-content\/uploads\/2023\/11\/8900_GW-torx3_B2-500x375.jpg 500w, https:\/\/www.pauli.de\/wp-content\/uploads\/2023\/11\/8900_GW-torx3_B2-1200x900.jpg 1200w, https:\/\/www.pauli.de\/wp-content\/uploads\/2023\/11\/8900_GW-torx3_B2-768x576.jpg 768w, https:\/\/www.pauli.de\/wp-content\/uploads\/2023\/11\/8900_GW-torx3_B2-1536x1152.jpg 1536w, https:\/\/www.pauli.de\/wp-content\/uploads\/2023\/11\/8900_GW-torx3_B2-2048x1536.jpg 2048w, https:\/\/www.pauli.de\/wp-content\/uploads\/2023\/11\/8900_GW-torx3_B2-1500x1125.jpg 1500w, https:\/\/www.pauli.de\/wp-content\/uploads\/2023\/11\/8900_GW-torx3_B2-705x529.jpg 705w\" sizes=\"(max-width: 2362px) 100vw, 2362px\" \/><\/div><\/div><\/div><\/div><div  class='flex_column av-2vnamsh-3331ccc81c1b24527e465a59010cf8e4 av_one_third  avia-builder-el-18  el_after_av_one_third  avia-builder-el-last  flex_column_div  column-top-margin'     ><style type=\"text\/css\" data-created_by=\"avia_inline_auto\" id=\"style-css-av-lp826y49-bb0f6242f3f98627558a655dc17e33ac\">\n.avia-image-container.av-lp826y49-bb0f6242f3f98627558a655dc17e33ac img.avia_image{\nbox-shadow:none;\n}\n.avia-image-container.av-lp826y49-bb0f6242f3f98627558a655dc17e33ac .av-image-caption-overlay-center{\ncolor:#ffffff;\n}\n<\/style>\n<div  class='avia-image-container av-lp826y49-bb0f6242f3f98627558a655dc17e33ac av-styling-no-styling avia_animated_image av-animated-when-visible-95 fade-in avia-align-center  avia-builder-el-19  avia-builder-el-no-sibling '   itemprop=\"image\" itemscope=\"itemscope\" itemtype=\"https:\/\/schema.org\/ImageObject\" ><div class=\"avia-image-container-inner\"><div class=\"avia-image-overlay-wrap\"><img decoding=\"async\" fetchpriority=\"high\" class='wp-image-52589 avia-img-lazy-loading-not-52589 avia_image ' src=\"https:\/\/www.pauli.de\/wp-content\/uploads\/2023\/11\/8900_GW-torx3_B3.jpg\" alt='' title='8900_GW torx3_B3'  height=\"1772\" width=\"2362\"  itemprop=\"thumbnailUrl\" srcset=\"https:\/\/www.pauli.de\/wp-content\/uploads\/2023\/11\/8900_GW-torx3_B3.jpg 2362w, https:\/\/www.pauli.de\/wp-content\/uploads\/2023\/11\/8900_GW-torx3_B3-500x375.jpg 500w, https:\/\/www.pauli.de\/wp-content\/uploads\/2023\/11\/8900_GW-torx3_B3-1200x900.jpg 1200w, https:\/\/www.pauli.de\/wp-content\/uploads\/2023\/11\/8900_GW-torx3_B3-768x576.jpg 768w, https:\/\/www.pauli.de\/wp-content\/uploads\/2023\/11\/8900_GW-torx3_B3-1536x1152.jpg 1536w, https:\/\/www.pauli.de\/wp-content\/uploads\/2023\/11\/8900_GW-torx3_B3-2048x1536.jpg 2048w, https:\/\/www.pauli.de\/wp-content\/uploads\/2023\/11\/8900_GW-torx3_B3-1500x1125.jpg 1500w, https:\/\/www.pauli.de\/wp-content\/uploads\/2023\/11\/8900_GW-torx3_B3-705x529.jpg 705w\" sizes=\"(max-width: 2362px) 100vw, 2362px\" \/><\/div><\/div><\/div><\/div><\/div><\/div><\/div><!-- close content main div --><\/div><\/div>\n<style type=\"text\/css\" data-created_by=\"avia_inline_auto\" id=\"style-css-av-8r9yap-ed22b322bb985cd1dde9ce4dedf29b6f\">\n.avia-section.av-8r9yap-ed22b322bb985cd1dde9ce4dedf29b6f{\nmargin-top:-50px;\nmargin-bottom:0;\n}\n<\/style>\n<div id='av_section_3'  class='avia-section av-8r9yap-ed22b322bb985cd1dde9ce4dedf29b6f main_color avia-section-default avia-no-border-styling  avia-builder-el-20  el_after_av_section  avia-builder-el-last  avia-bg-style-scroll container_wrap fullsize'  ><div class='container av-section-cont-open' ><div class='template-page content  av-content-full alpha units'><div class='post-entry post-entry-type-page post-entry-55290'><div class='entry-content-wrapper clearfix'>\n<div class='flex_column_table av-7f64m9-8e04839041a473254e02cac3cdf95b82 sc-av_one_full av-equal-height-column-flextable'>\n<style type=\"text\/css\" data-created_by=\"avia_inline_auto\" id=\"style-css-av-7f64m9-8e04839041a473254e02cac3cdf95b82\">\n#top .flex_column_table.av-equal-height-column-flextable.av-7f64m9-8e04839041a473254e02cac3cdf95b82{\nmargin-top:0px;\nmargin-bottom:0px;\n}\n.flex_column.av-7f64m9-8e04839041a473254e02cac3cdf95b82{\nborder-radius:0px 0px 0px 0px;\npadding:0px 0px 0px 0px;\n}\n<\/style>\n<div  class='flex_column av-7f64m9-8e04839041a473254e02cac3cdf95b82 av_one_full  avia-builder-el-21  el_before_av_one_third  avia-builder-el-first  first no_margin flex_column_table_cell av-equal-height-column av-align-middle av-zero-column-padding  '     ><style type=\"text\/css\" data-created_by=\"avia_inline_auto\" id=\"style-css-av-lp82cm9n-fe891bd0000d3f3f51987c44b5a89f96\">\nbody .av-special-heading.av-lp82cm9n-fe891bd0000d3f3f51987c44b5a89f96 .av-special-heading-tag .heading-char{\nfont-size:25px;\n}\n.av-special-heading.av-lp82cm9n-fe891bd0000d3f3f51987c44b5a89f96 .av-subheading{\nfont-size:15px;\n}\n<\/style>\n<div  class='av-special-heading av-lp82cm9n-fe891bd0000d3f3f51987c44b5a89f96 av-special-heading-h2 blockquote modern-quote  avia-builder-el-22  avia-builder-el-no-sibling '><h2 class='av-special-heading-tag '  itemprop=\"headline\"  >skruvar<\/h2><div class=\"special-heading-border\"><div class=\"special-heading-inner-border\"><\/div><\/div><\/div><\/div><\/div><!--close column table wrapper. Autoclose: 1 --><div  class='flex_column av-5qqmpt-4f8179cc4521a9ca557db467113909fd av_one_third  avia-builder-el-23  el_after_av_one_full  el_before_av_one_third  first flex_column_div  column-top-margin'     ><a href=\"https:\/\/www.pauli.de\/?post_type=product&#038;p=52185\" class=\"pauli-product-prev\">\n    <div class=\"product-image\">\n        <img decoding=\"async\" src=\"https:\/\/www.pauli.de\/wp-content\/uploads\/2023\/11\/torx_M6_frontal.png\" alt=\"\">\n    <\/div>\n    <div class=\"product-title\">\n        <h3>Torx-Schraube<\/h3>\n    <\/div>\n<\/a><\/div><div  class='flex_column av-17xa31d-1700e24479a69b76a16455b73201ef23 av_one_third  avia-builder-el-25  el_after_av_one_third  el_before_av_one_third  flex_column_div  column-top-margin'     ><section  class='av_textblock_section av-lp82k7ba-4b1158aa6818e70b6ab38dee3414a32b '   itemscope=\"itemscope\" itemtype=\"https:\/\/schema.org\/CreativeWork\" ><div class='avia_textblock'  itemprop=\"text\" ><div class=\"page\" title=\"Page 5\">\n<div class=\"section\">\n<div class=\"layoutArea\">\n<div class=\"column\">\n<p>Pluggen fr\u00e5n TOX i kombination med v\u00e5r skruv erbjuder ett testat system och \u00e4r kompatibel med n\u00e4stan alla v\u00e5ra beslag och m\u00e5nga v\u00e4ggmaterial. Skruven f\u00e5r inte vara g\u00e4ngad n\u00e4ra huvudet. En skruv med kontinuerlig g\u00e4nga skulle sk\u00e4ra av t\u00e4tningsytorna i det \u00f6vre omr\u00e5det. Det f\u00f6rst\u00e4rkta skaftet kr\u00e4vs f\u00f6r t\u00e4tning. Andra skruvkombinationer \u00e4r inte till\u00e5tna.<\/p>\n<\/div>\n<\/div>\n<\/div>\n<\/div>\n<\/div><\/section><\/div><div  class='flex_column av-o2amo1-de14b4a7a6a887117ab8af39c378e534 av_one_third  avia-builder-el-27  el_after_av_one_third  avia-builder-el-last  flex_column_div  column-top-margin'     ><style type=\"text\/css\" data-created_by=\"avia_inline_auto\" id=\"style-css-av-lp82o0y4-8fc6e4387d42e9a3d59b8d4936496888\">\n.avia-image-container.av-lp82o0y4-8fc6e4387d42e9a3d59b8d4936496888 img.avia_image{\nbox-shadow:none;\n}\n.avia-image-container.av-lp82o0y4-8fc6e4387d42e9a3d59b8d4936496888 .av-image-caption-overlay-center{\ncolor:#ffffff;\n}\n<\/style>\n<div  class='avia-image-container av-lp82o0y4-8fc6e4387d42e9a3d59b8d4936496888 av-styling-no-styling avia_animated_image av-animated-when-visible-95 fade-in avia-align-center  avia-builder-el-28  avia-builder-el-no-sibling '   itemprop=\"image\" itemscope=\"itemscope\" itemtype=\"https:\/\/schema.org\/ImageObject\" ><div class=\"avia-image-container-inner\"><div class=\"avia-image-overlay-wrap\"><img decoding=\"async\" fetchpriority=\"high\" class='wp-image-52593 avia-img-lazy-loading-not-52593 avia_image ' src=\"https:\/\/www.pauli.de\/wp-content\/uploads\/2023\/11\/8900_GWschnitt_A.jpg\" alt='' title='8900_GWschnitt_A'  height=\"1772\" width=\"2362\"  itemprop=\"thumbnailUrl\" srcset=\"https:\/\/www.pauli.de\/wp-content\/uploads\/2023\/11\/8900_GWschnitt_A.jpg 2362w, https:\/\/www.pauli.de\/wp-content\/uploads\/2023\/11\/8900_GWschnitt_A-500x375.jpg 500w, https:\/\/www.pauli.de\/wp-content\/uploads\/2023\/11\/8900_GWschnitt_A-1200x900.jpg 1200w, https:\/\/www.pauli.de\/wp-content\/uploads\/2023\/11\/8900_GWschnitt_A-768x576.jpg 768w, https:\/\/www.pauli.de\/wp-content\/uploads\/2023\/11\/8900_GWschnitt_A-1536x1152.jpg 1536w, https:\/\/www.pauli.de\/wp-content\/uploads\/2023\/11\/8900_GWschnitt_A-2048x1536.jpg 2048w, https:\/\/www.pauli.de\/wp-content\/uploads\/2023\/11\/8900_GWschnitt_A-1500x1125.jpg 1500w, https:\/\/www.pauli.de\/wp-content\/uploads\/2023\/11\/8900_GWschnitt_A-705x529.jpg 705w\" sizes=\"(max-width: 2362px) 100vw, 2362px\" \/><\/div><\/div><\/div><\/div><\/p>\n","protected":false},"excerpt":{"rendered":"","protected":false},"featured_media":77824,"parent":0,"menu_order":0,"template":"","meta":{"_acf_changed":false,"footnotes":""},"product_categories":[500,501],"class_list":["post-55290","product","type-product","status-publish","has-post-thumbnail","hentry","product_categories-sonstiges-sv","product_categories-schrauben-sv"],"acf":[],"ACF":{"color":""},"_links":{"self":[{"href":"https:\/\/www.pauli.de\/sv\/wp-json\/wp\/v2\/product\/55290","targetHints":{"allow":["GET"]}}],"collection":[{"href":"https:\/\/www.pauli.de\/sv\/wp-json\/wp\/v2\/product"}],"about":[{"href":"https:\/\/www.pauli.de\/sv\/wp-json\/wp\/v2\/types\/product"}],"version-history":[{"count":2,"href":"https:\/\/www.pauli.de\/sv\/wp-json\/wp\/v2\/product\/55290\/revisions"}],"predecessor-version":[{"id":69602,"href":"https:\/\/www.pauli.de\/sv\/wp-json\/wp\/v2\/product\/55290\/revisions\/69602"}],"wp:featuredmedia":[{"embeddable":true,"href":"https:\/\/www.pauli.de\/sv\/wp-json\/wp\/v2\/media\/77824"}],"wp:attachment":[{"href":"https:\/\/www.pauli.de\/sv\/wp-json\/wp\/v2\/media?parent=55290"}],"wp:term":[{"taxonomy":"product_categories","embeddable":true,"href":"https:\/\/www.pauli.de\/sv\/wp-json\/wp\/v2\/product_categories?post=55290"}],"curies":[{"name":"wp","href":"https:\/\/api.w.org\/{rel}","templated":true}]}}