{"id":45547,"date":"2023-06-06T11:53:16","date_gmt":"2023-06-06T09:53:16","guid":{"rendered":"https:\/\/www.pauli.de\/product\/bodeneinspannprofil\/"},"modified":"2025-01-23T09:34:07","modified_gmt":"2025-01-23T08:34:07","slug":"bodeneinspannprofil","status":"publish","type":"product","link":"https:\/\/www.pauli.de\/sv\/product\/bodeneinspannprofil\/","title":{"rendered":"floor clamping profile"},"content":{"rendered":"\n<style type=\"text\/css\" data-created_by=\"avia_inline_auto\" id=\"style-css-av-xtkox-7ddd9beea0a88de3e23107717677f7c4\">\n.flex_column.av-xtkox-7ddd9beea0a88de3e23107717677f7c4{\nborder-radius:0px 0px 0px 0px;\npadding:0px 0px 0px 0px;\n}\n<\/style>\n<div  class='flex_column av-xtkox-7ddd9beea0a88de3e23107717677f7c4 av_two_third  avia-builder-el-0  el_before_av_one_third  avia-builder-el-first  first flex_column_div av-zero-column-padding  '     ><style type=\"text\/css\" data-created_by=\"avia_inline_auto\" id=\"style-css-av-kaqubs4i-a097dbb77c2f884aae1c67c060235ee0\">\n#top .av-special-heading.av-kaqubs4i-a097dbb77c2f884aae1c67c060235ee0{\npadding-bottom:0;\n}\nbody .av-special-heading.av-kaqubs4i-a097dbb77c2f884aae1c67c060235ee0 .av-special-heading-tag .heading-char{\nfont-size:25px;\n}\n.av-special-heading.av-kaqubs4i-a097dbb77c2f884aae1c67c060235ee0 .av-subheading{\nfont-size:15px;\n}\n<\/style>\n<div  class='av-special-heading av-kaqubs4i-a097dbb77c2f884aae1c67c060235ee0 av-special-heading-h2 custom-color-heading blockquote modern-quote  avia-builder-el-1  avia-builder-el-no-sibling  product_detail_heading'><h2 class='av-special-heading-tag '  itemprop=\"headline\"  >systemprofiler\/helglasr\u00e4cken<\/h2><div class=\"special-heading-border\"><div class=\"special-heading-inner-border\"><\/div><\/div><\/div><\/div>\n<style type=\"text\/css\" data-created_by=\"avia_inline_auto\" id=\"style-css-av-mff9d-060b0c9c05e60e3d7b7d68c21a717449\">\n.flex_column.av-mff9d-060b0c9c05e60e3d7b7d68c21a717449{\nborder-radius:0px 0px 0px 0px;\npadding:0px 0px 0px 0px;\n}\n<\/style>\n<div  class='flex_column av-mff9d-060b0c9c05e60e3d7b7d68c21a717449 av_one_third  avia-builder-el-2  el_after_av_two_third  el_before_av_tab_section  avia-builder-el-last  flex_column_div av-zero-column-padding  '     ><p><div  class='avia-button-wrap av-kanqus2y-bd992e9d56cb811faac1554a94cc1227-wrap avia-button-right  avia-builder-el-3  el_before_av_button  avia-builder-el-first '><a href='https:\/\/www.pauli.de\/duschtuerbaender\/'  class='avia-button av-kanqus2y-bd992e9d56cb811faac1554a94cc1227 av-link-btn avia-icon_select-yes-right-icon avia-size-medium avia-position-right av-small-hide av-mini-hide avia-color-theme-color-subtle'   aria-label=\"back\"><span class='avia_iconbox_title' >back<\/span><span class='avia_button_icon avia_button_icon_right avia-iconfont avia-font-entypo-fontello' data-av_icon='\ue879' data-av_iconfont='entypo-fontello' ><\/span><\/a><\/div><br \/>\n<div  class='avia-button-wrap av-kanqus2y-16-4b4195b237d9e10cdfbbdcaf26184343-wrap avia-button-left  avia-builder-el-4  el_after_av_button  avia-builder-el-last '><a href='https:\/\/www.pauli.de\/duschtuerbaender\/'  class='avia-button av-kanqus2y-16-4b4195b237d9e10cdfbbdcaf26184343 av-link-btn avia-icon_select-yes-left-icon avia-size-medium avia-position-left av-desktop-hide av-medium-hide avia-color-theme-color-subtle'   aria-label=\"back\"><span class='avia_button_icon avia_button_icon_left avia-iconfont avia-font-entypo-fontello' data-av_icon='\ue878' data-av_iconfont='entypo-fontello' ><\/span><span class='avia_iconbox_title' >back<\/span><\/a><\/div><\/p><\/div><\/p>\n\n<style type=\"text\/css\" data-created_by=\"avia_inline_auto\" id=\"style-css-av-kan1jrym-2f1ec0a0f7d254728467fc1985cba4a0\">\n.av-tab-section-outer-container.av-kan1jrym-2f1ec0a0f7d254728467fc1985cba4a0 .av-tab-section-tab-title-container{\nbackground-color:#ffffff;\n}\n<\/style>\n<\/div><\/div><\/div><!-- close content main div --><\/div><\/div><div id='av-tab-section-1'  class='av-tab-section-container entry-content-wrapper main_color av-tab-no-transition   av-tab-below-content  avia-builder-el-5  el_after_av_one_third  el_before_av_one_third  tab-section-not-first container_wrap fullsize'  ><div class='av-tab-section-outer-container av-kan1jrym-2f1ec0a0f7d254728467fc1985cba4a0'><div class='av-tab-section-inner-container avia-section-no-padding' style='width:100vw; left:0%;'><span class=\"av_prev_tab_section av_tab_navigation\"><\/span><span class=\"av_next_tab_section av_tab_navigation\"><\/span>\n\n<style type=\"text\/css\" data-created_by=\"avia_inline_auto\" id=\"style-css-av-kan1lt9n-7c997f3e538d6e6363d152542f596c60\">\n.av-layout-tab.av-kan1lt9n-7c997f3e538d6e6363d152542f596c60{\nvertical-align:middle;\n}\n<\/style>\n<div id='av-tab-section-1-1' class='av-layout-tab av-kan1lt9n-7c997f3e538d6e6363d152542f596c60 av-animation-delay-container  avia-builder-el-6  avia-builder-el-no-sibling  av-active-tab-content __av_init_open ' data-av-deeplink-tabs=\"\" data-av-tab-section-content=\"1\" data-tab-section-id=\"application\"><div class=\"av-layout-tab-inner\"><div class=\"container\">\n<style type=\"text\/css\" data-created_by=\"avia_inline_auto\" id=\"style-css-av-kan1kkez-6741c9f67ff931c61ec342402fdf4a8b\">\n.avia-image-container.av-kan1kkez-6741c9f67ff931c61ec342402fdf4a8b img.avia_image{\nbox-shadow:none;\n}\n.avia-image-container.av-kan1kkez-6741c9f67ff931c61ec342402fdf4a8b .av-image-caption-overlay-center{\ncolor:#ffffff;\n}\n<\/style>\n<div  class='avia-image-container av-kan1kkez-6741c9f67ff931c61ec342402fdf4a8b av-styling-no-styling avia-align-center  avia-builder-el-7  avia-builder-el-no-sibling '   itemprop=\"image\" itemscope=\"itemscope\" itemtype=\"https:\/\/schema.org\/ImageObject\" ><div class=\"avia-image-container-inner\"><div class=\"avia-image-overlay-wrap\"><img decoding=\"async\" fetchpriority=\"high\" class='wp-image-44472 avia-img-lazy-loading-not-44472 avia_image ' src=\"https:\/\/www.pauli.de\/wp-content\/uploads\/2023\/06\/PS_a_1444_12mm-Glas.jpg\" alt='' title='PS_a_1444_12mm-Glas'  height=\"1102\" width=\"2560\"  itemprop=\"thumbnailUrl\" srcset=\"https:\/\/www.pauli.de\/wp-content\/uploads\/2023\/06\/PS_a_1444_12mm-Glas.jpg 2560w, https:\/\/www.pauli.de\/wp-content\/uploads\/2023\/06\/PS_a_1444_12mm-Glas-500x215.jpg 500w, https:\/\/www.pauli.de\/wp-content\/uploads\/2023\/06\/PS_a_1444_12mm-Glas-1200x517.jpg 1200w, https:\/\/www.pauli.de\/wp-content\/uploads\/2023\/06\/PS_a_1444_12mm-Glas-768x331.jpg 768w, https:\/\/www.pauli.de\/wp-content\/uploads\/2023\/06\/PS_a_1444_12mm-Glas-1536x661.jpg 1536w, https:\/\/www.pauli.de\/wp-content\/uploads\/2023\/06\/PS_a_1444_12mm-Glas-2048x882.jpg 2048w, https:\/\/www.pauli.de\/wp-content\/uploads\/2023\/06\/PS_a_1444_12mm-Glas-1500x646.jpg 1500w, https:\/\/www.pauli.de\/wp-content\/uploads\/2023\/06\/PS_a_1444_12mm-Glas-705x303.jpg 705w\" sizes=\"(max-width: 2560px) 100vw, 2560px\" \/><\/div><\/div><\/div>\n<\/div><\/div><\/div>\n<\/div><div class='av-tab-section-tab-title-container avia-tab-title-padding-none' role='tablist'><a href='#application' data-av-tab-section-title='1' class='av-section-tab-title av-active-tab-title no-scroll av-kan1lt9n-7c997f3e538d6e6363d152542f596c60 av-tab-no-icon av-tab-no-image ' role='tab' tabindex='0' aria-controls='av-tab-section-1-1'><span class='av-outer-tab-title'><span class='av-inner-tab-title'>application<\/span><\/span><span class=\"av-tab-arrow-container\"><span><\/span><\/span><\/a><\/div><div class='avia-slideshow-arrows av-tabsection-arrow' ><a href='#prev' class='prev-slide av_prev_tab_section av-tab-section-slide avia-svg-icon avia-font-svg_entypo-fontello' data-av_svg_icon='left-open-big' data-av_iconset='svg_entypo-fontello' tabindex='-1' title=\"F\u00f6reg\u00e5ende\"><svg version=\"1.1\" xmlns=\"http:\/\/www.w3.org\/2000\/svg\" width=\"15\" height=\"32\" viewBox=\"0 0 15 32\" preserveAspectRatio=\"xMidYMid meet\" aria-labelledby='av-svg-title-1' aria-describedby='av-svg-desc-1' role=\"graphics-symbol\" aria-hidden=\"true\">\n<title id='av-svg-title-1'>F\u00f6reg\u00e5ende<\/title>\n<desc id='av-svg-desc-1'>F\u00f6reg\u00e5ende<\/desc>\n<path d=\"M14.464 27.84q0.832 0.832 0 1.536-0.832 0.832-1.536 0l-12.544-12.608q-0.768-0.768 0-1.6l12.544-12.608q0.704-0.832 1.536 0 0.832 0.704 0 1.536l-11.456 11.904z\"><\/path>\n<\/svg><span class='avia_hidden_link_text'>F\u00f6reg\u00e5ende<\/span><\/a><a href='#next' class='next-slide av_next_tab_section av-tab-section-slide avia-svg-icon avia-font-svg_entypo-fontello' data-av_svg_icon='right-open-big' data-av_iconset='svg_entypo-fontello' tabindex='-1' title=\"N\u00e4sta\"><svg version=\"1.1\" xmlns=\"http:\/\/www.w3.org\/2000\/svg\" width=\"15\" height=\"32\" viewBox=\"0 0 15 32\" preserveAspectRatio=\"xMidYMid meet\" aria-labelledby='av-svg-title-2' aria-describedby='av-svg-desc-2' role=\"graphics-symbol\" aria-hidden=\"true\">\n<title id='av-svg-title-2'>N\u00e4sta<\/title>\n<desc id='av-svg-desc-2'>N\u00e4sta<\/desc>\n<path d=\"M0.416 27.84l11.456-11.84-11.456-11.904q-0.832-0.832 0-1.536 0.832-0.832 1.536 0l12.544 12.608q0.768 0.832 0 1.6l-12.544 12.608q-0.704 0.832-1.536 0-0.832-0.704 0-1.536z\"><\/path>\n<\/svg><span class='avia_hidden_link_text'>N\u00e4sta<\/span><\/a><\/div><\/div><\/div><div id='after_tab_section_1'  class='main_color av_default_container_wrap container_wrap fullsize'  ><div class='container av-section-cont-open' ><div class='template-page content  av-content-full alpha units'><div class='post-entry post-entry-type-page post-entry-45547'><div class='entry-content-wrapper clearfix'>\n<div  class='flex_column av-75p9ks3-05d31b2eae13183ca99b90d129d99204 av_one_third  avia-builder-el-8  el_after_av_tab_section  el_before_av_one_third  avia-builder-el-first  first flex_column_div  '     ><style type=\"text\/css\" data-created_by=\"avia_inline_auto\" id=\"style-css-av-kae23e9c-ef48ef5fe74b04caf9e845547c473bb0\">\n.avia-image-container.av-kae23e9c-ef48ef5fe74b04caf9e845547c473bb0 img.avia_image{\nbox-shadow:none;\n}\n.avia-image-container.av-kae23e9c-ef48ef5fe74b04caf9e845547c473bb0 .av-image-caption-overlay-center{\ncolor:#ffffff;\n}\n<\/style>\n<div  class='avia-image-container av-kae23e9c-ef48ef5fe74b04caf9e845547c473bb0 av-styling- avia_animated_image av-animated-when-visible-95 fade-in avia-align-center  avia-builder-el-9  avia-builder-el-no-sibling '   itemprop=\"image\" itemscope=\"itemscope\" itemtype=\"https:\/\/schema.org\/ImageObject\" ><div class=\"avia-image-container-inner\"><div class=\"avia-image-overlay-wrap\"><img decoding=\"async\" fetchpriority=\"high\" class='wp-image-44466 avia-img-lazy-loading-not-44466 avia_image ' src=\"https:\/\/www.pauli.de\/wp-content\/uploads\/2023\/06\/1444-12.jpg\" alt='' title='1444-12'  height=\"1890\" width=\"1890\"  itemprop=\"thumbnailUrl\" srcset=\"https:\/\/www.pauli.de\/wp-content\/uploads\/2023\/06\/1444-12.jpg 1890w, https:\/\/www.pauli.de\/wp-content\/uploads\/2023\/06\/1444-12-500x500.jpg 500w, https:\/\/www.pauli.de\/wp-content\/uploads\/2023\/06\/1444-12-1200x1200.jpg 1200w, https:\/\/www.pauli.de\/wp-content\/uploads\/2023\/06\/1444-12-150x150.jpg 150w, https:\/\/www.pauli.de\/wp-content\/uploads\/2023\/06\/1444-12-768x768.jpg 768w, https:\/\/www.pauli.de\/wp-content\/uploads\/2023\/06\/1444-12-1536x1536.jpg 1536w, https:\/\/www.pauli.de\/wp-content\/uploads\/2023\/06\/1444-12-36x36.jpg 36w, https:\/\/www.pauli.de\/wp-content\/uploads\/2023\/06\/1444-12-180x180.jpg 180w, https:\/\/www.pauli.de\/wp-content\/uploads\/2023\/06\/1444-12-1500x1500.jpg 1500w, https:\/\/www.pauli.de\/wp-content\/uploads\/2023\/06\/1444-12-705x705.jpg 705w\" sizes=\"(max-width: 1890px) 100vw, 1890px\" \/><\/div><\/div><\/div><\/div>\n<div  class='flex_column av-6kkz19v-ad1638141c380495c90f6372af883527 av_one_third  avia-builder-el-10  el_after_av_one_third  el_before_av_one_third  flex_column_div  '     ><p>\n<style type=\"text\/css\" data-created_by=\"avia_inline_auto\" id=\"style-css-av-lik3ajj2-57bc4830665097b34425c46645116522\">\n#top .av-special-heading.av-lik3ajj2-57bc4830665097b34425c46645116522{\npadding-bottom:20px;\n}\nbody .av-special-heading.av-lik3ajj2-57bc4830665097b34425c46645116522 .av-special-heading-tag .heading-char{\nfont-size:25px;\n}\n.av-special-heading.av-lik3ajj2-57bc4830665097b34425c46645116522 .av-subheading{\nfont-size:15px;\n}\n<\/style>\n<div  class='av-special-heading av-lik3ajj2-57bc4830665097b34425c46645116522 av-special-heading-h1 blockquote modern-quote  avia-builder-el-11  el_before_av_textblock  avia-builder-el-first '><h1 class='av-special-heading-tag '  itemprop=\"headline\"  >systemprofil<\/h1><div class='av-subheading av-subheading_below'><p>f\u00f6r 12 mm glas<\/p>\n<\/div><div class=\"special-heading-border\"><div class=\"special-heading-inner-border\"><\/div><\/div><\/div><br \/>\n<section  class='av_textblock_section av-lik48n25-23a86bb0166d8de354b3fef21b8cd25a '   itemscope=\"itemscope\" itemtype=\"https:\/\/schema.org\/CreativeWork\" ><div class='avia_textblock'  itemprop=\"text\" ><ul>\n<li>Golv och takmontering<\/li>\n<li>Kan anv\u00e4ndas som skiljev\u00e4gg, vindskydd eller avsk\u00e4rmning<\/li>\n<\/ul>\n<\/div><\/section><br \/>\n<div class='avia-data-table-wrap av-lx95tf-57eb6e19a9b0d9f163fff5a93dcce161 avia_responsive_table avia-table-1'><table  class='avia-table avia-data-table avia_pricing_default  avia-builder-el-13  el_after_av_textblock  avia-builder-el-last '  itemscope=\"itemscope\" itemtype=\"https:\/\/schema.org\/Table\" ><tbody><tr class='avia-heading-row'><th class=''>article-no<\/th><th class=''>glass thickness<\/th><\/tr><tr class=''><td class=''>1444E123-12-2500<\/td><td class=''>12 mm<\/td><\/tr><tr class=''><td class=''>1444E123-13-2500<\/td><td class=''>12,76 mm<\/td><\/tr><\/tbody><\/table><\/div><style type='text\/css'>.avia-table-1 td:nth-of-type(1):before { content: 'article-no'; } .avia-table-1 td:nth-of-type(2):before { content: 'glass thickness'; } <\/style><\/p><\/div>\n<style type=\"text\/css\" data-created_by=\"avia_inline_auto\" id=\"style-css-av-5vgs9-6fd233255ace3d31b8233496849d9592\">\n.flex_column.av-5vgs9-6fd233255ace3d31b8233496849d9592{\nborder-radius:0px 0px 0px 0px;\npadding:0px 0px 0px 0px;\n}\n<\/style>\n<div  class='flex_column av-5vgs9-6fd233255ace3d31b8233496849d9592 av_one_third  avia-builder-el-14  el_after_av_one_third  el_before_av_one_third  product_box flex_column_div av-zero-column-padding  '     ><section  class='av_textblock_section av-lik3df4i-b97eff9b278ff4384ce52cc4e1c4060f '   itemscope=\"itemscope\" itemtype=\"https:\/\/schema.org\/CreativeWork\" ><div class='avia_textblock'  itemprop=\"text\" ><ul>\n<li>Helt\u00a0inf\u00e4llbar i golvkonstruktionen f\u00f6r maximal transparens\u00a0av\u00a0skiljev\u00e4ggar<b>.<\/b><\/li>\n<li>Linj\u00e4rt st\u00f6dd<\/li>\n<li>Glaset\u00a0riktas in med hj\u00e4lp av justerbara\u00a0tryckst\u00e4nger<\/li>\n<li>Enkel montering<\/li>\n<li>Glastjocklek: 12\/12,76 mm<b>.<\/b><\/li>\n<li>Matchande\u00a0\u00e4ndlockssatser finns tillg\u00e4ngliga (1444-11E123-12)<b>.<\/b><\/li>\n<li>Ytfinish: E123 &#8211; optik i rostfritt st\u00e5l<b>.<\/b><\/li>\n<li>Kan\u00a0enkelt\u00a0anv\u00e4ndas utomhus tack vare ett\u00a0l\u00e5ngvarigt\u00a0anodiserat skyddsskikt<\/li>\n<\/ul>\n<\/div><\/section><\/div>\n<style type=\"text\/css\" data-created_by=\"avia_inline_auto\" id=\"style-css-av-1lmjqk3-0e494cd3ba5a01976cf55e69a788cff5\">\n.flex_column.av-1lmjqk3-0e494cd3ba5a01976cf55e69a788cff5{\nborder-radius:0px 0px 0px 0px;\npadding:0px 0px 0px 0px;\n}\n<\/style>\n<div  class='flex_column av-1lmjqk3-0e494cd3ba5a01976cf55e69a788cff5 av_one_third  avia-builder-el-16  el_after_av_one_third  el_before_av_one_third  product_box first flex_column_div av-zero-column-padding  column-top-margin'     ><style type=\"text\/css\" data-created_by=\"avia_inline_auto\" id=\"style-css-av-1d25777-4d0cfc38d220f20ff4cdd1897367fcf3\">\n.avia-image-container.av-1d25777-4d0cfc38d220f20ff4cdd1897367fcf3 img.avia_image{\nbox-shadow:none;\n}\n.avia-image-container.av-1d25777-4d0cfc38d220f20ff4cdd1897367fcf3 .av-image-caption-overlay-center{\ncolor:#ffffff;\n}\n<\/style>\n<div  class='avia-image-container av-1d25777-4d0cfc38d220f20ff4cdd1897367fcf3 av-styling- avia_animated_image av-animated-when-visible-95 fade-in avia-align-center  avia-builder-el-17  avia-builder-el-no-sibling '   itemprop=\"image\" itemscope=\"itemscope\" itemtype=\"https:\/\/schema.org\/ImageObject\" ><div class=\"avia-image-container-inner\"><div class=\"avia-image-overlay-wrap\"><img decoding=\"async\" fetchpriority=\"high\" class='wp-image-44447 avia-img-lazy-loading-not-44447 avia_image ' src=\"https:\/\/www.pauli.de\/wp-content\/uploads\/2023\/05\/1444E-12_13_1512E-12_13.png\" alt='' title='1444E-12_13_1512E-12_13'  height=\"1800\" width=\"1800\"  itemprop=\"thumbnailUrl\" srcset=\"https:\/\/www.pauli.de\/wp-content\/uploads\/2023\/05\/1444E-12_13_1512E-12_13.png 1800w, https:\/\/www.pauli.de\/wp-content\/uploads\/2023\/05\/1444E-12_13_1512E-12_13-500x500.png 500w, https:\/\/www.pauli.de\/wp-content\/uploads\/2023\/05\/1444E-12_13_1512E-12_13-1200x1200.png 1200w, https:\/\/www.pauli.de\/wp-content\/uploads\/2023\/05\/1444E-12_13_1512E-12_13-150x150.png 150w, https:\/\/www.pauli.de\/wp-content\/uploads\/2023\/05\/1444E-12_13_1512E-12_13-768x768.png 768w, https:\/\/www.pauli.de\/wp-content\/uploads\/2023\/05\/1444E-12_13_1512E-12_13-1536x1536.png 1536w, https:\/\/www.pauli.de\/wp-content\/uploads\/2023\/05\/1444E-12_13_1512E-12_13-36x36.png 36w, https:\/\/www.pauli.de\/wp-content\/uploads\/2023\/05\/1444E-12_13_1512E-12_13-180x180.png 180w, https:\/\/www.pauli.de\/wp-content\/uploads\/2023\/05\/1444E-12_13_1512E-12_13-1500x1500.png 1500w, https:\/\/www.pauli.de\/wp-content\/uploads\/2023\/05\/1444E-12_13_1512E-12_13-705x705.png 705w\" sizes=\"(max-width: 1800px) 100vw, 1800px\" \/><\/div><\/div><\/div><\/div><\/p>\n\n<style type=\"text\/css\" data-created_by=\"avia_inline_auto\" id=\"style-css-av-tam24z-2254546b6cf6afa974d06c970071649a\">\n.flex_column.av-tam24z-2254546b6cf6afa974d06c970071649a{\nborder-radius:0px 0px 0px 0px;\npadding:0px 0px 0px 0px;\n}\n<\/style>\n<div  class='flex_column av-tam24z-2254546b6cf6afa974d06c970071649a av_one_third  avia-builder-el-18  el_after_av_one_third  avia-builder-el-last  product_box flex_column_div av-zero-column-padding  column-top-margin'     ><style type=\"text\/css\" data-created_by=\"avia_inline_auto\" id=\"style-css-av-lik3osxb-341071ffe8ca6055bfdadce68a249d97\">\n.avia-image-container.av-lik3osxb-341071ffe8ca6055bfdadce68a249d97 img.avia_image{\nbox-shadow:none;\n}\n.avia-image-container.av-lik3osxb-341071ffe8ca6055bfdadce68a249d97 .av-image-caption-overlay-center{\ncolor:#ffffff;\n}\n<\/style>\n<div  class='avia-image-container av-lik3osxb-341071ffe8ca6055bfdadce68a249d97 av-styling- avia_animated_image av-animated-when-visible-95 fade-in avia-align-center  avia-builder-el-19  avia-builder-el-no-sibling '   itemprop=\"image\" itemscope=\"itemscope\" itemtype=\"https:\/\/schema.org\/ImageObject\" ><div class=\"avia-image-container-inner\"><div class=\"avia-image-overlay-wrap\"><img decoding=\"async\" fetchpriority=\"high\" class='wp-image-44452 avia-img-lazy-loading-not-44452 avia_image ' src=\"https:\/\/www.pauli.de\/wp-content\/uploads\/2023\/05\/1444E-12_13_1512E-12_13_Bohrung.png\" alt='' title='1444E-12_13_1512E-12_13_Bohrung'  height=\"1800\" width=\"1800\"  itemprop=\"thumbnailUrl\" srcset=\"https:\/\/www.pauli.de\/wp-content\/uploads\/2023\/05\/1444E-12_13_1512E-12_13_Bohrung.png 1800w, https:\/\/www.pauli.de\/wp-content\/uploads\/2023\/05\/1444E-12_13_1512E-12_13_Bohrung-500x500.png 500w, https:\/\/www.pauli.de\/wp-content\/uploads\/2023\/05\/1444E-12_13_1512E-12_13_Bohrung-1200x1200.png 1200w, https:\/\/www.pauli.de\/wp-content\/uploads\/2023\/05\/1444E-12_13_1512E-12_13_Bohrung-150x150.png 150w, https:\/\/www.pauli.de\/wp-content\/uploads\/2023\/05\/1444E-12_13_1512E-12_13_Bohrung-768x768.png 768w, https:\/\/www.pauli.de\/wp-content\/uploads\/2023\/05\/1444E-12_13_1512E-12_13_Bohrung-1536x1536.png 1536w, https:\/\/www.pauli.de\/wp-content\/uploads\/2023\/05\/1444E-12_13_1512E-12_13_Bohrung-36x36.png 36w, https:\/\/www.pauli.de\/wp-content\/uploads\/2023\/05\/1444E-12_13_1512E-12_13_Bohrung-180x180.png 180w, https:\/\/www.pauli.de\/wp-content\/uploads\/2023\/05\/1444E-12_13_1512E-12_13_Bohrung-1500x1500.png 1500w, https:\/\/www.pauli.de\/wp-content\/uploads\/2023\/05\/1444E-12_13_1512E-12_13_Bohrung-705x705.png 705w\" sizes=\"(max-width: 1800px) 100vw, 1800px\" \/><\/div><\/div><\/div><\/div>\n","protected":false},"excerpt":{"rendered":"","protected":false},"featured_media":44466,"parent":0,"menu_order":0,"template":"","meta":{"_acf_changed":false,"footnotes":""},"product_categories":[482],"class_list":["post-45547","product","type-product","status-publish","has-post-thumbnail","hentry","product_categories-bodeneinspannprofil-sv"],"acf":[],"ACF":{"color":""},"_links":{"self":[{"href":"https:\/\/www.pauli.de\/sv\/wp-json\/wp\/v2\/product\/45547","targetHints":{"allow":["GET"]}}],"collection":[{"href":"https:\/\/www.pauli.de\/sv\/wp-json\/wp\/v2\/product"}],"about":[{"href":"https:\/\/www.pauli.de\/sv\/wp-json\/wp\/v2\/types\/product"}],"version-history":[{"count":4,"href":"https:\/\/www.pauli.de\/sv\/wp-json\/wp\/v2\/product\/45547\/revisions"}],"predecessor-version":[{"id":70329,"href":"https:\/\/www.pauli.de\/sv\/wp-json\/wp\/v2\/product\/45547\/revisions\/70329"}],"wp:featuredmedia":[{"embeddable":true,"href":"https:\/\/www.pauli.de\/sv\/wp-json\/wp\/v2\/media\/44466"}],"wp:attachment":[{"href":"https:\/\/www.pauli.de\/sv\/wp-json\/wp\/v2\/media?parent=45547"}],"wp:term":[{"taxonomy":"product_categories","embeddable":true,"href":"https:\/\/www.pauli.de\/sv\/wp-json\/wp\/v2\/product_categories?post=45547"}],"curies":[{"name":"wp","href":"https:\/\/api.w.org\/{rel}","templated":true}]}}