{"id":43861,"date":"2020-07-05T14:25:17","date_gmt":"2020-07-05T12:25:17","guid":{"rendered":"https:\/\/www.pauli.de\/haendlersuche\/"},"modified":"2024-11-27T15:03:05","modified_gmt":"2024-11-27T14:03:05","slug":"haendlersuche","status":"publish","type":"page","link":"https:\/\/www.pauli.de\/sv\/haendlersuche\/","title":{"rendered":"\u00c5terf\u00f6rs\u00e4ljare"},"content":{"rendered":"\n<style type=\"text\/css\" data-created_by=\"avia_inline_auto\" id=\"style-css-av-82nv1d-0022647bfe1df5796579b1f6b326d675\">\n#top .av-special-heading.av-82nv1d-0022647bfe1df5796579b1f6b326d675{\npadding-bottom:10px;\n}\nbody .av-special-heading.av-82nv1d-0022647bfe1df5796579b1f6b326d675 .av-special-heading-tag .heading-char{\nfont-size:25px;\n}\n.av-special-heading.av-82nv1d-0022647bfe1df5796579b1f6b326d675 .av-subheading{\nfont-size:15px;\n}\n<\/style>\n<div  class='av-special-heading av-82nv1d-0022647bfe1df5796579b1f6b326d675 av-special-heading-h2 blockquote modern-quote  avia-builder-el-0  el_before_av_one_half  avia-builder-el-first  av-thin-font'><h2 class='av-special-heading-tag '  itemprop=\"headline\"  ><strong>\u00c5terf\u00f6rs\u00e4ljare<\/strong><\/h2><div class=\"special-heading-border\"><div class=\"special-heading-inner-border\"><\/div><\/div><\/div>\n<div  class='flex_column av-av_one_half-46f54a92e82370c88bd61afc244a0ff2 av_one_half  avia-builder-el-1  el_after_av_heading  el_before_av_one_half  first flex_column_div  '     ><section  class='av_textblock_section av-m3rc4o6d-cbb28024ebc51ffb3cc639ce86679bab '   itemscope=\"itemscope\" itemtype=\"https:\/\/schema.org\/CreativeWork\" ><div class='avia_textblock'  itemprop=\"text\" ><p>H\u00e4r kan du f\u00e5 fram rekommenderade hantverkare fr\u00e5n Pauli Scandinavia. Dessa hantverkare har en gedigen erfarenhet inom montage och projektering av Paulis duschl\u00f6sningar och produktk\u00e4nnedom. S\u00f6k med postnummer eller ort f\u00f6r att f\u00e5 fram din lokala professionella hantverkare.<\/p>\n<\/div><\/section><\/div><div  class='flex_column av-av_one_half-4284dbf4000574a157bc8f2c1e6fe895 av_one_half  avia-builder-el-3  el_after_av_one_half  el_before_av_section  avia-builder-el-last  flex_column_div  '     ><\/div><\/div><\/div><\/div><!-- close content main div --><\/div><\/div><div id='av_section_1'  class='avia-section av-kcp6mmcr-bbabe30600d7ef44a9087cac239329a1 main_color avia-section-no-padding avia-no-border-styling  avia-builder-el-4  el_after_av_one_half  el_before_av_hr  avia-bg-style-scroll container_wrap fullsize'  ><div class='container av-section-cont-open' ><div class='template-page content  av-content-full alpha units'><div class='post-entry post-entry-type-page post-entry-43861'><div class='entry-content-wrapper clearfix'>\n<div class='flex_column_table av-kb0sc6j6-f0245d248db1f4fc1c083c7c81653d5e sc-av_three_fifth av-equal-height-column-flextable'>\n<style type=\"text\/css\" data-created_by=\"avia_inline_auto\" id=\"style-css-av-kb0sc6j6-f0245d248db1f4fc1c083c7c81653d5e\">\n.flex_column.av-kb0sc6j6-f0245d248db1f4fc1c083c7c81653d5e{\nborder-radius:0px 0px 0px 0px;\npadding:0px 0px 0px 0px;\n}\n<\/style>\n<div  class='flex_column av-kb0sc6j6-f0245d248db1f4fc1c083c7c81653d5e av_three_fifth  avia-builder-el-5  el_before_av_two_fifth  avia-builder-el-first  first flex_column_table_cell av-equal-height-column av-align-middle av-zero-column-padding  '     ><p>\n<style type=\"text\/css\" data-created_by=\"avia_inline_auto\" id=\"style-css-av-4mlca9-dd433ef0e66f2ab2689a4851bf229852\">\n#top .av-special-heading.av-4mlca9-dd433ef0e66f2ab2689a4851bf229852{\npadding-bottom:10px;\n}\nbody .av-special-heading.av-4mlca9-dd433ef0e66f2ab2689a4851bf229852 .av-special-heading-tag .heading-char{\nfont-size:25px;\n}\n.av-special-heading.av-4mlca9-dd433ef0e66f2ab2689a4851bf229852 .av-subheading{\nfont-size:15px;\n}\n<\/style>\n<div  class='av-special-heading av-4mlca9-dd433ef0e66f2ab2689a4851bf229852 av-special-heading-h5 blockquote modern-quote  avia-builder-el-6  el_before_av_codeblock  avia-builder-el-first '><h5 class='av-special-heading-tag '  itemprop=\"headline\"  >S\u00f6k<\/h5><div class=\"special-heading-border\"><div class=\"special-heading-inner-border\"><\/div><\/div><\/div><br \/>\n<\/p><\/div><div class='av-flex-placeholder'><\/div>\n<style type=\"text\/css\" data-created_by=\"avia_inline_auto\" id=\"style-css-av-kb0sc6j6-6-5690b13336b326df9bb28a0cd21e0a5f\">\n.flex_column.av-kb0sc6j6-6-5690b13336b326df9bb28a0cd21e0a5f{\nborder-radius:0px 0px 0px 0px;\npadding:0px 0px 0px 0px;\n}\n<\/style>\n<div  class='flex_column av-kb0sc6j6-6-5690b13336b326df9bb28a0cd21e0a5f av_two_fifth  avia-builder-el-8  el_after_av_three_fifth  el_before_av_two_third  flex_column_table_cell av-equal-height-column av-align-middle av-zero-column-padding  '     ><p>\n<style type=\"text\/css\" data-created_by=\"avia_inline_auto\" id=\"style-css-av-b7f41-f9fa9552fae29728faf2499662b0ff02\">\n#top .av-special-heading.av-b7f41-f9fa9552fae29728faf2499662b0ff02{\npadding-bottom:10px;\n}\nbody .av-special-heading.av-b7f41-f9fa9552fae29728faf2499662b0ff02 .av-special-heading-tag .heading-char{\nfont-size:25px;\n}\n.av-special-heading.av-b7f41-f9fa9552fae29728faf2499662b0ff02 .av-subheading{\nfont-size:15px;\n}\n<\/style>\n<div  class='av-special-heading av-b7f41-f9fa9552fae29728faf2499662b0ff02 av-special-heading-h5 blockquote modern-quote  avia-builder-el-9  el_before_av_codeblock  avia-builder-el-first '><h5 class='av-special-heading-tag '  itemprop=\"headline\"  >S\u00f6k radie<\/h5><div class=\"special-heading-border\"><div class=\"special-heading-inner-border\"><\/div><\/div><\/div><br \/>\n<\/p><\/div><\/div><!--close column table wrapper. Autoclose: 1 --><div class='flex_column_table av-kb0scfxn-9bd5fdd351ce1a0bb340208694d2d6a9 sc-av_two_third av-break-at-tablet-flextable av-equal-height-column-flextable'>\n<style type=\"text\/css\" data-created_by=\"avia_inline_auto\" id=\"style-css-av-kb0scfxn-9bd5fdd351ce1a0bb340208694d2d6a9\">\n.flex_column.av-kb0scfxn-9bd5fdd351ce1a0bb340208694d2d6a9{\nborder-radius:0px 0px 0px 0px;\npadding:0px 0px 0px 0px;\n}\n<\/style>\n<div  class='flex_column av-kb0scfxn-9bd5fdd351ce1a0bb340208694d2d6a9 av_two_third  avia-builder-el-11  el_after_av_two_fifth  el_before_av_one_third  maprow first av-break-at-tablet flex_column_table_cell av-equal-height-column av-align-top av-zero-column-padding  '     ><\/div><div class='av-flex-placeholder'><\/div>\n<style type=\"text\/css\" data-created_by=\"avia_inline_auto\" id=\"style-css-av-kb0sc6j6-4-0e25c62584b05196db59720e782a525a\">\n.flex_column.av-kb0sc6j6-4-0e25c62584b05196db59720e782a525a{\nborder-radius:0px 0px 0px 0px;\npadding:0px 0px 0px 0px;\n}\n<\/style>\n<div  class='flex_column av-kb0sc6j6-4-0e25c62584b05196db59720e782a525a av_one_third  avia-builder-el-13  el_after_av_two_third  el_before_av_codeblock  matchrow av-break-at-tablet flex_column_table_cell av-equal-height-column av-align-top av-zero-column-padding  '     ><\/div><\/div><!--close column table wrapper. Autoclose: 1 -->\n<\/div><\/div><\/div><!-- close content main div --><\/div><\/div><div id='after_section_1'  class='main_color av_default_container_wrap container_wrap fullsize'  ><div class='container av-section-cont-open' ><div class='template-page content  av-content-full alpha units'><div class='post-entry post-entry-type-page post-entry-43861'><div class='entry-content-wrapper clearfix'>\n<style type=\"text\/css\" data-created_by=\"avia_inline_auto\" id=\"style-css-av-kcp6sz78-e6b18bb3fcb2d3ecee932e55267cd8bb\">\n#top .hr.hr-invisible.av-kcp6sz78-e6b18bb3fcb2d3ecee932e55267cd8bb{\nheight:10px;\n}\n<\/style>\n<div  class='hr av-kcp6sz78-e6b18bb3fcb2d3ecee932e55267cd8bb hr-invisible  avia-builder-el-16  el_after_av_section  avia-builder-el-no-sibling '><span class='hr-inner '><span class=\"hr-inner-style\"><\/span><\/span><\/div><\/p>\n","protected":false},"excerpt":{"rendered":"","protected":false},"author":1,"featured_media":0,"parent":0,"menu_order":0,"comment_status":"closed","ping_status":"closed","template":"","meta":{"_acf_changed":false,"footnotes":""},"class_list":["post-43861","page","type-page","status-publish","hentry"],"acf":[],"_links":{"self":[{"href":"https:\/\/www.pauli.de\/sv\/wp-json\/wp\/v2\/pages\/43861","targetHints":{"allow":["GET"]}}],"collection":[{"href":"https:\/\/www.pauli.de\/sv\/wp-json\/wp\/v2\/pages"}],"about":[{"href":"https:\/\/www.pauli.de\/sv\/wp-json\/wp\/v2\/types\/page"}],"author":[{"embeddable":true,"href":"https:\/\/www.pauli.de\/sv\/wp-json\/wp\/v2\/users\/1"}],"replies":[{"embeddable":true,"href":"https:\/\/www.pauli.de\/sv\/wp-json\/wp\/v2\/comments?post=43861"}],"version-history":[{"count":13,"href":"https:\/\/www.pauli.de\/sv\/wp-json\/wp\/v2\/pages\/43861\/revisions"}],"predecessor-version":[{"id":78044,"href":"https:\/\/www.pauli.de\/sv\/wp-json\/wp\/v2\/pages\/43861\/revisions\/78044"}],"wp:attachment":[{"href":"https:\/\/www.pauli.de\/sv\/wp-json\/wp\/v2\/media?parent=43861"}],"curies":[{"name":"wp","href":"https:\/\/api.w.org\/{rel}","templated":true}]}}