{"id":27878,"date":"2021-02-09T08:04:23","date_gmt":"2021-02-09T07:04:23","guid":{"rendered":"https:\/\/www.pauli.de\/duschtuerbaender\/hartzell-ergaenzungssets\/"},"modified":"2024-12-12T08:25:53","modified_gmt":"2024-12-12T07:25:53","slug":"hartzell-ergaenzungssets","status":"publish","type":"page","link":"https:\/\/www.pauli.de\/sv\/duschtuerbaender\/hartzell-ergaenzungssets\/","title":{"rendered":"packningar f\u00f6r olika glastjocklek"},"content":{"rendered":"<div id='av_section_1'  class='avia-section av-136udhlv-42744c52159415b3a1a83ef82f596117 main_color avia-section-default avia-no-border-styling  avia-builder-el-0  avia-builder-el-no-sibling  avia-bg-style-scroll container_wrap fullsize'  ><div class='container av-section-cont-open' ><main  role=\"main\" itemprop=\"mainContentOfPage\"  class='template-page content  av-content-full alpha units'><div class='post-entry post-entry-type-page post-entry-27878'><div class='entry-content-wrapper clearfix'>\n\n<style type=\"text\/css\" data-created_by=\"avia_inline_auto\" id=\"style-css-av-kkz31sb1-4d94e45e2c3de5dac67a981793d32aad\">\n#top .av-special-heading.av-kkz31sb1-4d94e45e2c3de5dac67a981793d32aad{\npadding-bottom:50px;\n}\nbody .av-special-heading.av-kkz31sb1-4d94e45e2c3de5dac67a981793d32aad .av-special-heading-tag .heading-char{\nfont-size:25px;\n}\n.av-special-heading.av-kkz31sb1-4d94e45e2c3de5dac67a981793d32aad .av-subheading{\nfont-size:15px;\n}\n<\/style>\n<div  class='av-special-heading av-kkz31sb1-4d94e45e2c3de5dac67a981793d32aad av-special-heading-h1 blockquote modern-quote  avia-builder-el-1  el_before_av_two_third  avia-builder-el-first  av-thin-font'><h1 class='av-special-heading-tag '  itemprop=\"headline\"  >Packningar <strong>f\u00f6r olika glastjocklekar<\/strong><\/h1><div class='av-subheading av-subheading_below'><p>levereras utan kostnad<\/p>\n<\/div><div class=\"special-heading-border\"><div class=\"special-heading-inner-border\"><\/div><\/div><\/div>\n\n<style type=\"text\/css\" data-created_by=\"avia_inline_auto\" id=\"style-css-av-12yjdllv-5b048605b8306097fa94e1a4636be868\">\n.flex_column.av-12yjdllv-5b048605b8306097fa94e1a4636be868{\nborder-radius:0px 0px 0px 0px;\npadding:0px 0px 0px 0px;\n}\n<\/style>\n<div  class='flex_column av-12yjdllv-5b048605b8306097fa94e1a4636be868 av_two_third  avia-builder-el-2  el_after_av_heading  el_before_av_one_third  first flex_column_div av-zero-column-padding  '     ><style type=\"text\/css\" data-created_by=\"avia_inline_auto\" id=\"style-css-av-kkwpz4mq-27445abe705375e1100b1cbaffdc984a\">\n.avia-image-container.av-kkwpz4mq-27445abe705375e1100b1cbaffdc984a img.avia_image{\nbox-shadow:none;\n}\n.avia-image-container.av-kkwpz4mq-27445abe705375e1100b1cbaffdc984a .av-image-caption-overlay-center{\ncolor:#ffffff;\n}\n<\/style>\n<div  class='avia-image-container av-kkwpz4mq-27445abe705375e1100b1cbaffdc984a av-styling- avia-align-center  avia-builder-el-3  avia-builder-el-no-sibling '   itemprop=\"image\" itemscope=\"itemscope\" itemtype=\"https:\/\/schema.org\/ImageObject\" ><div class=\"avia-image-container-inner\"><div class=\"avia-image-overlay-wrap\"><img decoding=\"async\" fetchpriority=\"high\" class='wp-image-25997 avia-img-lazy-loading-not-25997 avia_image ' src=\"https:\/\/www.pauli.de\/wp-content\/uploads\/2021\/02\/hz-ergaenzungssets.jpg\" alt='' title='hz-ergaenzungssets'  height=\"1361\" width=\"2511\"  itemprop=\"thumbnailUrl\" srcset=\"https:\/\/www.pauli.de\/wp-content\/uploads\/2021\/02\/hz-ergaenzungssets.jpg 2511w, https:\/\/www.pauli.de\/wp-content\/uploads\/2021\/02\/hz-ergaenzungssets-500x271.jpg 500w, https:\/\/www.pauli.de\/wp-content\/uploads\/2021\/02\/hz-ergaenzungssets-1200x650.jpg 1200w, https:\/\/www.pauli.de\/wp-content\/uploads\/2021\/02\/hz-ergaenzungssets-768x416.jpg 768w, https:\/\/www.pauli.de\/wp-content\/uploads\/2021\/02\/hz-ergaenzungssets-1536x833.jpg 1536w, https:\/\/www.pauli.de\/wp-content\/uploads\/2021\/02\/hz-ergaenzungssets-2048x1110.jpg 2048w, https:\/\/www.pauli.de\/wp-content\/uploads\/2021\/02\/hz-ergaenzungssets-1500x813.jpg 1500w, https:\/\/www.pauli.de\/wp-content\/uploads\/2021\/02\/hz-ergaenzungssets-705x382.jpg 705w\" sizes=\"(max-width: 2511px) 100vw, 2511px\" \/><\/div><\/div><\/div><\/div>\n<style type=\"text\/css\" data-created_by=\"avia_inline_auto\" id=\"style-css-av-12hi0u77-ba09a1a1025fa0f2a2de514b611928c4\">\n.flex_column.av-12hi0u77-ba09a1a1025fa0f2a2de514b611928c4{\nborder-radius:0px 0px 0px 0px;\npadding:0px 0px 0px 0px;\n}\n<\/style>\n<div  class='flex_column av-12hi0u77-ba09a1a1025fa0f2a2de514b611928c4 av_one_third  avia-builder-el-4  el_after_av_two_third  el_before_av_four_fifth  flex_column_div av-zero-column-padding  '     ><section  class='av_textblock_section av-kkwprfg3-76bcfa6eaae0f0b5b4d37fa7cdc3f3d2 '   itemscope=\"itemscope\" itemtype=\"https:\/\/schema.org\/CreativeWork\" ><div class='avia_textblock'  itemprop=\"text\" ><p>F\u00f6r att undvika on\u00f6dig materialanv\u00e4ndning och minimera v\u00e5rt milj\u00f6avtryck leverar vi v\u00e5ra duschg\u00e5ngj\u00e4rn serier FLAMEA, FLAMEA +, FARDELLO och PONTERE endast med material f\u00f6r anv\u00e4ndning av 8 mm glas. F\u00f6r anv\u00e4ndning av 6 mm och 10 mm glas kan du enkelt best\u00e4lla v\u00e5ra gratis till\u00e4ggssatser. I f\u00f6ljande \u00f6versikt hittar du snabbt r\u00e4tt upps\u00e4ttning packningar.<\/p>\n<\/div><\/section><\/div>\n<style type=\"text\/css\" data-created_by=\"avia_inline_auto\" id=\"style-css-av-122xz3j7-59848476ea19fe71891f450d7e889c04\">\n.flex_column.av-122xz3j7-59848476ea19fe71891f450d7e889c04{\nborder-radius:0px 0px 0px 0px;\npadding:0px 0px 0px 0px;\n}\n<\/style>\n<div  class='flex_column av-122xz3j7-59848476ea19fe71891f450d7e889c04 av_four_fifth  avia-builder-el-6  el_after_av_one_third  avia-builder-el-last  first flex_column_div av-zero-column-padding  column-top-margin'     ><p>\n<style type=\"text\/css\" data-created_by=\"avia_inline_auto\" id=\"style-css-av-kkz35u85-b0122b7b3e5483159bedd92f82abee88\">\n#top .av-special-heading.av-kkz35u85-b0122b7b3e5483159bedd92f82abee88{\npadding-bottom:15px;\n}\nbody .av-special-heading.av-kkz35u85-b0122b7b3e5483159bedd92f82abee88 .av-special-heading-tag .heading-char{\nfont-size:25px;\n}\n.av-special-heading.av-kkz35u85-b0122b7b3e5483159bedd92f82abee88 .av-subheading{\nfont-size:15px;\n}\n<\/style>\n<div  class='av-special-heading av-kkz35u85-b0122b7b3e5483159bedd92f82abee88 av-special-heading-h2 blockquote modern-quote  avia-builder-el-7  el_before_av_table  avia-builder-el-first  av-thin-font'><h2 class='av-special-heading-tag '  itemprop=\"headline\"  >\u00d6versikt <strong>packningssatser<\/strong><\/h2><div class='av-subheading av-subheading_below'><p>levereras utan kostnad<\/p>\n<\/div><div class=\"special-heading-border\"><div class=\"special-heading-inner-border\"><\/div><\/div><\/div><br \/>\n<div class='avia-data-table-wrap av-11mbx6df-de48575db6933b672cf82de2c6c512dd avia_responsive_table avia-table-1'><table  class='avia-table avia-data-table avia_pricing_default  avia-builder-el-8  el_after_av_heading  el_before_av_table '  itemscope=\"itemscope\" itemtype=\"https:\/\/schema.org\/Table\" ><tbody><tr class=''><td class=''><strong>hinge article no<\/strong><\/td><td class=''><strong>hinge series<\/strong><\/td><td class=''><strong>HZ-Set Art.-Nr. (HX-Set Art.-Nr, sauna)<br \/>\nfor glass thickness 6 mm and 10 mm<\/strong><\/td><\/tr><tr class=''><td class=''>8180ZN_<\/td><td class=''>FLAMEA<\/td><td class=''>HZ-SET1<\/td><\/tr><tr class=''><td class=''>8182ZN_<\/td><td class=''>FLAMEA<\/td><td class=''>HZ-SET2<\/td><\/tr><tr class=''><td class=''>8130ZN_ (SN)<\/td><td class=''>FLAMEA+<\/td><td class=''>HZ-SET3 (HX-SET3)<\/td><\/tr><tr class=''><td class=''>8131ZN_ (SN)<\/td><td class=''>FLAMEA+<\/td><td class=''>HZ-SET4 (HX-SET4)<\/td><\/tr><tr class=''><td class=''>8132ZN_ (SN)<\/td><td class=''>FLAMEA+<\/td><td class=''>HZ-SET4 (HX-SET4)<\/td><\/tr><tr class=''><td class=''>8133ZN_ (SN)<\/td><td class=''>FLAMEA+<\/td><td class=''>HZ-SET4 (HX-SET4)<\/td><\/tr><tr class=''><td class=''>8134ZN_ (SN)<\/td><td class=''>FLAMEA+<\/td><td class=''>HZ-SET3 (HX-SET3)<\/td><\/tr><tr class=''><td class=''>8136ZN_ (SN)<\/td><td class=''>FLAMEA+<\/td><td class=''>HZ-SET3 (HX-SET3)<\/td><\/tr><tr class=''><td class=''>8900ZN_ (SN)<\/td><td class=''>FARDELLO<\/td><td class=''>HZ-SET5 (HX-SET5)<\/td><\/tr><tr class=''><td class=''>8901ZN_ (SN)<\/td><td class=''>FARDELLO<\/td><td class=''>HZ-SET6 (HX-SET6)<\/td><\/tr><tr class=''><td class=''>8902ZN_ (SN)<\/td><td class=''>FARDELLO<\/td><td class=''>HZ-SET5 (HX-SET5)<\/td><\/tr><\/tbody><\/table><\/div><br \/>\n<div class='avia-data-table-wrap av-av_table-50e186637ed9ed16c605214627a3a44d avia_responsive_table avia-table-2'><table  class='avia-table avia-data-table avia_pricing_default  avia-builder-el-9  el_after_av_table  el_before_av_textblock '  itemscope=\"itemscope\" itemtype=\"https:\/\/schema.org\/Table\" ><tbody><tr class=''><td class=''><strong>hinge article no<\/strong><\/td><td class=''><strong>hinge series<\/strong><\/td><td class=''><strong>HZ-Set Art.-Nr. for glass thickness 10 mm<\/strong><\/td><\/tr><tr class=''><td class=''>8400MS_<\/td><td class=''>PONTERE<\/td><td class=''>HZ-SET7<\/td><\/tr><tr class=''><td class=''>8402MS_<\/td><td class=''>PONTERE<\/td><td class=''>HZ-SET8<\/td><\/tr><tr class=''><td class=''>8404MS_<\/td><td class=''>PONTERE<\/td><td class=''>HZ-SET9<\/td><\/tr><tr class=''><td class=''>8406MS_<\/td><td class=''>PONTERE<\/td><td class=''>HZ-SET9<\/td><\/tr><tr class=''><td class=''>8408MS_<\/td><td class=''>PONTERE<\/td><td class=''>HZ-SET9<\/td><\/tr><tr class=''><td class=''>8410MS_<\/td><td class=''>PONTERE<\/td><td class=''>HZ-SET10<\/td><\/tr><tr class=''><td class=''>8412MS_<\/td><td class=''>PONTERE<\/td><td class=''>HZ-SET9<\/td><\/tr><tr class=''><td class=''>8414MS_<\/td><td class=''>PONTERE<\/td><td class=''>HZ-SET9<\/td><\/tr><\/tbody><\/table><\/div><br \/>\n<section  class='av_textblock_section av-kkwq5fgt-282d1f6713aec8427c20c48e4a5aa7f2 '   itemscope=\"itemscope\" itemtype=\"https:\/\/schema.org\/CreativeWork\" ><div class='avia_textblock'  itemprop=\"text\" ><p>Har du n\u00e5gra fr\u00e5gor, kontakta oss g\u00e4rna f\u00f6r teknisk r\u00e5dgivning!<\/p>\n<\/div><\/section><\/p><\/div>\n","protected":false},"excerpt":{"rendered":"","protected":false},"author":3,"featured_media":0,"parent":15831,"menu_order":0,"comment_status":"closed","ping_status":"closed","template":"","meta":{"_acf_changed":false,"footnotes":""},"class_list":["post-27878","page","type-page","status-publish","hentry"],"acf":[],"_links":{"self":[{"href":"https:\/\/www.pauli.de\/sv\/wp-json\/wp\/v2\/pages\/27878","targetHints":{"allow":["GET"]}}],"collection":[{"href":"https:\/\/www.pauli.de\/sv\/wp-json\/wp\/v2\/pages"}],"about":[{"href":"https:\/\/www.pauli.de\/sv\/wp-json\/wp\/v2\/types\/page"}],"author":[{"embeddable":true,"href":"https:\/\/www.pauli.de\/sv\/wp-json\/wp\/v2\/users\/3"}],"replies":[{"embeddable":true,"href":"https:\/\/www.pauli.de\/sv\/wp-json\/wp\/v2\/comments?post=27878"}],"version-history":[{"count":13,"href":"https:\/\/www.pauli.de\/sv\/wp-json\/wp\/v2\/pages\/27878\/revisions"}],"predecessor-version":[{"id":71170,"href":"https:\/\/www.pauli.de\/sv\/wp-json\/wp\/v2\/pages\/27878\/revisions\/71170"}],"up":[{"embeddable":true,"href":"https:\/\/www.pauli.de\/sv\/wp-json\/wp\/v2\/pages\/15831"}],"wp:attachment":[{"href":"https:\/\/www.pauli.de\/sv\/wp-json\/wp\/v2\/media?parent=27878"}],"curies":[{"name":"wp","href":"https:\/\/api.w.org\/{rel}","templated":true}]}}