{"id":15865,"date":"2020-06-24T13:57:25","date_gmt":"2020-06-24T11:57:25","guid":{"rendered":"https:\/\/www.pauli.de\/newsletter\/"},"modified":"2024-12-12T10:57:53","modified_gmt":"2024-12-12T09:57:53","slug":"newsletter","status":"publish","type":"page","link":"https:\/\/www.pauli.de\/sv\/newsletter\/","title":{"rendered":"Newsletter"},"content":{"rendered":"\n<style type=\"text\/css\" data-created_by=\"avia_inline_auto\" id=\"style-css-av-2gtwcz-5f0330d89e700bcb523755a14dd8ef04\">\n#top .av-special-heading.av-2gtwcz-5f0330d89e700bcb523755a14dd8ef04{\npadding-bottom:10px;\n}\nbody .av-special-heading.av-2gtwcz-5f0330d89e700bcb523755a14dd8ef04 .av-special-heading-tag .heading-char{\nfont-size:25px;\n}\n.av-special-heading.av-2gtwcz-5f0330d89e700bcb523755a14dd8ef04 .av-subheading{\nfont-size:15px;\n}\n<\/style>\n<div  class='av-special-heading av-2gtwcz-5f0330d89e700bcb523755a14dd8ef04 av-special-heading-h1 blockquote modern-quote  avia-builder-el-0  el_before_av_one_half  avia-builder-el-first '><h1 class='av-special-heading-tag '  itemprop=\"headline\"  >Nyhetsbrev<\/h1><div class='av-subheading av-subheading_below'><p>V\u00e4linformerad!<\/p>\n<\/div><div class=\"special-heading-border\"><div class=\"special-heading-inner-border\"><\/div><\/div><\/div>\n\n<style type=\"text\/css\" data-created_by=\"avia_inline_auto\" id=\"style-css-av-218rqr-9f6836255839e288e11d603219ab4a05\">\n.flex_column.av-218rqr-9f6836255839e288e11d603219ab4a05{\nborder-radius:0px 0px 0px 0px;\npadding:0px 0px 0px 0px;\n}\n<\/style>\n<div  class='flex_column av-218rqr-9f6836255839e288e11d603219ab4a05 av_one_half  avia-builder-el-1  el_after_av_heading  el_before_av_textblock  first flex_column_div av-zero-column-padding  '     ><\/div>\n<section  class='av_textblock_section av-kbtayf8u-65f375043a433bf587a0b4ca04ff966f '   itemscope=\"itemscope\" itemtype=\"https:\/\/schema.org\/CreativeWork\" ><div class='avia_textblock'  itemprop=\"text\" ><p>Vi l\u00e4gger stor vikt vid kundservice och tydlig kommunikation. Vi h\u00e5ller dig g\u00e4rna uppdaterad och informerar dig regelbundet om<\/p>\n<p>nya produkter<br \/>\ntekniska innovationer<br \/>\njuridiska f\u00f6r\u00e4ndringar<br \/>\nseminarier och workshops<br \/>\ndatum f\u00f6r m\u00e4ssor<\/p>\n<p>Prenumerera p\u00e5 v\u00e5rt nyhetsbrev &#8211; s\u00e5 h\u00e5ller du dig alltid uppdaterad.<\/p>\n<p>Naturligtvis kan du n\u00e4r som helst s\u00e4ga upp din prenumeration.<\/p>\n<\/div><\/section>\n","protected":false},"excerpt":{"rendered":"","protected":false},"author":3,"featured_media":0,"parent":0,"menu_order":0,"comment_status":"closed","ping_status":"closed","template":"","meta":{"_acf_changed":false,"footnotes":""},"class_list":["post-15865","page","type-page","status-publish","hentry"],"acf":[],"_links":{"self":[{"href":"https:\/\/www.pauli.de\/sv\/wp-json\/wp\/v2\/pages\/15865","targetHints":{"allow":["GET"]}}],"collection":[{"href":"https:\/\/www.pauli.de\/sv\/wp-json\/wp\/v2\/pages"}],"about":[{"href":"https:\/\/www.pauli.de\/sv\/wp-json\/wp\/v2\/types\/page"}],"author":[{"embeddable":true,"href":"https:\/\/www.pauli.de\/sv\/wp-json\/wp\/v2\/users\/3"}],"replies":[{"embeddable":true,"href":"https:\/\/www.pauli.de\/sv\/wp-json\/wp\/v2\/comments?post=15865"}],"version-history":[{"count":3,"href":"https:\/\/www.pauli.de\/sv\/wp-json\/wp\/v2\/pages\/15865\/revisions"}],"predecessor-version":[{"id":69156,"href":"https:\/\/www.pauli.de\/sv\/wp-json\/wp\/v2\/pages\/15865\/revisions\/69156"}],"wp:attachment":[{"href":"https:\/\/www.pauli.de\/sv\/wp-json\/wp\/v2\/media?parent=15865"}],"curies":[{"name":"wp","href":"https:\/\/api.w.org\/{rel}","templated":true}]}}