{"id":15860,"date":"2020-06-26T11:56:39","date_gmt":"2020-06-26T09:56:39","guid":{"rendered":"https:\/\/www.pauli.de\/pruefzeugnisse-zertifikate\/"},"modified":"2021-04-23T09:43:28","modified_gmt":"2021-04-23T07:43:28","slug":"pruefzeugnisse-zertifikate","status":"publish","type":"page","link":"https:\/\/www.pauli.de\/sv\/pruefzeugnisse-zertifikate\/","title":{"rendered":"Testcertfikat och godk\u00e4nnanden"},"content":{"rendered":"\n<style type=\"text\/css\" data-created_by=\"avia_inline_auto\" id=\"style-css-av-6vrs5y-080039bf7c6f5c4fb498a70d9286bc01\">\n#top .av-special-heading.av-6vrs5y-080039bf7c6f5c4fb498a70d9286bc01{\npadding-bottom:10px;\n}\nbody .av-special-heading.av-6vrs5y-080039bf7c6f5c4fb498a70d9286bc01 .av-special-heading-tag .heading-char{\nfont-size:25px;\n}\n.av-special-heading.av-6vrs5y-080039bf7c6f5c4fb498a70d9286bc01 .av-subheading{\nfont-size:15px;\n}\n<\/style>\n<div  class='av-special-heading av-6vrs5y-080039bf7c6f5c4fb498a70d9286bc01 av-special-heading-h1 blockquote modern-quote  avia-builder-el-0  el_before_av_two_third  avia-builder-el-first  av-thin-font'><h1 class='av-special-heading-tag '  itemprop=\"headline\"  ><strong>Testcertfikat<\/strong> och <strong>godk\u00e4nnanden<\/strong><\/h1><div class=\"special-heading-border\"><div class=\"special-heading-inner-border\"><\/div><\/div><\/div>\n\n<style type=\"text\/css\" data-created_by=\"avia_inline_auto\" id=\"style-css-av-6sb1fa-34a806f1d40a729672221c10988dc0c2\">\n.flex_column.av-6sb1fa-34a806f1d40a729672221c10988dc0c2{\nborder-radius:0px 0px 0px 0px;\npadding:0px 0px 0px 0px;\n}\n<\/style>\n<div  class='flex_column av-6sb1fa-34a806f1d40a729672221c10988dc0c2 av_two_third  avia-builder-el-1  el_after_av_heading  el_before_av_submenu  avia-builder-el-last  first flex_column_div av-zero-column-padding  '     ><section  class='av_textblock_section av-kc34slti-2573d7665bb35910a07e4e92a1aec39b '   itemscope=\"itemscope\" itemtype=\"https:\/\/schema.org\/CreativeWork\" ><div class='avia_textblock'  itemprop=\"text\" ><p>S\u00e4kerheten f\u00f6r v\u00e5ra produkter \u00e4r v\u00e5r h\u00f6gsta prioritet. Det \u00e4r d\u00e4rf\u00f6r vi testar v\u00e5ra profiler hos\u00a0 oberoende testinstitut i komplexa testf\u00f6rfaranden.<\/p>\n<p>V\u00e5ra systemprofiler uppfyller de lagliga kraven och kraven p\u00e5 bygglagen &#8211; dokumenterade av det allm\u00e4nna byggnadsmyndighetens testcertifikat (AbP) och det allm\u00e4nna byggnadsmyndighetens godk\u00e4nnande (AbZ), vilket \u00e4r unikt i Tyskland, f\u00f6r anv\u00e4ndning utan kantskydd.<\/p>\n<p>Detta g\u00f6r din planering mycket enklare. Du sparar tid och pengar, eftersom AbP inneb\u00e4r att det inte beh\u00f6vs tidskr\u00e4vande godk\u00e4nnande i enskilda fall (ZiE).<\/p>\n<p>Dessutom ger vi dig motsvarande statiska ber\u00e4kningar med dimensioneringar f\u00f6r olika inomhus- och utomhusapplikationer.<\/p>\n<\/div><\/section><\/div><\/div><\/div><\/div><!-- close content main div --><\/div><\/div><div class='clear'><\/div><div id='sub_menu1'  class='av-submenu-container av-kc35139g-3bf28fe1a7a9689754365f9c73fefcdc alternate_color  avia-builder-el-3  el_after_av_two_third  el_before_av_section  av-sticky-submenu submenu-not-first container_wrap fullsize' style='z-index:301' ><div class='container av-menu-mobile-disabled av-submenu-pos-center'><ul id='av-custom-submenu-1' class='av-subnav-menu' role='menu'>\n<li class='menu-item av-g65ue-ce44028c767c6d68918e27cfb812b775 menu-item-top-level menu-item-top-level-1' role='menuitem'><a href='#bruestungssysteme'  ><span class='avia-bullet'><\/span><span class='avia-menu-text'>Br\u00fcstungssysteme<\/span><\/a><\/li>\n<li class='menu-item av-35s6h2-78c5cf1e290c63b53e80246893ae59e8 menu-item-top-level menu-item-top-level-2' role='menuitem'><a href='#vordachsysteme'  ><span class='avia-bullet'><\/span><span class='avia-menu-text'>Vordachsysteme<\/span><\/a><\/li>\n<li class='menu-item av-2rrmw6-a0607db2a70cad7b55ff07a6d5acfa7e menu-item-top-level menu-item-top-level-3' role='menuitem'><a href='#fassadensysteme'  ><span class='avia-bullet'><\/span><span class='avia-menu-text'>Fassadensysteme<\/span><\/a><\/li>\n<\/ul><\/div><\/div><div class='sticky_placeholder'><\/div><\/p>\n<div id='bruestungssysteme'  class='avia-section av-a6jhy-1472d4ffd6d91400f0a8729fdaa61025 main_color avia-section-default avia-no-border-styling  avia-builder-el-4  el_after_av_submenu  el_before_av_section  avia-bg-style-scroll container_wrap fullsize'  ><div class='container av-section-cont-open' ><div class='template-page content  av-content-full alpha units'><div class='post-entry post-entry-type-page post-entry-15860'><div class='entry-content-wrapper clearfix'>\n\n<style type=\"text\/css\" data-created_by=\"avia_inline_auto\" id=\"style-css-av-6bd99i-3946dfe0b8ceca9e5bfe660469f070fa\">\n#top .av-special-heading.av-6bd99i-3946dfe0b8ceca9e5bfe660469f070fa{\npadding-bottom:10px;\n}\nbody .av-special-heading.av-6bd99i-3946dfe0b8ceca9e5bfe660469f070fa .av-special-heading-tag .heading-char{\nfont-size:25px;\n}\n.av-special-heading.av-6bd99i-3946dfe0b8ceca9e5bfe660469f070fa .av-subheading{\nfont-size:15px;\n}\n<\/style>\n<div  class='av-special-heading av-6bd99i-3946dfe0b8ceca9e5bfe660469f070fa av-special-heading-h2 blockquote modern-quote  avia-builder-el-5  el_before_av_downloads  avia-builder-el-first '><h2 class='av-special-heading-tag '  itemprop=\"headline\"  >Helglasr\u00e4cken<\/h2><div class=\"special-heading-border\"><div class=\"special-heading-inner-border\"><\/div><\/div><\/div>\n<ul class=\"download_list\"><li><article><a target=\"_blank\" href=\"https:\/\/www.pauli.de\/sv\/download\/pruefzeugnisse-und-zulassungen-bruestungssysteme\/ganzglasgelaender-144x\/\"><img alt='' src='https:\/\/www.pauli.de\/wp-content\/uploads\/2024\/10\/Sicher-AbP_40-002-24-07.png' \/><\/a><div><h1 class=\"av-special-heading-tag\"><a target=\"_blank\" href=\"https:\/\/www.pauli.de\/sv\/download\/pruefzeugnisse-und-zulassungen-bruestungssysteme\/ganzglasgelaender-144x\/\">Ganzglasgel\u00e4nder 144x<span class=\"av-icon-char download-icon\" aria-hidden=\"true\" data-av_icon=\"\ue82d\" data-av_iconfont=\"entypo-fontello\"><\/span><\/a><\/h1><p>Allgemeines bauaufsichtliches Pr\u00fcfzeugnis<\/p><\/div><\/article><\/li><li><article><a target=\"_blank\" href=\"https:\/\/www.pauli.de\/sv\/download\/pruefzeugnisse-und-zulassungen-bruestungssysteme\/4wzwzwz\/\"><img alt='' src='https:\/\/www.pauli.de\/wp-content\/uploads\/2020\/07\/Sicher-abG-abZ-70-2-28.png' \/><\/a><div><h1 class=\"av-special-heading-tag\"><a target=\"_blank\" href=\"https:\/\/www.pauli.de\/sv\/download\/pruefzeugnisse-und-zulassungen-bruestungssysteme\/4wzwzwz\/\">Klemmbefestigungen<span class=\"av-icon-char download-icon\" aria-hidden=\"true\" data-av_icon=\"\ue82d\" data-av_iconfont=\"entypo-fontello\"><\/span><\/a><\/h1><p>Spannweiten von 500 - 1500 mm<br>\r\nZ-70.2-28<\/p><\/div><\/article><\/li><li><article><a target=\"_blank\" href=\"https:\/\/www.pauli.de\/sv\/download\/pruefzeugnisse-und-zulassungen-bruestungssysteme\/cp-profile-1400-1402-1403-1404-2\/\"><img alt='' src='https:\/\/www.pauli.de\/wp-content\/uploads\/2020\/07\/Sicher-AbP_40-002-19-1.png' \/><\/a><div><h1 class=\"av-special-heading-tag\"><a target=\"_blank\" href=\"https:\/\/www.pauli.de\/sv\/download\/pruefzeugnisse-und-zulassungen-bruestungssysteme\/cp-profile-1400-1402-1403-1404-2\/\">Ganzglasgel\u00e4nder mit Handlauf<span class=\"av-icon-char download-icon\" aria-hidden=\"true\" data-av_icon=\"\ue82d\" data-av_iconfont=\"entypo-fontello\"><\/span><\/a><\/h1><p>BAY 40-002-19-1<br>\r\ncp-Profile 1400, 1402, 1403, 1404<\/p><\/div><\/article><\/li><li><article><a target=\"_blank\" href=\"https:\/\/www.pauli.de\/sv\/download\/pruefzeugnisse-und-zulassungen-bruestungssysteme\/raumhohe-verglasung\/\"><img alt='' src='https:\/\/www.pauli.de\/wp-content\/uploads\/2020\/07\/Sicher-AbP_40-004-22-07.png' \/><\/a><div><h1 class=\"av-special-heading-tag\"><a target=\"_blank\" href=\"https:\/\/www.pauli.de\/sv\/download\/pruefzeugnisse-und-zulassungen-bruestungssysteme\/raumhohe-verglasung\/\">Raumhohe Verglasung<span class=\"av-icon-char download-icon\" aria-hidden=\"true\" data-av_icon=\"\ue82d\" data-av_iconfont=\"entypo-fontello\"><\/span><\/a><\/h1><p>BAY 40-004-22-07<\/p><\/div><\/article><\/li><li><article><a target=\"_blank\" href=\"https:\/\/www.pauli.de\/sv\/download\/pruefzeugnisse-und-zulassungen-bruestungssysteme\/klemmbefestigungen\/\"><img alt='' src='https:\/\/www.pauli.de\/wp-content\/uploads\/2021\/08\/Sicher-AbP_40-002-21-5.png' \/><\/a><div><h1 class=\"av-special-heading-tag\"><a target=\"_blank\" href=\"https:\/\/www.pauli.de\/sv\/download\/pruefzeugnisse-und-zulassungen-bruestungssysteme\/klemmbefestigungen\/\">Klemmbefestigungen<span class=\"av-icon-char download-icon\" aria-hidden=\"true\" data-av_icon=\"\ue82d\" data-av_iconfont=\"entypo-fontello\"><\/span><\/a><\/h1><p>Spannweiten 1500 bis 2100 mm<br>\r\nBAY 40-002-21-5<\/p><\/div><\/article><\/li><li><article><a target=\"_blank\" href=\"https:\/\/www.pauli.de\/sv\/download\/pruefzeugnisse-und-zulassungen-bruestungssysteme\/flachprofile-system-mit-esg\/\"><img alt='' src='https:\/\/www.pauli.de\/wp-content\/uploads\/2024\/04\/Sicher-AbP_40-004-23-07.png' \/><\/a><div><h1 class=\"av-special-heading-tag\"><a target=\"_blank\" href=\"https:\/\/www.pauli.de\/sv\/download\/pruefzeugnisse-und-zulassungen-bruestungssysteme\/flachprofile-system-mit-esg\/\">Gel\u00e4nderpfosten VSG aus ESG<span class=\"av-icon-char download-icon\" aria-hidden=\"true\" data-av_icon=\"\ue82d\" data-av_iconfont=\"entypo-fontello\"><\/span><\/a><\/h1><p>BAY 40-004-23-07<\/p><\/div><\/article><\/li><li><article><a target=\"_blank\" href=\"https:\/\/www.pauli.de\/sv\/download\/pruefzeugnisse-und-zulassungen-bruestungssysteme\/punkthalter-fuer-ausfachung\/\"><img alt='' src='https:\/\/www.pauli.de\/wp-content\/uploads\/2021\/11\/Sicher-AbP_40-007-21-5.png' \/><\/a><div><h1 class=\"av-special-heading-tag\"><a target=\"_blank\" href=\"https:\/\/www.pauli.de\/sv\/download\/pruefzeugnisse-und-zulassungen-bruestungssysteme\/punkthalter-fuer-ausfachung\/\">Punkthalter f\u00fcr Ausfachung<span class=\"av-icon-char download-icon\" aria-hidden=\"true\" data-av_icon=\"\ue82d\" data-av_iconfont=\"entypo-fontello\"><\/span><\/a><\/h1><p>BAY 40-007-21-5<\/p><\/div><\/article><\/li><li><article><a target=\"_blank\" href=\"https:\/\/www.pauli.de\/sv\/download\/pruefzeugnisse-und-zulassungen-bruestungssysteme\/kat-b-mit-punkthalter\/\"><img alt='' src='https:\/\/www.pauli.de\/wp-content\/uploads\/2020\/07\/Sicher-AbP_40-005-16-1.png' \/><\/a><div><h1 class=\"av-special-heading-tag\"><a target=\"_blank\" href=\"https:\/\/www.pauli.de\/sv\/download\/pruefzeugnisse-und-zulassungen-bruestungssysteme\/kat-b-mit-punkthalter\/\">point fixtures according to category B DIN 18008<span class=\"av-icon-char download-icon\" aria-hidden=\"true\" data-av_icon=\"\ue82d\" data-av_iconfont=\"entypo-fontello\"><\/span><\/a><\/h1><p>BAY 40-005-16-1 (German only)<\/p><\/div><\/article><\/li><li><article><a target=\"_blank\" href=\"https:\/\/www.pauli.de\/sv\/download\/pruefzeugnisse-und-zulassungen-bruestungssysteme\/franzoesische-balkone\/\"><img alt='' src='https:\/\/www.pauli.de\/wp-content\/uploads\/2020\/07\/Sicher-AbP_40-005-22-3.png' \/><\/a><div><h1 class=\"av-special-heading-tag\"><a target=\"_blank\" href=\"https:\/\/www.pauli.de\/sv\/download\/pruefzeugnisse-und-zulassungen-bruestungssysteme\/franzoesische-balkone\/\">Franz\u00f6sische Balkone<span class=\"av-icon-char download-icon\" aria-hidden=\"true\" data-av_icon=\"\ue82d\" data-av_iconfont=\"entypo-fontello\"><\/span><\/a><\/h1><p>BAY 40-005-22-3<\/p><\/div><\/article><\/li><li><article><a target=\"_blank\" href=\"https:\/\/www.pauli.de\/sv\/download\/pruefzeugnisse-und-zulassungen-bruestungssysteme\/befestigungssystem-cp-mini\/\"><img alt='' src='https:\/\/www.pauli.de\/wp-content\/uploads\/2023\/04\/Sicher-AbP_40-008-21-3.png' \/><\/a><div><h1 class=\"av-special-heading-tag\"><a target=\"_blank\" href=\"https:\/\/www.pauli.de\/sv\/download\/pruefzeugnisse-und-zulassungen-bruestungssysteme\/befestigungssystem-cp-mini\/\">Befestigungssystem cp-mini<span class=\"av-icon-char download-icon\" aria-hidden=\"true\" data-av_icon=\"\ue82d\" data-av_iconfont=\"entypo-fontello\"><\/span><\/a><\/h1><p>BAY 40-003-25-07<\/p><\/div><\/article><\/li><\/ul>\n<\/div><\/div><\/div><!-- close content main div --><\/div><\/div><div id='vordachsysteme'  class='avia-section av-kc34y69t-7ebe34fe0f448ee1da93937011e89e4a alternate_color avia-section-default avia-no-border-styling  avia-builder-el-7  el_after_av_section  el_before_av_section  avia-bg-style-scroll container_wrap fullsize'  ><div class='container av-section-cont-open' ><div class='template-page content  av-content-full alpha units'><div class='post-entry post-entry-type-page post-entry-15860'><div class='entry-content-wrapper clearfix'>\n\n<style type=\"text\/css\" data-created_by=\"avia_inline_auto\" id=\"style-css-av-44z41i-0589fe127bf0b745fb9b0f92c334bfb2\">\n#top .av-special-heading.av-44z41i-0589fe127bf0b745fb9b0f92c334bfb2{\npadding-bottom:10px;\n}\nbody .av-special-heading.av-44z41i-0589fe127bf0b745fb9b0f92c334bfb2 .av-special-heading-tag .heading-char{\nfont-size:25px;\n}\n.av-special-heading.av-44z41i-0589fe127bf0b745fb9b0f92c334bfb2 .av-subheading{\nfont-size:15px;\n}\n<\/style>\n<div  class='av-special-heading av-44z41i-0589fe127bf0b745fb9b0f92c334bfb2 av-special-heading-h2 blockquote modern-quote  avia-builder-el-8  el_before_av_downloads  avia-builder-el-first '><h2 class='av-special-heading-tag '  itemprop=\"headline\"  >Sk\u00e4rmtak<\/h2><div class=\"special-heading-border\"><div class=\"special-heading-inner-border\"><\/div><\/div><\/div>\n<ul class=\"download_list\"><li><article><a target=\"_blank\" href=\"https:\/\/www.pauli.de\/sv\/download\/test\/vordach-kragarm\/\"><img alt='' src='https:\/\/www.pauli.de\/wp-content\/uploads\/2022\/11\/Sicher-aBG-70-3-244.png' \/><\/a><div><h1 class=\"av-special-heading-tag\"><a target=\"_blank\" href=\"https:\/\/www.pauli.de\/sv\/download\/test\/vordach-kragarm\/\">Freitragendes Vordachsystem<span class=\"av-icon-char download-icon\" aria-hidden=\"true\" data-av_icon=\"\ue82d\" data-av_iconfont=\"entypo-fontello\"><\/span><\/a><\/h1><p>Z-70.3-244<\/p><\/div><\/article><\/li><li><article><a target=\"_blank\" href=\"https:\/\/www.pauli.de\/sv\/download\/test\/download-test\/\"><img alt='' src='https:\/\/www.pauli.de\/wp-content\/uploads\/2021\/11\/Sicher-AbZ-aBG-70-3-85.png' \/><\/a><div><h1 class=\"av-special-heading-tag\"><a target=\"_blank\" href=\"https:\/\/www.pauli.de\/sv\/download\/test\/download-test\/\">Vordachsystem abgeh\u00e4ngt \/ mit Punkthalter und Glas f\u00fcr Unterkonstruktionen<span class=\"av-icon-char download-icon\" aria-hidden=\"true\" data-av_icon=\"\ue82d\" data-av_iconfont=\"entypo-fontello\"><\/span><\/a><\/h1><p>Z-70.3-85<\/p><\/div><\/article><\/li><li><article><a target=\"_blank\" href=\"https:\/\/www.pauli.de\/sv\/download\/test\/pruefbericht-zu-abz-z-70-3-85\/\"><img alt='' src='https:\/\/www.pauli.de\/wp-content\/uploads\/2020\/12\/Sicher-BD.png' \/><\/a><div><h1 class=\"av-special-heading-tag\"><a target=\"_blank\" href=\"https:\/\/www.pauli.de\/sv\/download\/test\/pruefbericht-zu-abz-z-70-3-85\/\">Pr\u00fcfbericht zu AbZ Z-70.3-85<span class=\"av-icon-char download-icon\" aria-hidden=\"true\" data-av_icon=\"\ue82d\" data-av_iconfont=\"entypo-fontello\"><\/span><\/a><\/h1><p>TP-14-0010<\/p><\/div><\/article><\/li><li><article><a target=\"_blank\" href=\"https:\/\/www.pauli.de\/sv\/download\/test\/abz-schwerlastkonsole-slk-alu-tr-und-slk-alu-tq\/\"><img alt='' src='https:\/\/www.pauli.de\/wp-content\/uploads\/2020\/09\/Sicher-AbZ-10-9-576.png' \/><\/a><div><h1 class=\"av-special-heading-tag\"><a target=\"_blank\" href=\"https:\/\/www.pauli.de\/sv\/download\/test\/abz-schwerlastkonsole-slk-alu-tr-und-slk-alu-tq\/\">Schwerlastkonsole SLK-ALU-TR und SLK-ALU-TQ<span class=\"av-icon-char download-icon\" aria-hidden=\"true\" data-av_icon=\"\ue82d\" data-av_iconfont=\"entypo-fontello\"><\/span><\/a><\/h1><p>Z-10.9-576 \r\nf\u00fcr die Befestigung von Anbauteilen auf Au\u00dfenw\u00e4nden<\/p><\/div><\/article><\/li><\/ul>\n<\/div><\/div><\/div><!-- close content main div --><\/div><\/div><div id='fassadensysteme'  class='avia-section av-kc34y69t-1624e7a8147bd0030724e2051353d863 main_color avia-section-default avia-no-border-styling  avia-builder-el-10  el_after_av_section  avia-builder-el-last  avia-bg-style-scroll container_wrap fullsize'  ><div class='container av-section-cont-open' ><div class='template-page content  av-content-full alpha units'><div class='post-entry post-entry-type-page post-entry-15860'><div class='entry-content-wrapper clearfix'>\n\n<style type=\"text\/css\" data-created_by=\"avia_inline_auto\" id=\"style-css-av-23u0di-82eb034ee5301454cead2abc95b4d01c\">\n#top .av-special-heading.av-23u0di-82eb034ee5301454cead2abc95b4d01c{\npadding-bottom:10px;\n}\nbody .av-special-heading.av-23u0di-82eb034ee5301454cead2abc95b4d01c .av-special-heading-tag .heading-char{\nfont-size:25px;\n}\n.av-special-heading.av-23u0di-82eb034ee5301454cead2abc95b4d01c .av-subheading{\nfont-size:15px;\n}\n<\/style>\n<div  class='av-special-heading av-23u0di-82eb034ee5301454cead2abc95b4d01c av-special-heading-h2 blockquote modern-quote  avia-builder-el-11  el_before_av_downloads  avia-builder-el-first '><h2 class='av-special-heading-tag '  itemprop=\"headline\"  >Fasadsystem<\/h2><div class=\"special-heading-border\"><div class=\"special-heading-inner-border\"><\/div><\/div><\/div>\n<ul class=\"download_list\"><li><article><a target=\"_blank\" href=\"https:\/\/www.pauli.de\/sv\/download\/pruefzeugnisse-und-zulassungen-fassadensysteme\/test2\/\"><img alt='' src='https:\/\/www.pauli.de\/wp-content\/uploads\/2024\/05\/Sicher-abG-abZ-70-2-135.png' \/><\/a><div><h1 class=\"av-special-heading-tag\"><a target=\"_blank\" href=\"https:\/\/www.pauli.de\/sv\/download\/pruefzeugnisse-und-zulassungen-fassadensysteme\/test2\/\">Punkthalter f\u00fcr Fassadenbau<span class=\"av-icon-char download-icon\" aria-hidden=\"true\" data-av_icon=\"\ue82d\" data-av_iconfont=\"entypo-fontello\"><\/span><\/a><\/h1><p>Z-70.2-135<br>\r\npunktf\u00f6rmig gelagerte Verglasungen mit Tellerhaltern und Senkkopfhaltern<\/p><\/div><\/article><\/li><\/ul>\n<\/p>\n","protected":false},"excerpt":{"rendered":"","protected":false},"author":3,"featured_media":0,"parent":0,"menu_order":0,"comment_status":"closed","ping_status":"closed","template":"","meta":{"_acf_changed":false,"footnotes":""},"class_list":["post-15860","page","type-page","status-publish","hentry"],"acf":[],"_links":{"self":[{"href":"https:\/\/www.pauli.de\/sv\/wp-json\/wp\/v2\/pages\/15860","targetHints":{"allow":["GET"]}}],"collection":[{"href":"https:\/\/www.pauli.de\/sv\/wp-json\/wp\/v2\/pages"}],"about":[{"href":"https:\/\/www.pauli.de\/sv\/wp-json\/wp\/v2\/types\/page"}],"author":[{"embeddable":true,"href":"https:\/\/www.pauli.de\/sv\/wp-json\/wp\/v2\/users\/3"}],"replies":[{"embeddable":true,"href":"https:\/\/www.pauli.de\/sv\/wp-json\/wp\/v2\/comments?post=15860"}],"version-history":[{"count":10,"href":"https:\/\/www.pauli.de\/sv\/wp-json\/wp\/v2\/pages\/15860\/revisions"}],"predecessor-version":[{"id":28108,"href":"https:\/\/www.pauli.de\/sv\/wp-json\/wp\/v2\/pages\/15860\/revisions\/28108"}],"wp:attachment":[{"href":"https:\/\/www.pauli.de\/sv\/wp-json\/wp\/v2\/media?parent=15860"}],"curies":[{"name":"wp","href":"https:\/\/api.w.org\/{rel}","templated":true}]}}