{"id":15849,"date":"2020-09-16T09:53:29","date_gmt":"2020-09-16T07:53:29","guid":{"rendered":"https:\/\/www.pauli.de\/datenschutz\/"},"modified":"2021-07-15T13:49:19","modified_gmt":"2021-07-15T11:49:19","slug":"datenschutz","status":"publish","type":"page","link":"https:\/\/www.pauli.de\/sv\/datenschutz\/","title":{"rendered":"Dataskydd"},"content":{"rendered":"\n<style type=\"text\/css\" data-created_by=\"avia_inline_auto\" id=\"style-css-av-2zu6gm-3788f15bf78cf8926cee751c050c9308\">\n.flex_column.av-2zu6gm-3788f15bf78cf8926cee751c050c9308{\nborder-radius:0px 0px 0px 0px;\npadding:0px 0px 0px 0px;\n}\n<\/style>\n<div  class='flex_column av-2zu6gm-3788f15bf78cf8926cee751c050c9308 av_one_half  avia-builder-el-0  avia-builder-el-no-sibling  first flex_column_div av-zero-column-padding  '     ><p>\n<style type=\"text\/css\" data-created_by=\"avia_inline_auto\" id=\"style-css-av-kf536wqk-576ab1710b62951fd8f9deb4494c332e\">\n#top .av-special-heading.av-kf536wqk-576ab1710b62951fd8f9deb4494c332e{\npadding-bottom:10px;\n}\nbody .av-special-heading.av-kf536wqk-576ab1710b62951fd8f9deb4494c332e .av-special-heading-tag .heading-char{\nfont-size:25px;\n}\n.av-special-heading.av-kf536wqk-576ab1710b62951fd8f9deb4494c332e .av-subheading{\nfont-size:15px;\n}\n<\/style>\n<div  class='av-special-heading av-kf536wqk-576ab1710b62951fd8f9deb4494c332e av-special-heading-h1 blockquote modern-quote  avia-builder-el-1  el_before_av_textblock  avia-builder-el-first '><h1 class='av-special-heading-tag '  itemprop=\"headline\"  >Dataskydd<\/h1><div class=\"special-heading-border\"><div class=\"special-heading-inner-border\"><\/div><\/div><\/div><br \/>\n<section  class='av_textblock_section av-kf535txp-ab13d9242abe87fc17b5b2ff80fee49d '   itemscope=\"itemscope\" itemtype=\"https:\/\/schema.org\/CreativeWork\" ><div class='avia_textblock'  itemprop=\"text\" ><p>Skyddet och s\u00e4kerheten f\u00f6r personuppgifter som vi har anf\u00f6rtrotts har h\u00f6g prioritet f\u00f6r oss. Vi f\u00f6ljer strikt reglerna i den tyska federala dataskyddslagen (BDSG) och den europeiska dataskyddsf\u00f6rordningen. I enlighet med dessa best\u00e4mmelser anv\u00e4nder vi personuppgifter om anst\u00e4llda, kunder, leverant\u00f6rer och aff\u00e4rspartners. Vi kommer att informera dig om vilka typer av data som samlas in och f\u00f6r vilket syfte de samlas in och hur vi hanterar dem:<\/p>\n<ol>\n<li><strong> Data\u00f6verf\u00f6ring \/ dataloggning<\/strong><\/li>\n<\/ol>\n<p>N\u00e4r du bes\u00f6ker v\u00e5r webbplats registrerar webbservern automatiskt loggfiler som inte kan tilldelas en viss person. Dessa data inkluderar webbl\u00e4sartyp och version, operativsystem som anv\u00e4nds, den tidigare bes\u00f6kta sidan, IP-adressen till den beg\u00e4rande datorn, \u00e5tkomstdatum och tid f\u00f6r serverbeg\u00e4ran och filf\u00f6rfr\u00e5gan med filnamn och URL. Dessa uppgifter samlas endast in f\u00f6r statistiska utv\u00e4rderingar och \u00f6verf\u00f6rs inte till tredje part.<\/p>\n<ol start=\"2\">\n<li><strong> Anv\u00e4ndning av personlig information<\/strong><\/li>\n<\/ol>\n<p>Personuppgifter samlas in eller behandlas endast om du frivilligt har gett oss relevant information. Du kan n\u00e4r som helst \u00e5terkalla ditt tidigare beviljade godk\u00e4nnande av din personliga datalagring med omedelbar verkan. Dina uppgifter kommer inte att vidarebefordras till tredje part om vi inte \u00e4r juridiskt skyldiga att g\u00f6ra det.<\/p>\n<ol start=\"3\">\n<li><strong> Information, \u00e4ndringar eller radering av dina uppgifter<\/strong><\/li>\n<\/ol>\n<p>Du kan n\u00e4r som helst be oss skriftligen och du kommer att informeras om huruvida och vilka personuppgifter vi har lagrat om dig. Vi kommer ocks\u00e5 att informera dig om \u00e4ndringar och radering av dina uppgifter p\u00e5 beg\u00e4ran.<\/p>\n<ol start=\"4\">\n<li><strong> Datas\u00e4kerhet<\/strong><\/li>\n<\/ol>\n<p>De personuppgifter du tillhandah\u00e5ller oss skyddas av alla tekniska och organisatoriska s\u00e4kerhets\u00e5tg\u00e4rder s\u00e5 att de \u00e4r otillg\u00e4ngliga f\u00f6r obeh\u00f6riga tredje parter. N\u00e4r du skickar k\u00e4nslig information eller information rekommenderar vi att du anv\u00e4nder posten, eftersom fullst\u00e4ndig datas\u00e4kerhet inte kan garanteras i e-posttrafik.<\/p>\n<ol start=\"5\">\n<li><strong> Vi vill uppm\u00e4rksamma f\u00f6ljande r\u00e4ttigheter:<\/strong><\/li>\n<\/ol>\n<p>Du har r\u00e4tt till information och korrigering n\u00e4r som helst, samt r\u00e4tt till radering och du kan n\u00e4r som helst \u00e5terkalla ditt samtycke.<\/p>\n<ol start=\"6\">\n<li><strong> Google<\/strong><\/li>\n<\/ol>\n<p>Om v\u00e5r webbplats anv\u00e4nder Googles webbanalystj\u00e4nst eller cookies kan du inaktivera dessa funktioner n\u00e4r som helst, men vi m\u00e5ste p\u00e5peka att du kanske inte kan anv\u00e4nda alla funktioner p\u00e5 denna webbplats till fullo.<\/p>\n<ol start=\"7\">\n<li><strong> Kakor *<\/strong><\/li>\n<\/ol>\n<p>Vissa av webbplatserna anv\u00e4nder s\u00e5 kallade cookies. Cookies skadar inte din dator och inneh\u00e5ller inte virus. Cookies tj\u00e4nar till att g\u00f6ra v\u00e5rt erbjudande mer anv\u00e4ndarv\u00e4nligt, effektivare och s\u00e4krare. Cookies \u00e4r sm\u00e5 textfiler som lagras p\u00e5 din dator och sparas av din webbl\u00e4sare.<\/p>\n<p>De flesta kakor vi anv\u00e4nder \u00e4r s\u00e5 kallade \u201esessioncookies\u201c. De raderas automatiskt efter ditt bes\u00f6k. Andra kakor f\u00f6rblir lagrade p\u00e5 din enhet tills du tar bort dem. Dessa cookies g\u00f6r att vi kan k\u00e4nna igen din webbl\u00e4sare n\u00e4sta g\u00e5ng du bes\u00f6ker.<\/p>\n<p>Du kan st\u00e4lla in din webbl\u00e4sare s\u00e5 att du informeras om inst\u00e4llningen av cookies och endast till\u00e5ta cookies i enskilda fall, utesluta godk\u00e4nnande av cookies i vissa fall eller i allm\u00e4nhet och aktivera automatisk radering av cookies n\u00e4r du st\u00e4nger webbl\u00e4saren. Om cookies avaktiveras kan funktionaliteten p\u00e5 denna webbplats begr\u00e4nsas.<\/p>\n<ol start=\"8\">\n<li><strong> Data\u00f6verf\u00f6ring vid ing\u00e5ende av avtal f\u00f6r onlinebutiker, \u00e5terf\u00f6rs\u00e4ljare och leverans av varor *<\/strong><\/li>\n<\/ol>\n<p>Vi \u00f6verf\u00f6r endast personuppgifter till tredje part om detta \u00e4r n\u00f6dv\u00e4ndigt i samband med avtalsbehandling; till exempel till f\u00f6retaget som anf\u00f6rtrotts leveransen av varorna eller kreditinstitutet som har best\u00e4llt betalningshanteringen. Ytterligare \u00f6verf\u00f6ring av uppgifterna sker inte eller bara om du uttryckligen har samtyckt till \u00f6verf\u00f6ringen. Dina uppgifter kommer inte att vidarebefordras till tredje part utan ditt uttryckliga medgivande, t.ex. f\u00f6r reklam\u00e4ndam\u00e5l.<\/p>\n<ol start=\"9\">\n<li><strong> snabbpost<\/strong><\/li>\n<\/ol>\n<p>F\u00f6r att f\u00e5 nyhetsbrevet som erbjuds p\u00e5 v\u00e5r webbplats kan du registrera dig med v\u00e5rt formul\u00e4r. Vi anv\u00e4nder den s\u00e5 kallade dubbla opt-in-proceduren. H\u00e4r kommer ett bekr\u00e4ftelsemeddelande f\u00f6rst att skickas till din angivna e-postadress med beg\u00e4ran om bekr\u00e4ftelse. Registreringen tr\u00e4der i kraft f\u00f6rst n\u00e4r du klickar p\u00e5 aktiveringsl\u00e4nken i bekr\u00e4ftelsemeddelandet. Vi anv\u00e4nder dina data som \u00f6verf\u00f6rs till oss uteslutande f\u00f6r att skicka nyhetsbrevet, som kan inneh\u00e5lla information eller erbjudanden.<\/p>\n<p>Vi anv\u00e4nder rapidmail f\u00f6r att skicka v\u00e5rt nyhetsbrev. Dina uppgifter kommer d\u00e4rf\u00f6r att \u00f6verf\u00f6ras till rapidmail GmbH. Rapidmail GmbH \u00e4r f\u00f6rbjudet att anv\u00e4nda dina uppgifter f\u00f6r andra \u00e4ndam\u00e5l \u00e4n att skicka nyhetsbrevet. Rapidmail GmbH har inte till\u00e5telse att vidarebefordra eller s\u00e4lja dina uppgifter. rapidmail \u00e4r en tysk, certifierad leverant\u00f6r av nyhetsbrevsprogramvara, som har valts noggrant i enlighet med kraven i GDPR och BDSG.<\/p>\n<p>Du kan n\u00e4r som helst \u00e5terkalla ditt samtycke till lagring av uppgifterna och dess anv\u00e4ndning f\u00f6r att skicka nyhetsbrevet, t.ex. via l\u00e4nken f\u00f6r avregistrering i nyhetsbrevet.<\/p>\n<ol start=\"10\">\n<li><strong> Google Analytics *<\/strong><\/li>\n<\/ol>\n<p>Denna webbplats anv\u00e4nder funktioner i webbanalystj\u00e4nsten Google Analytics. Leverant\u00f6ren \u00e4r Google Inc., 1600 Amphitheatre Parkway Mountain View, CA 94043, USA.<\/p>\n<p>Google Analytics anv\u00e4nder s\u00e5 kallade \u201ecookies\u201c. Det h\u00e4r \u00e4r textfiler som sparas p\u00e5 din dator och som g\u00f6r det m\u00f6jligt att analysera din anv\u00e4ndning av webbplatsen. Informationen som genereras av kakan om din anv\u00e4ndning av denna webbplats \u00f6verf\u00f6rs vanligtvis till en Google-server i USA och lagras d\u00e4r.<\/p>\n<p>Inaktivera Google Analytics<\/p>\n<ol start=\"11\">\n<li><strong> Orderhantering *<\/strong><\/li>\n<\/ol>\n<p>Vi har ing\u00e5tt ett avtal om databehandling med Google och implementerar fullst\u00e4ndigt de tyska dataskyddsmyndigheternas strikta krav n\u00e4r vi anv\u00e4nder Google Analytics.<\/p>\n<ol start=\"12\">\n<li><strong> Serverloggfiler *<\/strong><\/li>\n<\/ol>\n<p>Sidleverant\u00f6ren samlar in och lagrar automatiskt information i s\u00e5 kallade serverloggfiler, som din webbl\u00e4sare automatiskt \u00f6verf\u00f6r till oss. Dessa \u00e4r:<\/p>\n<p>Webbl\u00e4sartyp och webbl\u00e4sarversion<br \/>\noperativsystem som anv\u00e4nds<br \/>\nHenvisnings-URL<br \/>\nV\u00e4rdnamn f\u00f6r \u00e5tkomstdatorn<br \/>\nTid f\u00f6r serverf\u00f6rfr\u00e5gan<\/p>\n<p>Dessa uppgifter kan inte tilldelas specifika personer. Dessa data sl\u00e5s inte samman med andra datak\u00e4llor. Vi f\u00f6rbeh\u00e5ller oss r\u00e4tten att kontrollera dessa uppgifter i efterhand om vi blir medvetna om specifika indikationer p\u00e5 olaglig anv\u00e4ndning.<\/p>\n<ol start=\"13\">\n<li><strong> Inv\u00e4ndning mot reklampost *<\/strong><\/li>\n<\/ol>\n<p>Vi mots\u00e4tter oss h\u00e4rmed anv\u00e4ndningen av de kontaktuppgifter som publiceras inom ramen f\u00f6r avtrycksskyldigheten f\u00f6r att skicka o\u00f6nskad reklam och informationsmaterial. Sidans operat\u00f6rer f\u00f6rbeh\u00e5ller sig uttryckligen r\u00e4tten att vidta r\u00e4ttsliga \u00e5tg\u00e4rder i h\u00e4ndelse av o\u00f6nskad s\u00e4ndning av reklaminformation, t.ex. skr\u00e4ppostmeddelanden.<\/p>\n<ol start=\"14\">\n<li><strong> YouTube *<\/strong><\/li>\n<\/ol>\n<p>V\u00e5r webbplats anv\u00e4nder plugins fr\u00e5n YouTube, som drivs av Google. Webbplatsens operat\u00f6r \u00e4r YouTube, LLC, 901 Cherry Ave., San Bruno, CA 94066, USA. Om du bes\u00f6ker en av v\u00e5ra sidor utrustade med ett YouTube-plugin kommer en anslutning till YouTube-servrarna att uppr\u00e4ttas. YouTube-servern informeras om vilka av v\u00e5ra sidor du har bes\u00f6kt. Om du \u00e4r inloggad p\u00e5 ditt YouTube-konto l\u00e5ter du YouTube tilldela ditt surfbeteende direkt till din personliga profil. Du kan f\u00f6rhindra detta genom att logga ut fr\u00e5n ditt YouTube-konto. Mer information om hanteringen av anv\u00e4ndardata finns i YouTubes dataskyddsdeklaration p\u00e5: https:\/\/www.google.de\/intl\/de\/policies\/privacy<\/p>\n<\/div><\/section><\/p><\/div>\n","protected":false},"excerpt":{"rendered":"","protected":false},"author":3,"featured_media":0,"parent":0,"menu_order":0,"comment_status":"closed","ping_status":"closed","template":"","meta":{"_acf_changed":false,"footnotes":""},"class_list":["post-15849","page","type-page","status-publish","hentry"],"acf":[],"_links":{"self":[{"href":"https:\/\/www.pauli.de\/sv\/wp-json\/wp\/v2\/pages\/15849","targetHints":{"allow":["GET"]}}],"collection":[{"href":"https:\/\/www.pauli.de\/sv\/wp-json\/wp\/v2\/pages"}],"about":[{"href":"https:\/\/www.pauli.de\/sv\/wp-json\/wp\/v2\/types\/page"}],"author":[{"embeddable":true,"href":"https:\/\/www.pauli.de\/sv\/wp-json\/wp\/v2\/users\/3"}],"replies":[{"embeddable":true,"href":"https:\/\/www.pauli.de\/sv\/wp-json\/wp\/v2\/comments?post=15849"}],"version-history":[{"count":10,"href":"https:\/\/www.pauli.de\/sv\/wp-json\/wp\/v2\/pages\/15849\/revisions"}],"predecessor-version":[{"id":29943,"href":"https:\/\/www.pauli.de\/sv\/wp-json\/wp\/v2\/pages\/15849\/revisions\/29943"}],"wp:attachment":[{"href":"https:\/\/www.pauli.de\/sv\/wp-json\/wp\/v2\/media?parent=15849"}],"curies":[{"name":"wp","href":"https:\/\/api.w.org\/{rel}","templated":true}]}}