{"id":15618,"date":"2020-08-26T09:11:32","date_gmt":"2020-08-26T07:11:32","guid":{"rendered":"https:\/\/www.pauli.de\/ueberkopfverglasungen\/"},"modified":"2024-12-16T15:16:21","modified_gmt":"2024-12-16T14:16:21","slug":"ueberkopfverglasungen","status":"publish","type":"page","link":"https:\/\/www.pauli.de\/sv\/ueberkopfverglasungen\/","title":{"rendered":"Takkonstruktioner"},"content":{"rendered":"<div id='av_section_1'  class='avia-section av-kdjv6fxl-f04a8ffd234fe7f907299ee4230dc875 main_color avia-section-no-padding avia-no-border-styling  avia-builder-el-0  el_before_av_two_third  avia-builder-el-first  avia-bg-style-scroll container_wrap fullsize'  ><div class='container av-section-cont-open' ><main  role=\"main\" itemprop=\"mainContentOfPage\"  class='template-page content  av-content-full alpha units'><div class='post-entry post-entry-type-page post-entry-15618'><div class='entry-content-wrapper clearfix'>\n\n<style type=\"text\/css\" data-created_by=\"avia_inline_auto\" id=\"style-css-av-kb0qjb2r-7614686b501e8b2eb37cecc490fa66d4\">\n.avia-image-container.av-kb0qjb2r-7614686b501e8b2eb37cecc490fa66d4 img.avia_image{\nbox-shadow:none;\n}\n.avia-image-container.av-kb0qjb2r-7614686b501e8b2eb37cecc490fa66d4 .av-image-caption-overlay-center{\ncolor:#ffffff;\n}\n<\/style>\n<div  class='avia-image-container av-kb0qjb2r-7614686b501e8b2eb37cecc490fa66d4 av-styling-no-styling avia-align-center  avia-builder-el-1  avia-builder-el-no-sibling '   itemprop=\"image\" itemscope=\"itemscope\" itemtype=\"https:\/\/schema.org\/ImageObject\" ><div class=\"avia-image-container-inner\"><div class=\"avia-image-overlay-wrap\"><img decoding=\"async\" fetchpriority=\"high\" class='wp-image-15619 avia-img-lazy-loading-not-15619 avia_image ' src=\"https:\/\/www.pauli.de\/wp-content\/uploads\/2020\/08\/HUB-Boulogne_mer-20_ueberk.jpg\" alt='' title='HUB-Boulogne_mer-20_ueberk'  height=\"1042\" width=\"2048\"  itemprop=\"thumbnailUrl\" srcset=\"https:\/\/www.pauli.de\/wp-content\/uploads\/2020\/08\/HUB-Boulogne_mer-20_ueberk.jpg 2048w, https:\/\/www.pauli.de\/wp-content\/uploads\/2020\/08\/HUB-Boulogne_mer-20_ueberk-500x254.jpg 500w, https:\/\/www.pauli.de\/wp-content\/uploads\/2020\/08\/HUB-Boulogne_mer-20_ueberk-1200x611.jpg 1200w, https:\/\/www.pauli.de\/wp-content\/uploads\/2020\/08\/HUB-Boulogne_mer-20_ueberk-768x391.jpg 768w, https:\/\/www.pauli.de\/wp-content\/uploads\/2020\/08\/HUB-Boulogne_mer-20_ueberk-1536x782.jpg 1536w, https:\/\/www.pauli.de\/wp-content\/uploads\/2020\/08\/HUB-Boulogne_mer-20_ueberk-1500x763.jpg 1500w, https:\/\/www.pauli.de\/wp-content\/uploads\/2020\/08\/HUB-Boulogne_mer-20_ueberk-705x359.jpg 705w\" sizes=\"(max-width: 2048px) 100vw, 2048px\" \/><\/div><\/div><\/div>\n<\/div><\/div><\/main><!-- close content main element --><\/div><\/div><div id='after_section_1'  class='main_color av_default_container_wrap container_wrap fullsize'  ><div class='container av-section-cont-open' ><div class='template-page content  av-content-full alpha units'><div class='post-entry post-entry-type-page post-entry-15618'><div class='entry-content-wrapper clearfix'>\n\n<style type=\"text\/css\" data-created_by=\"avia_inline_auto\" id=\"style-css-av-kb0sc6j6-4fa222a961c3f84b5ef482f8aeffc3ca\">\n#top .flex_column.av-kb0sc6j6-4fa222a961c3f84b5ef482f8aeffc3ca{\nmargin-top:0px;\nmargin-bottom:0px;\n}\n.flex_column.av-kb0sc6j6-4fa222a961c3f84b5ef482f8aeffc3ca{\nborder-radius:0px 0px 0px 0px;\npadding:0px 0px 0px 0px;\n}\n.responsive #top #wrap_all .flex_column.av-kb0sc6j6-4fa222a961c3f84b5ef482f8aeffc3ca{\nmargin-top:0px;\nmargin-bottom:0px;\n}\n<\/style>\n<div  class='flex_column av-kb0sc6j6-4fa222a961c3f84b5ef482f8aeffc3ca av_two_third  avia-builder-el-2  el_after_av_section  el_before_av_one_third  avia-builder-el-first  first flex_column_div av-zero-column-padding  '     ><p>\n<style type=\"text\/css\" data-created_by=\"avia_inline_auto\" id=\"style-css-av-2ebc7p-92c157b59acf5a374eb68bfb3830a741\">\n#top .av-special-heading.av-2ebc7p-92c157b59acf5a374eb68bfb3830a741{\npadding-bottom:10px;\n}\nbody .av-special-heading.av-2ebc7p-92c157b59acf5a374eb68bfb3830a741 .av-special-heading-tag .heading-char{\nfont-size:25px;\n}\n.av-special-heading.av-2ebc7p-92c157b59acf5a374eb68bfb3830a741 .av-subheading{\nfont-size:15px;\n}\n<\/style>\n<div  class='av-special-heading av-2ebc7p-92c157b59acf5a374eb68bfb3830a741 av-special-heading-h2 blockquote modern-quote  avia-builder-el-3  el_before_av_textblock  avia-builder-el-first  av-thin-font'><h2 class='av-special-heading-tag '  itemprop=\"headline\"  >beslag till <strong>glas i takkonstruktioner<\/strong><\/h2><div class=\"special-heading-border\"><div class=\"special-heading-inner-border\"><\/div><\/div><\/div><br \/>\n<section  class='av_textblock_section av-kb0qvoxg-0f21f82acd62374aa523e40b315282bc '   itemscope=\"itemscope\" itemtype=\"https:\/\/schema.org\/CreativeWork\" ><div class='avia_textblock'  itemprop=\"text\" ><p>N\u00e4r det g\u00e4ller s\u00e4kerhet i offentlig och privat milj\u00f6 st\u00e4lls s\u00e4rskilt h\u00f6ga krav p\u00e5 val av glas. Seminariet f\u00f6rmedlar urvalet av produkter (beslag och glas) f\u00f6r korrekt till\u00e4mpning enligt g\u00e4llande lagkrav. Detta ger dig en \u00f6versikt \u00f6ver bygglagen och utformningen av produkterna med hj\u00e4lp av statiska ber\u00e4kningar.<\/p>\n<\/div><\/section><\/p><\/div>\n\n<style type=\"text\/css\" data-created_by=\"avia_inline_auto\" id=\"style-css-av-kb0scfxn-5dd643ee89b252500859038a62fa9ec0\">\n#top .flex_column.av-kb0scfxn-5dd643ee89b252500859038a62fa9ec0{\nmargin-top:0px;\nmargin-bottom:0px;\n}\n.flex_column.av-kb0scfxn-5dd643ee89b252500859038a62fa9ec0{\nborder-radius:0px 0px 0px 0px;\npadding:0px 50px 0px 50px;\n}\n.responsive #top #wrap_all .flex_column.av-kb0scfxn-5dd643ee89b252500859038a62fa9ec0{\nmargin-top:0px;\nmargin-bottom:0px;\n}\n<\/style>\n<div  class='flex_column av-kb0scfxn-5dd643ee89b252500859038a62fa9ec0 av_one_third  avia-builder-el-5  el_after_av_two_third  el_before_av_one_third  flex_column_div  '     ><p>\n<style type=\"text\/css\" data-created_by=\"avia_inline_auto\" id=\"style-css-av-kb0q63ll-c80e0f97ffe1bef162acfd7f2e8c097a\">\n.avia-image-container.av-kb0q63ll-c80e0f97ffe1bef162acfd7f2e8c097a img.avia_image{\nbox-shadow:none;\n}\n.avia-image-container.av-kb0q63ll-c80e0f97ffe1bef162acfd7f2e8c097a .av-image-caption-overlay-center{\ncolor:#ffffff;\n}\n<\/style>\n<div  class='avia-image-container av-kb0q63ll-c80e0f97ffe1bef162acfd7f2e8c097a av-styling-no-styling avia_animated_image av-animated-when-visible-95 fade-in avia-align-left  avia-builder-el-6  el_before_av_heading  avia-builder-el-first '   itemprop=\"image\" itemscope=\"itemscope\" itemtype=\"https:\/\/schema.org\/ImageObject\" ><div class=\"avia-image-container-inner\"><div class=\"avia-image-overlay-wrap\"><img decoding=\"async\" fetchpriority=\"high\" class='wp-image-29584 avia-img-lazy-loading-not-29584 avia_image ' src=\"https:\/\/www.pauli.de\/wp-content\/uploads\/2021\/06\/PAULI_akademie_ENG.png\" alt='' title='PAULI_akademie_ENG'  height=\"401\" width=\"2048\"  itemprop=\"thumbnailUrl\" srcset=\"https:\/\/www.pauli.de\/wp-content\/uploads\/2021\/06\/PAULI_akademie_ENG.png 2048w, https:\/\/www.pauli.de\/wp-content\/uploads\/2021\/06\/PAULI_akademie_ENG-500x98.png 500w, https:\/\/www.pauli.de\/wp-content\/uploads\/2021\/06\/PAULI_akademie_ENG-1200x235.png 1200w, https:\/\/www.pauli.de\/wp-content\/uploads\/2021\/06\/PAULI_akademie_ENG-768x150.png 768w, https:\/\/www.pauli.de\/wp-content\/uploads\/2021\/06\/PAULI_akademie_ENG-1536x301.png 1536w, https:\/\/www.pauli.de\/wp-content\/uploads\/2021\/06\/PAULI_akademie_ENG-1500x294.png 1500w, https:\/\/www.pauli.de\/wp-content\/uploads\/2021\/06\/PAULI_akademie_ENG-705x138.png 705w\" sizes=\"(max-width: 2048px) 100vw, 2048px\" \/><\/div><\/div><\/div><br \/>\n\n<style type=\"text\/css\" data-created_by=\"avia_inline_auto\" id=\"style-css-av-22q12d-bf2e2530d3d6d8fe8a9fd58bd4be0b94\">\n#top .av-special-heading.av-22q12d-bf2e2530d3d6d8fe8a9fd58bd4be0b94{\nmargin:80px 0 0 0;\npadding-bottom:0;\n}\nbody .av-special-heading.av-22q12d-bf2e2530d3d6d8fe8a9fd58bd4be0b94 .av-special-heading-tag .heading-char{\nfont-size:25px;\n}\n.av-special-heading.av-22q12d-bf2e2530d3d6d8fe8a9fd58bd4be0b94 .av-subheading{\nfont-size:15px;\n}\n<\/style>\n<div  class='av-special-heading av-22q12d-bf2e2530d3d6d8fe8a9fd58bd4be0b94 av-special-heading-h2 blockquote modern-quote  avia-builder-el-7  el_after_av_image  el_before_av_training_small_view '><h2 class='av-special-heading-tag '  itemprop=\"headline\"  >Uppkommande h\u00e4ndelser<\/h2><div class=\"special-heading-border\"><div class=\"special-heading-inner-border\"><\/div><\/div><\/div><br \/>\n<ul class=\"trainings-small-view\"><li><div class=\"date-icon training-small-view-date\">04.11.2026<\/div>\n                            <div  class=\"training-small-view-name\">\n                            \t<a class=\"training-small-view-name-link\" id=training-small-view-name79448 href=https:\/\/www.pauli.de\/?post_type=training&#038;p=79448 >\u00dcberkopfverglasungen, Ganzglasgel\u00e4nder\n                            \t<\/a>\n                            <\/div>\n                            <\/li><\/ul> \n    \t\t\t<script>\n                    window.onload = function () {\n                    \tvar allLinksToDownloadPages = document.getElementsByClassName(\"training-small-view-name-link\");\n\n\t                    for(var i = 0; i < allLinksToDownloadPages.length; i++){\n\t                    \tvar linkToDownloadPage = allLinksToDownloadPages[i];\n\t                        var postId = linkToDownloadPage.id.replace(\/\\D\/g, \"\");\n\t                        var linkToDownloadPageId = postId + \"link\"; \n\t                        if (!!document.getElementById(linkToDownloadPageId)) {\n\t\t\t\t\t\t\t\tlinkToDownloadPage.href = \"#\" + linkToDownloadPageId;\n\t                        } \n\t                    }\n\t                }\n\t                \n                <\/script> <\/p><\/div>\n\n<style type=\"text\/css\" data-created_by=\"avia_inline_auto\" id=\"style-css-av-kb0scfxn-51b426349bd4408c1e6f338d3bfb3eeb\">\n.flex_column.av-kb0scfxn-51b426349bd4408c1e6f338d3bfb3eeb{\nborder-radius:0px 0px 0px 0px;\npadding:0px 0px 0px 0px;\n}\n<\/style>\n<div  class='flex_column av-kb0scfxn-51b426349bd4408c1e6f338d3bfb3eeb av_one_third  avia-builder-el-9  el_after_av_one_third  avia-builder-el-last  product_box first flex_column_div av-zero-column-padding  column-top-margin'     ><p>\n<style type=\"text\/css\" data-created_by=\"avia_inline_auto\" id=\"style-css-av-ke9z5s5u-35c047c01d225c59cebda89ee134a518\">\n.avia-image-container.av-ke9z5s5u-35c047c01d225c59cebda89ee134a518 img.avia_image{\nbox-shadow:none;\n}\n.avia-image-container.av-ke9z5s5u-35c047c01d225c59cebda89ee134a518 .av-image-caption-overlay-center{\ncolor:#ffffff;\n}\n<\/style>\n<div  class='avia-image-container av-ke9z5s5u-35c047c01d225c59cebda89ee134a518 av-styling- avia-align-center  avia-builder-el-10  el_before_av_heading  avia-builder-el-first '   itemprop=\"image\" itemscope=\"itemscope\" itemtype=\"https:\/\/schema.org\/ImageObject\" ><div class=\"avia-image-container-inner\"><div class=\"avia-image-overlay-wrap\"><img decoding=\"async\" fetchpriority=\"high\" class='wp-image-25447 avia-img-lazy-loading-not-25447 avia_image ' src=\"https:\/\/www.pauli.de\/wp-content\/uploads\/2020\/08\/ModulUe1_ueberkopf.jpg\" alt='' title='ModulUe1_ueberkopf'  height=\"742\" width=\"1000\"  itemprop=\"thumbnailUrl\" srcset=\"https:\/\/www.pauli.de\/wp-content\/uploads\/2020\/08\/ModulUe1_ueberkopf.jpg 1000w, https:\/\/www.pauli.de\/wp-content\/uploads\/2020\/08\/ModulUe1_ueberkopf-500x371.jpg 500w, https:\/\/www.pauli.de\/wp-content\/uploads\/2020\/08\/ModulUe1_ueberkopf-768x570.jpg 768w, https:\/\/www.pauli.de\/wp-content\/uploads\/2020\/08\/ModulUe1_ueberkopf-705x523.jpg 705w\" sizes=\"(max-width: 1000px) 100vw, 1000px\" \/><\/div><\/div><\/div><br \/>\n\n<style type=\"text\/css\" data-created_by=\"avia_inline_auto\" id=\"style-css-av-71u2p1-4f73eafe4d88e65959f9353137021fe5\">\n#top .av-special-heading.av-71u2p1-4f73eafe4d88e65959f9353137021fe5{\nmargin:0 0 0 0;\npadding-bottom:0;\n}\nbody .av-special-heading.av-71u2p1-4f73eafe4d88e65959f9353137021fe5 .av-special-heading-tag .heading-char{\nfont-size:25px;\n}\n.av-special-heading.av-71u2p1-4f73eafe4d88e65959f9353137021fe5 .av-subheading{\nfont-size:15px;\n}\n<\/style>\n<div  class='av-special-heading av-71u2p1-4f73eafe4d88e65959f9353137021fe5 av-special-heading-h2 blockquote modern-quote  avia-builder-el-11  el_after_av_image  el_before_av_buttonrow  av-thin-font'><h2 class='av-special-heading-tag '  itemprop=\"headline\"  ><strong>\u00dc1<strong> glas i takkonstruktioner<\/h2><div class=\"special-heading-border\"><div class=\"special-heading-inner-border\"><\/div><\/div><\/div><br \/>\n<div  class='avia-buttonrow-wrap av-kbupuxcf-5476b4a78e7ebfd910db0d7d85d28778 avia-buttonrow-left  avia-builder-el-12  el_after_av_heading  el_before_av_table  product_buttons'>\n\n<style type=\"text\/css\" data-created_by=\"avia_inline_auto\" id=\"style-css-av-hih7rw-9e9dd762c33101d4804d10e1cebf6ded\">\n#top #wrap_all .avia-button.av-hih7rw-9e9dd762c33101d4804d10e1cebf6ded{\nmargin-bottom:5px;\nmargin-right:5px;\n}\n<\/style>\n<a href=''  class='avia-button av-hih7rw-9e9dd762c33101d4804d10e1cebf6ded avia-icon_select-yes-left-icon avia-size-small avia-color-theme-color-subtle'   aria-label=\"Information\"><span class='avia_button_icon avia_button_icon_left avia-iconfont avia-font-entypo-fontello' data-av_icon='\ue81f' data-av_iconfont='entypo-fontello' ><\/span><span class='avia_iconbox_title' >Information<\/span><\/a>\n\n<style type=\"text\/css\" data-created_by=\"avia_inline_auto\" id=\"style-css-av-fvvip8-b9a63e1b18143837e2f05b3e07a49550\">\n#top #wrap_all .avia-button.av-fvvip8-b9a63e1b18143837e2f05b3e07a49550{\nmargin-bottom:5px;\nmargin-right:5px;\n}\n<\/style>\n<a href=''  class='avia-button av-fvvip8-b9a63e1b18143837e2f05b3e07a49550 avia-icon_select-yes-left-icon avia-size-small avia-color-theme-color-subtle'   aria-label=\"Termine\"><span class='avia_button_icon avia_button_icon_left avia-iconfont avia-font-entypo-fontello' data-av_icon='\ue85b' data-av_iconfont='entypo-fontello' ><\/span><span class='avia_iconbox_title' >Termine<\/span><\/a>\n<\/div><br \/>\n<div class='avia-data-table-wrap av-2e95mh-634bdc44253c98c5deb4dfd507b0616e avia_scrollable_table avia-table-1'><table  class='avia-table avia-data-table avia_pricing_default  avia-builder-el-13  el_after_av_buttonrow  avia-builder-el-last '  itemscope=\"itemscope\" itemtype=\"https:\/\/schema.org\/Table\" ><tbody><tr class=''><td class=''><\/p>\n<ul>\n<li>Basiswissen Werkstoff Glas und baurechtliche Grundlagen<\/li>\n<li>Bemessung, Sicherheit und Befestigung (AbZ) Z-70.3-85, DIN 18008, ZiE)<\/li>\n<li>Produktvorstellung punktgehaltener und linienf\u00f6rmig gelagerter \u00dcberkopfverglasungen<\/li>\n<li>Beispiele aus der Praxis<\/li>\n<\/ul>\n<p><\/td><\/tr><\/tbody><\/table><\/div><\/p><\/div>\n","protected":false},"excerpt":{"rendered":"","protected":false},"author":3,"featured_media":0,"parent":0,"menu_order":0,"comment_status":"closed","ping_status":"closed","template":"","meta":{"_acf_changed":false,"footnotes":""},"class_list":["post-15618","page","type-page","status-publish","hentry"],"acf":[],"_links":{"self":[{"href":"https:\/\/www.pauli.de\/sv\/wp-json\/wp\/v2\/pages\/15618","targetHints":{"allow":["GET"]}}],"collection":[{"href":"https:\/\/www.pauli.de\/sv\/wp-json\/wp\/v2\/pages"}],"about":[{"href":"https:\/\/www.pauli.de\/sv\/wp-json\/wp\/v2\/types\/page"}],"author":[{"embeddable":true,"href":"https:\/\/www.pauli.de\/sv\/wp-json\/wp\/v2\/users\/3"}],"replies":[{"embeddable":true,"href":"https:\/\/www.pauli.de\/sv\/wp-json\/wp\/v2\/comments?post=15618"}],"version-history":[{"count":10,"href":"https:\/\/www.pauli.de\/sv\/wp-json\/wp\/v2\/pages\/15618\/revisions"}],"predecessor-version":[{"id":69276,"href":"https:\/\/www.pauli.de\/sv\/wp-json\/wp\/v2\/pages\/15618\/revisions\/69276"}],"wp:attachment":[{"href":"https:\/\/www.pauli.de\/sv\/wp-json\/wp\/v2\/media?parent=15618"}],"curies":[{"name":"wp","href":"https:\/\/api.w.org\/{rel}","templated":true}]}}