{"id":15607,"date":"2020-06-24T14:03:58","date_gmt":"2020-06-24T12:03:58","guid":{"rendered":"https:\/\/www.pauli.de\/karriere\/"},"modified":"2024-04-10T15:26:04","modified_gmt":"2024-04-10T13:26:04","slug":"karriere","status":"publish","type":"page","link":"https:\/\/www.pauli.de\/sv\/karriere\/","title":{"rendered":"Karri\u00e4r"},"content":{"rendered":"\n<style type=\"text\/css\" data-created_by=\"avia_inline_auto\" id=\"style-css-av-7opvgb-4a3f55bc7d4e57ff601adbeb3fa467d7\">\n#top .av-special-heading.av-7opvgb-4a3f55bc7d4e57ff601adbeb3fa467d7{\npadding-bottom:50px;\n}\nbody .av-special-heading.av-7opvgb-4a3f55bc7d4e57ff601adbeb3fa467d7 .av-special-heading-tag .heading-char{\nfont-size:25px;\n}\n.av-special-heading.av-7opvgb-4a3f55bc7d4e57ff601adbeb3fa467d7 .av-subheading{\nfont-size:15px;\n}\n<\/style>\n<div  class='av-special-heading av-7opvgb-4a3f55bc7d4e57ff601adbeb3fa467d7 av-special-heading-h2 blockquote modern-quote  avia-builder-el-0  el_before_av_one_half  avia-builder-el-first '><h2 class='av-special-heading-tag '  itemprop=\"headline\"  >Lediga tj\u00e4nster<\/h2><div class=\"special-heading-border\"><div class=\"special-heading-inner-border\"><\/div><\/div><\/div>\n\n<style type=\"text\/css\" data-created_by=\"avia_inline_auto\" id=\"style-css-av-av_one_half-79ff81c021393065cee878051452f6a6\">\n.flex_column.av-av_one_half-79ff81c021393065cee878051452f6a6{\nborder-radius:0px 0px 0px 0px;\npadding:0px 0px 0px 0px;\n}\n<\/style>\n<div  class='flex_column av-av_one_half-79ff81c021393065cee878051452f6a6 av_one_half  avia-builder-el-1  el_after_av_heading  avia-builder-el-last  first flex_column_div av-zero-column-padding  '     ><p>\n<style type=\"text\/css\" data-created_by=\"avia_inline_auto\" id=\"style-css-av-av_heading-eef9ff985fb403dfbcd1fd0f431cc231\">\n#top .av-special-heading.av-av_heading-eef9ff985fb403dfbcd1fd0f431cc231{\npadding-bottom:10px;\n}\nbody .av-special-heading.av-av_heading-eef9ff985fb403dfbcd1fd0f431cc231 .av-special-heading-tag .heading-char{\nfont-size:25px;\n}\n.av-special-heading.av-av_heading-eef9ff985fb403dfbcd1fd0f431cc231 .av-subheading{\nfont-size:15px;\n}\n<\/style>\n<div  class='av-special-heading av-av_heading-eef9ff985fb403dfbcd1fd0f431cc231 av-special-heading-h1 blockquote modern-quote  avia-builder-el-2  el_before_av_image  avia-builder-el-first  av-thin-font'><div class='av-subheading av-subheading_above'><p>Vi s\u00f6ker nu en<\/p>\n<\/div><h1 class='av-special-heading-tag '  itemprop=\"headline\"  ><strong>Back office \/ kundsupport<\/strong><\/h1><div class=\"special-heading-border\"><div class=\"special-heading-inner-border\"><\/div><\/div><\/div><br \/>\n\n<style type=\"text\/css\" data-created_by=\"avia_inline_auto\" id=\"style-css-av-av_image-077a6cc81de2e3acf6e1df025c0715c0\">\n.avia-image-container.av-av_image-077a6cc81de2e3acf6e1df025c0715c0 img.avia_image{\nbox-shadow:none;\n}\n.avia-image-container.av-av_image-077a6cc81de2e3acf6e1df025c0715c0 .av-image-caption-overlay-center{\ncolor:#ffffff;\n}\n<\/style>\n<div  class='avia-image-container av-av_image-077a6cc81de2e3acf6e1df025c0715c0 av-styling- avia-align-center  avia-builder-el-3  el_after_av_heading  el_before_av_textblock '   itemprop=\"image\" itemscope=\"itemscope\" itemtype=\"https:\/\/schema.org\/ImageObject\" ><div class=\"avia-image-container-inner\"><div class=\"avia-image-overlay-wrap\"><img decoding=\"async\" fetchpriority=\"high\" class='wp-image-42578 avia-img-lazy-loading-not-42578 avia_image ' src=\"https:\/\/www.pauli.de\/wp-content\/uploads\/2023\/04\/backoffice-scaled.jpeg\" alt='' title='backoffice'  height=\"1707\" width=\"2560\"  itemprop=\"thumbnailUrl\" srcset=\"https:\/\/www.pauli.de\/wp-content\/uploads\/2023\/04\/backoffice-scaled.jpeg 2560w, https:\/\/www.pauli.de\/wp-content\/uploads\/2023\/04\/backoffice-500x333.jpeg 500w, https:\/\/www.pauli.de\/wp-content\/uploads\/2023\/04\/backoffice-1200x800.jpeg 1200w, https:\/\/www.pauli.de\/wp-content\/uploads\/2023\/04\/backoffice-768x512.jpeg 768w, https:\/\/www.pauli.de\/wp-content\/uploads\/2023\/04\/backoffice-1536x1024.jpeg 1536w, https:\/\/www.pauli.de\/wp-content\/uploads\/2023\/04\/backoffice-2048x1365.jpeg 2048w, https:\/\/www.pauli.de\/wp-content\/uploads\/2023\/04\/backoffice-1500x1000.jpeg 1500w, https:\/\/www.pauli.de\/wp-content\/uploads\/2023\/04\/backoffice-705x470.jpeg 705w\" sizes=\"(max-width: 2560px) 100vw, 2560px\" \/><\/div><\/div><\/div><br \/>\n<section  class='av_textblock_section av-lutu7e4k-9d9402322a4e3f4d3ca6da61db6dc820 '   itemscope=\"itemscope\" itemtype=\"https:\/\/schema.org\/CreativeWork\" ><div class='avia_textblock'  itemprop=\"text\" ><p><strong>\u00c4r du den vi s\u00f6ker?<\/strong><\/p>\n<p>Pauli Scandinavia \u00e4r ett f\u00f6retag som specialiserat sig p\u00e5 tillverkning av h\u00f6gkvalitativa metallbeslag f\u00f6r glas. F\u00f6retaget grundades f\u00f6r 40 \u00e5r sedan i Oberbergisches Waldbr\u00f6l som gr\u00e4nsar till K\u00f6ln, vi \u00e4r marknadsledande inom detta segment \u2013 tack vare utveckling och produktion i Tyskland har Pauli medarbetare med spetskompetens som utvecklar innovativa produkter med stor expertis och kreativitet.<\/p>\n<p>Vi sitter i Slagsta i ljusa trevliga lokaler med sj\u00f6utsikt ut\u00f6ver M\u00e4laren. Inget \u00f6ppet kontorslandskap. Bra l\u00e4ge, n\u00e4ra till motorv\u00e4g samt kommunal trafik.<\/p>\n<p>\u00c4r du ansvarsfull, sj\u00e4lvg\u00e5ende, flexibel och drivs av att ge service med kunden i fokus? Vill du ha ett varierande arbete d\u00e4r den ena dagen inte blir den andre lik? \u00c4r du en person som blir inspirerad av att t\u00e4nka utanf\u00f6r boxen och hitta l\u00f6sningar?<\/p>\n<p>Vi s\u00f6ker nu en kollega i Backoffice som skall arbeta med b\u00e5de ordermottagning och administration samt ing\u00e5 i v\u00e5rt s\u00e4ljteam d\u00e4r vi idag har ett n\u00e4ra samarbete med varandra.<\/p>\n<p>Detta \u00e4r mansdominerat yrke, s\u00e5 \u00e4r du kvinna \u00e4r det extra varmt v\u00e4lkommet!<\/p>\n<p><strong>Arbetsuppgifter<\/strong><\/p>\n<ul>\n<li>Ordermottagning<\/li>\n<li>Sammanst\u00e4llning av offerter<\/li>\n<li>Fakturering<\/li>\n<li>Kundsupport<\/li>\n<li>Goda spr\u00e5kkunskaper i b\u00e5de tal och skrift i b\u00e5de engelska och svenska<\/li>\n<\/ul>\n<p>Vi ser g\u00e4rna att du har tidigare erfarenhet av kundsupport. Vi arbetar idag i SAP aff\u00e4rssystem och erfarenheter i Office 365.<\/p>\n<p>V\u00e5ra kunder \u00e4r hantverkare och kan beh\u00f6va hj\u00e4lp med ritningar, finns erfarenheter av CAD, \u00e4r det en bonus.<\/p>\n<p><strong>Du erbjuds<\/strong><\/p>\n<p>Ett varierande jobb med olika roliga utmaningar<br \/>\nEn trevlig arbetsplats d\u00e4r alla funktioner och roller \u00e4r lika viktiga<br \/>\nEn g\u00e5ng om \u00e5ret arrangerar vi ett fiske\u00e4ventyr tillsammans med v\u00e5ra kunder.<\/p>\n<p>Start: Omg\u00e5ende<br \/>\nOmfattning: Heltid<\/p>\n<p>Varaktighet, arbetstid<br \/>\nHeltid tillsvidare<\/p>\n<p>Ers\u00e4ttning<br \/>\nFast l\u00f6n<\/p>\n<p><strong>S\u00e5 ans\u00f6ker du<\/strong><br \/>\n<a href=\"mailto:info@pauliscand.se\">info@pauliscand.se<\/a><\/p>\n<\/div><\/section><\/p><\/div>\n","protected":false},"excerpt":{"rendered":"","protected":false},"author":3,"featured_media":0,"parent":0,"menu_order":0,"comment_status":"closed","ping_status":"closed","template":"","meta":{"_acf_changed":false,"footnotes":""},"class_list":["post-15607","page","type-page","status-publish","hentry"],"acf":[],"_links":{"self":[{"href":"https:\/\/www.pauli.de\/sv\/wp-json\/wp\/v2\/pages\/15607","targetHints":{"allow":["GET"]}}],"collection":[{"href":"https:\/\/www.pauli.de\/sv\/wp-json\/wp\/v2\/pages"}],"about":[{"href":"https:\/\/www.pauli.de\/sv\/wp-json\/wp\/v2\/types\/page"}],"author":[{"embeddable":true,"href":"https:\/\/www.pauli.de\/sv\/wp-json\/wp\/v2\/users\/3"}],"replies":[{"embeddable":true,"href":"https:\/\/www.pauli.de\/sv\/wp-json\/wp\/v2\/comments?post=15607"}],"version-history":[{"count":45,"href":"https:\/\/www.pauli.de\/sv\/wp-json\/wp\/v2\/pages\/15607\/revisions"}],"predecessor-version":[{"id":69043,"href":"https:\/\/www.pauli.de\/sv\/wp-json\/wp\/v2\/pages\/15607\/revisions\/69043"}],"wp:attachment":[{"href":"https:\/\/www.pauli.de\/sv\/wp-json\/wp\/v2\/media?parent=15607"}],"curies":[{"name":"wp","href":"https:\/\/api.w.org\/{rel}","templated":true}]}}