{"id":15604,"date":"2020-06-24T14:45:13","date_gmt":"2020-06-24T12:45:13","guid":{"rendered":"https:\/\/www.pauli.de\/unternehmen\/"},"modified":"2024-12-12T08:54:17","modified_gmt":"2024-12-12T07:54:17","slug":"unternehmen","status":"publish","type":"page","link":"https:\/\/www.pauli.de\/sv\/unternehmen\/","title":{"rendered":"F\u00f6retag"},"content":{"rendered":"<div id='av_section_1'  class='avia-section av-3nxokm-2ce2d093fafc61283f23e761738b8892 main_color avia-section-default avia-no-border-styling  avia-builder-el-0  el_before_av_section  avia-builder-el-first  avia-bg-style-scroll container_wrap fullsize'  ><div class='container av-section-cont-open' ><main  role=\"main\" itemprop=\"mainContentOfPage\"  class='template-page content  av-content-full alpha units'><div class='post-entry post-entry-type-page post-entry-15604'><div class='entry-content-wrapper clearfix'>\n\n<style type=\"text\/css\" data-created_by=\"avia_inline_auto\" id=\"style-css-av-3xz1ty-b97db4ee6774d6119f9507b0dcd91110\">\n.flex_column.av-3xz1ty-b97db4ee6774d6119f9507b0dcd91110{\nborder-radius:0px 0px 0px 0px;\npadding:0px 0px 0px 0px;\n}\n<\/style>\n<div  class='flex_column av-3xz1ty-b97db4ee6774d6119f9507b0dcd91110 av_one_half  avia-builder-el-1  el_before_av_one_half  avia-builder-el-first  first flex_column_div av-zero-column-padding  '     ><p>\n<style type=\"text\/css\" data-created_by=\"avia_inline_auto\" id=\"style-css-av-1v17x2-6b5cfc19979af94eeb8333b211d27e07\">\n#top .av-special-heading.av-1v17x2-6b5cfc19979af94eeb8333b211d27e07{\npadding-bottom:10px;\n}\nbody .av-special-heading.av-1v17x2-6b5cfc19979af94eeb8333b211d27e07 .av-special-heading-tag .heading-char{\nfont-size:25px;\n}\n.av-special-heading.av-1v17x2-6b5cfc19979af94eeb8333b211d27e07 .av-subheading{\nfont-size:15px;\n}\n<\/style>\n<div  class='av-special-heading av-1v17x2-6b5cfc19979af94eeb8333b211d27e07 av-special-heading-h1 blockquote modern-quote  avia-builder-el-2  el_before_av_textblock  avia-builder-el-first  av-thin-font'><h1 class='av-special-heading-tag '  itemprop=\"headline\"  >Er partner inom arkitektur med   <strong>glas och metall<\/strong><\/h1><div class=\"special-heading-border\"><div class=\"special-heading-inner-border\"><\/div><\/div><\/div><br \/>\n<section  class='av_textblock_section av-kbtcn383-58d44cd2f866402a916de76929330fc8 '   itemscope=\"itemscope\" itemtype=\"https:\/\/schema.org\/CreativeWork\" ><div class='avia_textblock'  itemprop=\"text\" ><p>Vi utvecklar, tillverkar och levererar h\u00f6gkvalitativa beslag och system f\u00f6r strukturellt glasbyggande. V\u00e5r egen utvecklingsavdelning skapar innovativa och l\u00f6sningsorienterade produkter f\u00f6r<\/p>\n<p>br\u00f6stning och \u00f6verliggande glas,<br \/>\nglastak och fasadkonstruktioner,<br \/>\ninredningsapplikationer och<br \/>\nbadrum med helglasade duschar.<\/p>\n<p>Marknadsledare inom glasmonteringssystem<\/p>\n<p>Vi har satt h\u00f6ga standarder f\u00f6r v\u00e5r produktion i 40 \u00e5r. H\u00f6gkvalitativa material, noggrann bearbetning och strikta kontroller garanterar den h\u00f6ga kvaliteten p\u00e5 v\u00e5ra cirka 5.500 h\u00f6gteknologiska produkter.<\/p>\n<p>N\u00e4r vi utvecklar v\u00e5ra produkter l\u00e4gger vi ocks\u00e5 stor vikt vid att maximera s\u00e4kerhet, funktionalitet och modern design. D\u00e4rf\u00f6r har vi ett n\u00e4ra samarbete med universitet och testcenter och vi st\u00e5r i st\u00e4ndig kontakt med v\u00e5ra kunder.<\/p>\n<p>Baserat p\u00e5 omfattande testf\u00f6rfaranden \u00e4r vi det enda tyska f\u00f6retaget som har godk\u00e4nnanden inom alla s\u00e4kerhetsrelevanta omr\u00e5den f\u00f6r strukturell glaskonstruktion &#8211; utf\u00e4rdade av DIBt, det tyska institutet f\u00f6r byggnadsteknik i Berlin.<\/p>\n<p>Pauli + Sohn GmbH &#8211; de b\u00e4sta f\u00f6rbindelserna<\/p>\n<\/div><\/section><\/p><\/div>\n<style type=\"text\/css\" data-created_by=\"avia_inline_auto\" id=\"style-css-av-3xz1ty-2458de0bd5f7ceec74478a6e40e99d92\">\n.flex_column.av-3xz1ty-2458de0bd5f7ceec74478a6e40e99d92{\nborder-radius:0px 0px 0px 0px;\npadding:0px 0px 0px 0px;\n}\n<\/style>\n<div  class='flex_column av-3xz1ty-2458de0bd5f7ceec74478a6e40e99d92 av_one_half  avia-builder-el-4  el_after_av_one_half  avia-builder-el-last  flex_column_div av-zero-column-padding  '     ><p>\n<style type=\"text\/css\" data-created_by=\"avia_inline_auto\" id=\"style-css-av-kfmedtfj-e05fdb3b1ca24e99c0dfbdaf64498204\">\n#top .av-special-heading.av-kfmedtfj-e05fdb3b1ca24e99c0dfbdaf64498204{\npadding-bottom:10px;\n}\nbody .av-special-heading.av-kfmedtfj-e05fdb3b1ca24e99c0dfbdaf64498204 .av-special-heading-tag .heading-char{\nfont-size:25px;\n}\n.av-special-heading.av-kfmedtfj-e05fdb3b1ca24e99c0dfbdaf64498204 .av-subheading{\nfont-size:15px;\n}\n<\/style>\n<div  class='av-special-heading av-kfmedtfj-e05fdb3b1ca24e99c0dfbdaf64498204 av-special-heading-h1 blockquote modern-quote  avia-builder-el-5  el_before_av_textblock  avia-builder-el-first  av-thin-font'><h1 class='av-special-heading-tag '  itemprop=\"headline\"  >Vi vill <strong>inspirera dig!<\/strong><\/h1><div class=\"special-heading-border\"><div class=\"special-heading-inner-border\"><\/div><\/div><\/div><br \/>\n<section  class='av_textblock_section av-kbtcn383-58d44cd2f866402a916de76929330fc8 '   itemscope=\"itemscope\" itemtype=\"https:\/\/schema.org\/CreativeWork\" ><div class='avia_textblock'  itemprop=\"text\" ><p>Kvalitet skapar n\u00f6jda kunder Vi\u00a0internaliserar\u00a0denna princip p\u00e5\u00a0djupet\u00a0hos\u00a0Pauli +\u00a0Sohn.\u00a0Den\u00a0v\u00e4gleder\u00a0v\u00e5ra\u00a0handlingar\u00a0\u2013\u00a0i v\u00e5ra produktions- och utvecklingsprocesser, i v\u00e5rt produktsortiment, i v\u00e5ra kvalitetskontroller, i v\u00e5rt engagemang f\u00f6r Tyskland som\u00a0plats\u00a0och i v\u00e5r\u00a0&#8221;made\u00a0in\u00a0Germany&#8221;\u00a0kvalitetsst\u00e4mpel,\u00a0som vi anv\u00e4nder i varje produkt vi\u00a0levererar.<\/p>\n<p>Vi vill ocks\u00e5 \u00f6vertyga dig om den h\u00f6ga kvaliteten p\u00e5 v\u00e5ra produkter och r\u00e4kna dig till v\u00e5ra n\u00f6jda kunder.<\/p>\n<p>Vad\u00a0vi st\u00e5r\u00a0f\u00f6r:<\/p>\n<p>Vi vill leverera mycket bra kvalitet.<br \/>\nVi erbjuder godk\u00e4nnanden f\u00f6r alla s\u00e4kerhetsrelevanta omr\u00e5den.<br \/>\nVi v\u00e4rdes\u00e4tter ett tydligt och enkelt formspr\u00e5k.<br \/>\nVi arbetar h\u00e5llbart.<br \/>\nVi\u00a0\u00e4r stolta \u00f6ver kvalitetsst\u00e4mpeln\u00a0&#8221;made\u00a0in\u00a0Germany&#8221;.<br \/>\nVi tillhandah\u00e5ller utbildning och fortbildning.<\/p>\n<\/div><\/section><\/p><\/div><\/div><\/div><\/main><!-- close content main element --><\/div><\/div>\n<style type=\"text\/css\" data-created_by=\"avia_inline_auto\" id=\"style-css-av-k9e7z60h-5c6c27c1ae80ee7df393dbd711bad03e\">\n.avia-section.av-k9e7z60h-5c6c27c1ae80ee7df393dbd711bad03e .av-parallax .av-parallax-inner{\nbackground-color:#ffffff;\nbackground-image:url(https:\/\/www.pauli.de\/wp-content\/uploads\/2020\/06\/Fassade_01A_300dpi_ISO.jpg);\nbackground-repeat:no-repeat;\nbackground-position:50% 50%;\nbackground-attachment:scroll;\n}\n<\/style>\n<div id='av_section_2'  class='avia-section av-k9e7z60h-5c6c27c1ae80ee7df393dbd711bad03e main_color avia-section-large avia-no-border-styling  avia-builder-el-7  el_after_av_section  avia-builder-el-last  avia-full-stretch av-parallax-section avia-bg-style-parallax container_wrap fullsize'  data-section-bg-repeat='stretch'><div class='av-parallax' data-avia-parallax-ratio='0.3' ><div class='av-parallax-inner main_color avia-full-stretch'><\/div><\/div><div class='container av-section-cont-open' ><div class='template-page content  av-content-full alpha units'><div class='post-entry post-entry-type-page post-entry-15604'><div class='entry-content-wrapper clearfix'>\n\n<style type=\"text\/css\" data-created_by=\"avia_inline_auto\" id=\"style-css-av-kc2yu0eb-27a6fec72f1862b5c8a45791f8506b29\">\n#top .av-special-heading.av-kc2yu0eb-27a6fec72f1862b5c8a45791f8506b29{\nmargin:350px 0 25px 0;\npadding-bottom:10px;\ncolor:#ffffff;\nfont-size:100px;\n}\nbody .av-special-heading.av-kc2yu0eb-27a6fec72f1862b5c8a45791f8506b29 .av-special-heading-tag .heading-char{\nfont-size:25px;\n}\n#top #wrap_all .av-special-heading.av-kc2yu0eb-27a6fec72f1862b5c8a45791f8506b29 .av-special-heading-tag{\nfont-size:100px;\n}\n.av-special-heading.av-kc2yu0eb-27a6fec72f1862b5c8a45791f8506b29 .special-heading-inner-border{\nborder-color:#ffffff;\n}\n.av-special-heading.av-kc2yu0eb-27a6fec72f1862b5c8a45791f8506b29 .av-subheading{\nfont-size:40px;\n}\n\n@media only screen and (min-width: 768px) and (max-width: 989px){ \n#top #wrap_all .av-special-heading.av-kc2yu0eb-27a6fec72f1862b5c8a45791f8506b29 .av-special-heading-tag{\nfont-size:90px;\n}\n.av-special-heading.av-kc2yu0eb-27a6fec72f1862b5c8a45791f8506b29 .av-subheading{\nfont-size:35px;\n}\n}\n\n@media only screen and (min-width: 480px) and (max-width: 767px){ \n#top #wrap_all .av-special-heading.av-kc2yu0eb-27a6fec72f1862b5c8a45791f8506b29 .av-special-heading-tag{\nfont-size:80px;\n}\n.av-special-heading.av-kc2yu0eb-27a6fec72f1862b5c8a45791f8506b29 .av-subheading{\nfont-size:30px;\n}\n}\n\n@media only screen and (max-width: 479px){ \n#top #wrap_all .av-special-heading.av-kc2yu0eb-27a6fec72f1862b5c8a45791f8506b29 .av-special-heading-tag{\nfont-size:60px;\n}\n.av-special-heading.av-kc2yu0eb-27a6fec72f1862b5c8a45791f8506b29 .av-subheading{\nfont-size:25px;\n}\n}\n<\/style>\n<div  class='av-special-heading av-kc2yu0eb-27a6fec72f1862b5c8a45791f8506b29 av-special-heading-h2 custom-color-heading blockquote modern-quote  avia-builder-el-8  avia-builder-el-no-sibling  fullwidth_img_heading av-inherit-size'><h2 class='av-special-heading-tag '  itemprop=\"headline\"  >Pauli + Sohn<\/h2><div class='av_custom_color av-subheading av-subheading_below'><p>Beste Verbindungen<\/p>\n<\/div><div class=\"special-heading-border\"><div class=\"special-heading-inner-border\"><\/div><\/div><\/div>\n<\/p>\n","protected":false},"excerpt":{"rendered":"","protected":false},"author":3,"featured_media":0,"parent":0,"menu_order":0,"comment_status":"closed","ping_status":"closed","template":"","meta":{"_acf_changed":false,"footnotes":""},"class_list":["post-15604","page","type-page","status-publish","hentry"],"acf":[],"_links":{"self":[{"href":"https:\/\/www.pauli.de\/sv\/wp-json\/wp\/v2\/pages\/15604","targetHints":{"allow":["GET"]}}],"collection":[{"href":"https:\/\/www.pauli.de\/sv\/wp-json\/wp\/v2\/pages"}],"about":[{"href":"https:\/\/www.pauli.de\/sv\/wp-json\/wp\/v2\/types\/page"}],"author":[{"embeddable":true,"href":"https:\/\/www.pauli.de\/sv\/wp-json\/wp\/v2\/users\/3"}],"replies":[{"embeddable":true,"href":"https:\/\/www.pauli.de\/sv\/wp-json\/wp\/v2\/comments?post=15604"}],"version-history":[{"count":10,"href":"https:\/\/www.pauli.de\/sv\/wp-json\/wp\/v2\/pages\/15604\/revisions"}],"predecessor-version":[{"id":68993,"href":"https:\/\/www.pauli.de\/sv\/wp-json\/wp\/v2\/pages\/15604\/revisions\/68993"}],"wp:attachment":[{"href":"https:\/\/www.pauli.de\/sv\/wp-json\/wp\/v2\/media?parent=15604"}],"curies":[{"name":"wp","href":"https:\/\/api.w.org\/{rel}","templated":true}]}}