{"id":15600,"date":"2020-08-06T15:18:47","date_gmt":"2020-08-06T13:18:47","guid":{"rendered":"https:\/\/www.pauli.de\/produktion\/"},"modified":"2021-05-07T09:07:06","modified_gmt":"2021-05-07T07:07:06","slug":"produktion","status":"publish","type":"page","link":"https:\/\/www.pauli.de\/sv\/produktion\/","title":{"rendered":"Produktion"},"content":{"rendered":"<div id='av_section_1'  class='avia-section av-28ydu6-efc450ec5d08649420293223cf87aca5 main_color avia-section-no-padding avia-no-border-styling  avia-builder-el-0  el_before_av_section  avia-builder-el-first  avia-bg-style-scroll container_wrap fullsize'  ><div class='container av-section-cont-open' ><main  role=\"main\" itemprop=\"mainContentOfPage\"  class='template-page content  av-content-full alpha units'><div class='post-entry post-entry-type-page post-entry-15600'><div class='entry-content-wrapper clearfix'>\n\n<style type=\"text\/css\" data-created_by=\"avia_inline_auto\" id=\"style-css-av-kditt70t-a1dc732f558a2679c21d420da4b2ec59\">\n.avia-image-container.av-kditt70t-a1dc732f558a2679c21d420da4b2ec59 img.avia_image{\nbox-shadow:none;\n}\n.avia-image-container.av-kditt70t-a1dc732f558a2679c21d420da4b2ec59 .av-image-caption-overlay-center{\ncolor:#ffffff;\n}\n<\/style>\n<div  class='avia-image-container av-kditt70t-a1dc732f558a2679c21d420da4b2ec59 av-styling- avia-align-center  avia-builder-el-1  avia-builder-el-no-sibling '   itemprop=\"image\" itemscope=\"itemscope\" itemtype=\"https:\/\/schema.org\/ImageObject\" ><div class=\"avia-image-container-inner\"><div class=\"avia-image-overlay-wrap\"><img decoding=\"async\" fetchpriority=\"high\" class='wp-image-15601 avia-img-lazy-loading-not-15601 avia_image ' src=\"https:\/\/www.pauli.de\/wp-content\/uploads\/2020\/08\/DJI_0008_mod.jpg\" alt='' title='DJI_0008_mod'  height=\"867\" width=\"1920\"  itemprop=\"thumbnailUrl\" srcset=\"https:\/\/www.pauli.de\/wp-content\/uploads\/2020\/08\/DJI_0008_mod.jpg 1920w, https:\/\/www.pauli.de\/wp-content\/uploads\/2020\/08\/DJI_0008_mod-500x226.jpg 500w, https:\/\/www.pauli.de\/wp-content\/uploads\/2020\/08\/DJI_0008_mod-1200x542.jpg 1200w, https:\/\/www.pauli.de\/wp-content\/uploads\/2020\/08\/DJI_0008_mod-768x347.jpg 768w, https:\/\/www.pauli.de\/wp-content\/uploads\/2020\/08\/DJI_0008_mod-1536x694.jpg 1536w, https:\/\/www.pauli.de\/wp-content\/uploads\/2020\/08\/DJI_0008_mod-1500x677.jpg 1500w, https:\/\/www.pauli.de\/wp-content\/uploads\/2020\/08\/DJI_0008_mod-705x318.jpg 705w\" sizes=\"(max-width: 1920px) 100vw, 1920px\" \/><\/div><\/div><\/div>\n\n<\/div><\/div><\/main><!-- close content main element --><\/div><\/div><div id='av_section_2'  class='avia-section av-b4bxvi-f7f1186cfb3394c3ccc688056dd880da main_color avia-section-default avia-no-border-styling  avia-builder-el-2  el_after_av_section  el_before_av_section  avia-bg-style-scroll container_wrap fullsize'  ><div class='container av-section-cont-open' ><div class='template-page content  av-content-full alpha units'><div class='post-entry post-entry-type-page post-entry-15600'><div class='entry-content-wrapper clearfix'>\n\n<style type=\"text\/css\" data-created_by=\"avia_inline_auto\" id=\"style-css-av-9nnajy-7f4f027d2771a79cc1749af241a63710\">\n#top .av-special-heading.av-9nnajy-7f4f027d2771a79cc1749af241a63710{\npadding-bottom:50px;\n}\nbody .av-special-heading.av-9nnajy-7f4f027d2771a79cc1749af241a63710 .av-special-heading-tag .heading-char{\nfont-size:25px;\n}\n.av-special-heading.av-9nnajy-7f4f027d2771a79cc1749af241a63710 .av-subheading{\nfont-size:15px;\n}\n<\/style>\n<div  class='av-special-heading av-9nnajy-7f4f027d2771a79cc1749af241a63710 av-special-heading-h1 blockquote modern-quote  avia-builder-el-3  el_before_av_one_full  avia-builder-el-first '><h1 class='av-special-heading-tag '  itemprop=\"headline\"  >Produktion<\/h1><div class=\"special-heading-border\"><div class=\"special-heading-inner-border\"><\/div><\/div><\/div>\n\n<style type=\"text\/css\" data-created_by=\"avia_inline_auto\" id=\"style-css-av-ru38u-607cdd126cdc87a4e96223695ebe58a6\">\n.flex_column.av-ru38u-607cdd126cdc87a4e96223695ebe58a6{\nborder-radius:0px 0px 0px 0px;\npadding:0px 0px 0px 0px;\n}\n<\/style>\n<div  class='flex_column av-ru38u-607cdd126cdc87a4e96223695ebe58a6 av_one_full  avia-builder-el-4  el_after_av_heading  el_before_av_one_third  first flex_column_div av-zero-column-padding  '     ><p>\n<style type=\"text\/css\" data-created_by=\"avia_inline_auto\" id=\"style-css-av-7iny1a-e83ebd1613c8af0a1854164a4de3538f\">\n#top .av-special-heading.av-7iny1a-e83ebd1613c8af0a1854164a4de3538f{\npadding-bottom:10px;\n}\nbody .av-special-heading.av-7iny1a-e83ebd1613c8af0a1854164a4de3538f .av-special-heading-tag .heading-char{\nfont-size:25px;\n}\n.av-special-heading.av-7iny1a-e83ebd1613c8af0a1854164a4de3538f .av-subheading{\nfont-size:15px;\n}\n<\/style>\n<div  class='av-special-heading av-7iny1a-e83ebd1613c8af0a1854164a4de3538f av-special-heading-h2 blockquote modern-quote  avia-builder-el-5  el_before_av_textblock  avia-builder-el-first  av-thin-font'><h2 class='av-special-heading-tag '  itemprop=\"headline\"  >Pauli + Sohn: <strong>made in Germany<\/strong><\/h2><div class=\"special-heading-border\"><div class=\"special-heading-inner-border\"><\/div><\/div><\/div><br \/>\n<section  class='av_textblock_section av-kdpto61a-8537035e97e4e0460b3dbb24dcb92dec '   itemscope=\"itemscope\" itemtype=\"https:\/\/schema.org\/CreativeWork\" ><div class='avia_textblock'  itemprop=\"text\" ><p>De flesta av v\u00e5ra produkter finns endast med ett godk\u00e4nnande: med det bepr\u00f6vade kvalitetsm\u00e4rket \u201cmade in Germany\u201d, tillverkat under strikt kvalitetskontroll i Morsbach, Oberberg. Oavsett om det \u00e4r standardsystem eller flexibla specialkonstruktioner: Produktion i Tyskland garanterar dig<\/p>\n<ul>\n<li>personlig r\u00e5dgivning fr\u00e5n v\u00e5ra experter<\/li>\n<li>n\u00e4rproducerat<\/li>\n<li>korta leveranstider<\/li>\n<\/ul>\n<p>Genom detta g\u00f6r vi v\u00e5rt bidrag till att s\u00e4kra Tyskland som en industriell plats.<\/p>\n<\/div><\/section><\/p><\/div>\n<style type=\"text\/css\" data-created_by=\"avia_inline_auto\" id=\"style-css-av-5md3im-edcacf30a344b1243510b23254f265e5\">\n.flex_column.av-5md3im-edcacf30a344b1243510b23254f265e5{\nborder-radius:0px 0px 0px 0px;\npadding:0px 0px 0px 0px;\n}\n<\/style>\n<div  class='flex_column av-5md3im-edcacf30a344b1243510b23254f265e5 av_one_third  avia-builder-el-7  el_after_av_one_full  avia-builder-el-last  first flex_column_div av-zero-column-padding  column-top-margin'     ><p>\n<style type=\"text\/css\" data-created_by=\"avia_inline_auto\" id=\"style-css-av-kdpvp49q-a2aaa58729387465b4d4d9a6b374a16f\">\n#top .hr.hr-invisible.av-kdpvp49q-a2aaa58729387465b4d4d9a6b374a16f{\nheight:50px;\n}\n<\/style>\n<div  class='hr av-kdpvp49q-a2aaa58729387465b4d4d9a6b374a16f hr-invisible  avia-builder-el-8  el_before_av_image  avia-builder-el-first '><span class='hr-inner '><span class=\"hr-inner-style\"><\/span><\/span><\/div><br \/>\n\n<style type=\"text\/css\" data-created_by=\"avia_inline_auto\" id=\"style-css-av-kdpvl7k2-5abebb63ed95717ccb35dbade0d7034b\">\n.avia-image-container.av-kdpvl7k2-5abebb63ed95717ccb35dbade0d7034b img.avia_image{\nbox-shadow:none;\n}\n.avia-image-container.av-kdpvl7k2-5abebb63ed95717ccb35dbade0d7034b .av-image-caption-overlay-center{\ncolor:#ffffff;\n}\n<\/style>\n<div  class='avia-image-container av-kdpvl7k2-5abebb63ed95717ccb35dbade0d7034b av-styling- avia-align-center  avia-builder-el-9  el_after_av_hr  avia-builder-el-last '   itemprop=\"image\" itemscope=\"itemscope\" itemtype=\"https:\/\/schema.org\/ImageObject\" ><div class=\"avia-image-container-inner\"><div class=\"avia-image-overlay-wrap\"><img decoding=\"async\" fetchpriority=\"high\" class='wp-image-25361 avia-img-lazy-loading-not-25361 avia_image ' src=\"https:\/\/www.pauli.de\/wp-content\/uploads\/2020\/08\/MiG_logo2015.png\" alt='' title='MiG_logo2015'  height=\"112\" width=\"200\"  itemprop=\"thumbnailUrl\"  \/><\/div><\/div><\/div><\/p><\/div>\n\n<\/div><\/div><\/div><!-- close content main div --><\/div><\/div><div id='av_section_3'  class='avia-section av-67ludq-903e7b97111b18fac91196b2b031303f main_color avia-section-default avia-no-border-styling  avia-builder-el-10  el_after_av_section  el_before_av_section  avia-bg-style-scroll container_wrap fullsize'  ><div class='container av-section-cont-open' ><div class='template-page content  av-content-full alpha units'><div class='post-entry post-entry-type-page post-entry-15600'><div class='entry-content-wrapper clearfix'>\n\n<style type=\"text\/css\" data-created_by=\"avia_inline_auto\" id=\"style-css-av-kghxxwo8-8c332d8b23ab71711ef122627ec74f51\">\n#top .avia-gallery.av-kghxxwo8-8c332d8b23ab71711ef122627ec74f51 .avia-gallery-thumb a{\nwidth:25%;\n}\n<\/style>\n<div  class='avia-gallery av-kghxxwo8-8c332d8b23ab71711ef122627ec74f51 avia_animate_when_visible  avia-builder-el-11  avia-builder-el-no-sibling  avia_lazyload avia-gallery-animate avia-gallery-1'  itemprop=\"image\" itemscope=\"itemscope\" itemtype=\"https:\/\/schema.org\/ImageObject\" ><meta itemprop=\"contentURL\" content=\"https:\/\/www.pauli.de\/sv\/produktion\/\"><div class='avia-gallery-thumb'><a href=\"https:\/\/www.pauli.de\/wp-content\/uploads\/2020\/10\/QK0A2281-scaled-1200x800.jpg\" data-srcset=\"https:\/\/www.pauli.de\/wp-content\/uploads\/2020\/10\/QK0A2281-scaled-1200x800.jpg 1200w, https:\/\/www.pauli.de\/wp-content\/uploads\/2020\/10\/QK0A2281-scaled-500x333.jpg 500w, https:\/\/www.pauli.de\/wp-content\/uploads\/2020\/10\/QK0A2281-scaled-768x512.jpg 768w, https:\/\/www.pauli.de\/wp-content\/uploads\/2020\/10\/QK0A2281-scaled-1536x1024.jpg 1536w, https:\/\/www.pauli.de\/wp-content\/uploads\/2020\/10\/QK0A2281-scaled-2048x1366.jpg 2048w, https:\/\/www.pauli.de\/wp-content\/uploads\/2020\/10\/QK0A2281-scaled-1500x1000.jpg 1500w, https:\/\/www.pauli.de\/wp-content\/uploads\/2020\/10\/QK0A2281-scaled-705x470.jpg 705w\" data-sizes=\"(max-width: 1200px) 100vw, 1200px\" data-rel='gallery-1' data-prev-img='https:\/\/www.pauli.de\/wp-content\/uploads\/2020\/10\/QK0A2281-scaled-495x400.jpg' class='first_thumb lightbox ' data-onclick='1' title='QK0A2281'  itemprop=\"thumbnailUrl\"  ><img decoding=\"async\" fetchpriority=\"high\" class=\"wp-image-16296 avia-img-lazy-loading-not-16296\"   src=\"https:\/\/www.pauli.de\/wp-content\/uploads\/2020\/10\/QK0A2281-scaled-495x400.jpg\" width=\"495\" height=\"400\"  title='QK0A2281' alt='' srcset=\"https:\/\/www.pauli.de\/wp-content\/uploads\/2020\/10\/QK0A2281-scaled-495x400.jpg 495w, https:\/\/www.pauli.de\/wp-content\/uploads\/2020\/10\/QK0A2281-scaled-845x684.jpg 845w\" sizes=\"(max-width: 495px) 100vw, 495px\" \/><div class='big-prev-fake'><img decoding=\"async\" loading=\"lazy\" class=\"wp-image-16296 avia-img-lazy-loading-16296\"  width=\"495\" height=\"400\" src=\"https:\/\/www.pauli.de\/wp-content\/uploads\/2020\/10\/QK0A2281-scaled-495x400.jpg\" title='QK0A2281' alt='' srcset=\"https:\/\/www.pauli.de\/wp-content\/uploads\/2020\/10\/QK0A2281-scaled-495x400.jpg 495w, https:\/\/www.pauli.de\/wp-content\/uploads\/2020\/10\/QK0A2281-scaled-845x684.jpg 845w\" sizes=\"auto, (max-width: 495px) 100vw, 495px\" \/><\/div><\/a><a href=\"https:\/\/www.pauli.de\/wp-content\/uploads\/2020\/10\/QK0A2500-scaled-1200x800.jpg\" data-srcset=\"https:\/\/www.pauli.de\/wp-content\/uploads\/2020\/10\/QK0A2500-scaled-1200x800.jpg 1200w, https:\/\/www.pauli.de\/wp-content\/uploads\/2020\/10\/QK0A2500-scaled-500x333.jpg 500w, https:\/\/www.pauli.de\/wp-content\/uploads\/2020\/10\/QK0A2500-scaled-768x512.jpg 768w, https:\/\/www.pauli.de\/wp-content\/uploads\/2020\/10\/QK0A2500-scaled-1536x1024.jpg 1536w, https:\/\/www.pauli.de\/wp-content\/uploads\/2020\/10\/QK0A2500-scaled-2048x1366.jpg 2048w, https:\/\/www.pauli.de\/wp-content\/uploads\/2020\/10\/QK0A2500-scaled-1500x1000.jpg 1500w, https:\/\/www.pauli.de\/wp-content\/uploads\/2020\/10\/QK0A2500-scaled-705x470.jpg 705w\" data-sizes=\"(max-width: 1200px) 100vw, 1200px\" data-rel='gallery-1' data-prev-img='https:\/\/www.pauli.de\/wp-content\/uploads\/2020\/10\/QK0A2500-scaled-495x400.jpg' class='lightbox ' data-onclick='2' title='QK0A2500'  itemprop=\"thumbnailUrl\"  ><img decoding=\"async\" fetchpriority=\"high\" class=\"wp-image-16300 avia-img-lazy-loading-not-16300\"   src=\"https:\/\/www.pauli.de\/wp-content\/uploads\/2020\/10\/QK0A2500-scaled-495x400.jpg\" width=\"495\" height=\"400\"  title='QK0A2500' alt='' srcset=\"https:\/\/www.pauli.de\/wp-content\/uploads\/2020\/10\/QK0A2500-scaled-495x400.jpg 495w, https:\/\/www.pauli.de\/wp-content\/uploads\/2020\/10\/QK0A2500-scaled-845x684.jpg 845w\" sizes=\"(max-width: 495px) 100vw, 495px\" \/><div class='big-prev-fake'><img decoding=\"async\" loading=\"lazy\" class=\"wp-image-16300 avia-img-lazy-loading-16300\"  width=\"495\" height=\"400\" src=\"https:\/\/www.pauli.de\/wp-content\/uploads\/2020\/10\/QK0A2500-scaled-495x400.jpg\" title='QK0A2500' alt='' srcset=\"https:\/\/www.pauli.de\/wp-content\/uploads\/2020\/10\/QK0A2500-scaled-495x400.jpg 495w, https:\/\/www.pauli.de\/wp-content\/uploads\/2020\/10\/QK0A2500-scaled-845x684.jpg 845w\" sizes=\"auto, (max-width: 495px) 100vw, 495px\" \/><\/div><\/a><a href=\"https:\/\/www.pauli.de\/wp-content\/uploads\/2020\/10\/QK0A2513-scaled-1200x800.jpg\" data-srcset=\"https:\/\/www.pauli.de\/wp-content\/uploads\/2020\/10\/QK0A2513-scaled-1200x800.jpg 1200w, https:\/\/www.pauli.de\/wp-content\/uploads\/2020\/10\/QK0A2513-scaled-500x333.jpg 500w, https:\/\/www.pauli.de\/wp-content\/uploads\/2020\/10\/QK0A2513-scaled-768x512.jpg 768w, https:\/\/www.pauli.de\/wp-content\/uploads\/2020\/10\/QK0A2513-scaled-1536x1024.jpg 1536w, https:\/\/www.pauli.de\/wp-content\/uploads\/2020\/10\/QK0A2513-scaled-2048x1366.jpg 2048w, https:\/\/www.pauli.de\/wp-content\/uploads\/2020\/10\/QK0A2513-scaled-1500x1000.jpg 1500w, https:\/\/www.pauli.de\/wp-content\/uploads\/2020\/10\/QK0A2513-scaled-705x470.jpg 705w\" data-sizes=\"(max-width: 1200px) 100vw, 1200px\" data-rel='gallery-1' data-prev-img='https:\/\/www.pauli.de\/wp-content\/uploads\/2020\/10\/QK0A2513-scaled-495x400.jpg' class='lightbox ' data-onclick='3' title='QK0A2513'  itemprop=\"thumbnailUrl\"  ><img decoding=\"async\" fetchpriority=\"high\" class=\"wp-image-16304 avia-img-lazy-loading-not-16304\"   src=\"https:\/\/www.pauli.de\/wp-content\/uploads\/2020\/10\/QK0A2513-scaled-495x400.jpg\" width=\"495\" height=\"400\"  title='QK0A2513' alt='' srcset=\"https:\/\/www.pauli.de\/wp-content\/uploads\/2020\/10\/QK0A2513-scaled-495x400.jpg 495w, https:\/\/www.pauli.de\/wp-content\/uploads\/2020\/10\/QK0A2513-scaled-845x684.jpg 845w\" sizes=\"(max-width: 495px) 100vw, 495px\" \/><div class='big-prev-fake'><img decoding=\"async\" loading=\"lazy\" class=\"wp-image-16304 avia-img-lazy-loading-16304\"  width=\"495\" height=\"400\" src=\"https:\/\/www.pauli.de\/wp-content\/uploads\/2020\/10\/QK0A2513-scaled-495x400.jpg\" title='QK0A2513' alt='' srcset=\"https:\/\/www.pauli.de\/wp-content\/uploads\/2020\/10\/QK0A2513-scaled-495x400.jpg 495w, https:\/\/www.pauli.de\/wp-content\/uploads\/2020\/10\/QK0A2513-scaled-845x684.jpg 845w\" sizes=\"auto, (max-width: 495px) 100vw, 495px\" \/><\/div><\/a><a href=\"https:\/\/www.pauli.de\/wp-content\/uploads\/2020\/10\/produktion-morsbach_f-scaled-1200x800.jpg\" data-srcset=\"https:\/\/www.pauli.de\/wp-content\/uploads\/2020\/10\/produktion-morsbach_f-scaled-1200x800.jpg 1200w, https:\/\/www.pauli.de\/wp-content\/uploads\/2020\/10\/produktion-morsbach_f-scaled-500x333.jpg 500w, https:\/\/www.pauli.de\/wp-content\/uploads\/2020\/10\/produktion-morsbach_f-scaled-768x512.jpg 768w, https:\/\/www.pauli.de\/wp-content\/uploads\/2020\/10\/produktion-morsbach_f-scaled-1536x1024.jpg 1536w, https:\/\/www.pauli.de\/wp-content\/uploads\/2020\/10\/produktion-morsbach_f-scaled-2048x1366.jpg 2048w, https:\/\/www.pauli.de\/wp-content\/uploads\/2020\/10\/produktion-morsbach_f-scaled-1500x1000.jpg 1500w, https:\/\/www.pauli.de\/wp-content\/uploads\/2020\/10\/produktion-morsbach_f-scaled-705x470.jpg 705w\" data-sizes=\"(max-width: 1200px) 100vw, 1200px\" data-rel='gallery-1' data-prev-img='https:\/\/www.pauli.de\/wp-content\/uploads\/2020\/10\/produktion-morsbach_f-scaled-495x400.jpg' class='lightbox ' data-onclick='4' title='produktion-morsbach_f'  itemprop=\"thumbnailUrl\"  ><img decoding=\"async\" fetchpriority=\"high\" class=\"wp-image-16312 avia-img-lazy-loading-not-16312\"   src=\"https:\/\/www.pauli.de\/wp-content\/uploads\/2020\/10\/produktion-morsbach_f-scaled-495x400.jpg\" width=\"495\" height=\"400\"  title='produktion-morsbach_f' alt='' srcset=\"https:\/\/www.pauli.de\/wp-content\/uploads\/2020\/10\/produktion-morsbach_f-scaled-495x400.jpg 495w, https:\/\/www.pauli.de\/wp-content\/uploads\/2020\/10\/produktion-morsbach_f-scaled-845x684.jpg 845w\" sizes=\"(max-width: 495px) 100vw, 495px\" \/><div class='big-prev-fake'><img decoding=\"async\" loading=\"lazy\" class=\"wp-image-16312 avia-img-lazy-loading-16312\"  width=\"495\" height=\"400\" src=\"https:\/\/www.pauli.de\/wp-content\/uploads\/2020\/10\/produktion-morsbach_f-scaled-495x400.jpg\" title='produktion-morsbach_f' alt='' srcset=\"https:\/\/www.pauli.de\/wp-content\/uploads\/2020\/10\/produktion-morsbach_f-scaled-495x400.jpg 495w, https:\/\/www.pauli.de\/wp-content\/uploads\/2020\/10\/produktion-morsbach_f-scaled-845x684.jpg 845w\" sizes=\"auto, (max-width: 495px) 100vw, 495px\" \/><\/div><\/a><\/div><\/div>\n\n<\/div><\/div><\/div><!-- close content main div --><\/div><\/div><div id='av_section_4'  class='avia-section av-et4j2-98cd1e02de7956ef3fee0c43808ee38e main_color avia-section-default avia-no-border-styling  avia-builder-el-12  el_after_av_section  avia-builder-el-last  avia-bg-style-scroll container_wrap fullsize'  ><div class='container av-section-cont-open' ><div class='template-page content  av-content-full alpha units'><div class='post-entry post-entry-type-page post-entry-15600'><div class='entry-content-wrapper clearfix'>\n\n<style type=\"text\/css\" data-created_by=\"avia_inline_auto\" id=\"style-css-av-4a44ni-5296a2433a6124c108eef35e7af084da\">\n.flex_column.av-4a44ni-5296a2433a6124c108eef35e7af084da{\nborder-radius:0px 0px 0px 0px;\npadding:0px 0px 0px 0px;\n}\n<\/style>\n<div  class='flex_column av-4a44ni-5296a2433a6124c108eef35e7af084da av_three_fourth  avia-builder-el-13  el_before_av_one_fourth  avia-builder-el-first  first flex_column_div av-zero-column-padding  '     ><p>\n<style type=\"text\/css\" data-created_by=\"avia_inline_auto\" id=\"style-css-av-2dyur2-0bf2e6baddef60db7ec2b70e38bedaae\">\n#top .av-special-heading.av-2dyur2-0bf2e6baddef60db7ec2b70e38bedaae{\npadding-bottom:10px;\n}\nbody .av-special-heading.av-2dyur2-0bf2e6baddef60db7ec2b70e38bedaae .av-special-heading-tag .heading-char{\nfont-size:25px;\n}\n.av-special-heading.av-2dyur2-0bf2e6baddef60db7ec2b70e38bedaae .av-subheading{\nfont-size:15px;\n}\n<\/style>\n<div  class='av-special-heading av-2dyur2-0bf2e6baddef60db7ec2b70e38bedaae av-special-heading-h2 blockquote modern-quote  avia-builder-el-14  el_before_av_textblock  avia-builder-el-first  av-thin-font'><h2 class='av-special-heading-tag '  itemprop=\"headline\"  >Pauli + Sohn: <strong> milj\u00f6v\u00e4nlig produktion<\/strong><\/h2><div class=\"special-heading-border\"><div class=\"special-heading-inner-border\"><\/div><\/div><\/div><br \/>\n<section  class='av_textblock_section av-kdpto61a-8537035e97e4e0460b3dbb24dcb92dec '   itemscope=\"itemscope\" itemtype=\"https:\/\/schema.org\/CreativeWork\" ><div class='avia_textblock'  itemprop=\"text\" ><p>Pauli + Sohn: milj\u00f6v\u00e4nlig produktion.<br \/>\nVi vet att jordens naturresurser \u00e4r \u00e4ndliga. Det \u00e4r d\u00e4rf\u00f6r vi agerar p\u00e5 ett ekologiskt ansvarsfullt s\u00e4tt och l\u00e4gger stort v\u00e4rde p\u00e5 en s\u00e5 h\u00e5llbar produktion som m\u00f6jligt. Avfall fr\u00e5n r\u00e5varor \u00e5tervinns och vattnet som beh\u00f6vs f\u00f6r produktion upparbetas i ett internt filtersystem.<\/p>\n<p>Samtidigt l\u00e4gger Pauli + Sohn stor vikt vid innovation och modern produktionsteknik. Endast h\u00f6gkvalitativa material anv\u00e4nds som bearbetas ner till minsta detalj och monteras f\u00f6r hand.<\/p>\n<\/div><\/section><\/p><\/div>\n<style type=\"text\/css\" data-created_by=\"avia_inline_auto\" id=\"style-css-av-2ovijy-787aca8a7a57cc26303ca22cadd6bf8f\">\n.flex_column.av-2ovijy-787aca8a7a57cc26303ca22cadd6bf8f{\nborder-radius:0px 0px 0px 0px;\npadding:0px 0px 0px 0px;\n}\n<\/style>\n<div  class='flex_column av-2ovijy-787aca8a7a57cc26303ca22cadd6bf8f av_one_fourth  avia-builder-el-16  el_after_av_three_fourth  el_before_av_one_fourth  flex_column_div av-zero-column-padding  '     ><\/div>\n<style type=\"text\/css\" data-created_by=\"avia_inline_auto\" id=\"style-css-av-2ovijy-ab2c4b9fb812bffe662ebd13a570dcca\">\n.flex_column.av-2ovijy-ab2c4b9fb812bffe662ebd13a570dcca{\nborder-radius:0px 0px 0px 0px;\npadding:0px 0px 0px 0px;\n}\n<\/style>\n<div  class='flex_column av-2ovijy-ab2c4b9fb812bffe662ebd13a570dcca av_one_fourth  avia-builder-el-17  el_after_av_one_fourth  el_before_av_one_fourth  first flex_column_div av-zero-column-padding  column-top-margin'     ><style type=\"text\/css\" data-created_by=\"avia_inline_auto\" id=\"style-css-av-kdpu0ntp-ce81a265e36f78e48bc6c70cd5e895e2\">\n.avia-image-container.av-kdpu0ntp-ce81a265e36f78e48bc6c70cd5e895e2 img.avia_image{\nbox-shadow:none;\n}\n.avia-image-container.av-kdpu0ntp-ce81a265e36f78e48bc6c70cd5e895e2 .av-image-caption-overlay-center{\ncolor:#ffffff;\n}\n<\/style>\n<div  class='avia-image-container av-kdpu0ntp-ce81a265e36f78e48bc6c70cd5e895e2 av-styling- avia-align-center  avia-builder-el-18  avia-builder-el-no-sibling '   itemprop=\"image\" itemscope=\"itemscope\" itemtype=\"https:\/\/schema.org\/ImageObject\" ><div class=\"avia-image-container-inner\"><div class=\"avia-image-overlay-wrap\"><img decoding=\"async\" fetchpriority=\"high\" class='wp-image-16272 avia-img-lazy-loading-not-16272 avia_image ' src=\"https:\/\/www.pauli.de\/wp-content\/uploads\/2020\/10\/Nachhaltigkeit.jpg\" alt='' title='Nachhaltigkeit'  height=\"2430\" width=\"2048\"  itemprop=\"thumbnailUrl\" srcset=\"https:\/\/www.pauli.de\/wp-content\/uploads\/2020\/10\/Nachhaltigkeit.jpg 2048w, https:\/\/www.pauli.de\/wp-content\/uploads\/2020\/10\/Nachhaltigkeit-421x500.jpg 421w, https:\/\/www.pauli.de\/wp-content\/uploads\/2020\/10\/Nachhaltigkeit-1011x1200.jpg 1011w, https:\/\/www.pauli.de\/wp-content\/uploads\/2020\/10\/Nachhaltigkeit-768x911.jpg 768w, https:\/\/www.pauli.de\/wp-content\/uploads\/2020\/10\/Nachhaltigkeit-1295x1536.jpg 1295w, https:\/\/www.pauli.de\/wp-content\/uploads\/2020\/10\/Nachhaltigkeit-1726x2048.jpg 1726w, https:\/\/www.pauli.de\/wp-content\/uploads\/2020\/10\/Nachhaltigkeit-1264x1500.jpg 1264w, https:\/\/www.pauli.de\/wp-content\/uploads\/2020\/10\/Nachhaltigkeit-594x705.jpg 594w\" sizes=\"(max-width: 2048px) 100vw, 2048px\" \/><\/div><\/div><\/div><\/div>\n<style type=\"text\/css\" data-created_by=\"avia_inline_auto\" id=\"style-css-av-2ovijy-386f9a122d1c004767f88f8514eb182c\">\n.flex_column.av-2ovijy-386f9a122d1c004767f88f8514eb182c{\nborder-radius:0px 0px 0px 0px;\npadding:30px 0px 0px 0px;\n}\n<\/style>\n<div  class='flex_column av-2ovijy-386f9a122d1c004767f88f8514eb182c av_one_fourth  avia-builder-el-19  el_after_av_one_fourth  avia-builder-el-last  flex_column_div  column-top-margin'     ><style type=\"text\/css\" data-created_by=\"avia_inline_auto\" id=\"style-css-av-kdpu0ntp-4816ef37175ec1328ceb50920808cc02\">\n.avia-image-container.av-kdpu0ntp-4816ef37175ec1328ceb50920808cc02 img.avia_image{\nbox-shadow:none;\n}\n.avia-image-container.av-kdpu0ntp-4816ef37175ec1328ceb50920808cc02 .av-image-caption-overlay-center{\ncolor:#ffffff;\n}\n<\/style>\n<div  class='avia-image-container av-kdpu0ntp-4816ef37175ec1328ceb50920808cc02 av-styling- avia-align-center  avia-builder-el-20  avia-builder-el-no-sibling '   itemprop=\"image\" itemscope=\"itemscope\" itemtype=\"https:\/\/schema.org\/ImageObject\" ><div class=\"avia-image-container-inner\"><div class=\"avia-image-overlay-wrap\"><img decoding=\"async\" fetchpriority=\"high\" class='wp-image-16276 avia-img-lazy-loading-not-16276 avia_image ' src=\"https:\/\/www.pauli.de\/wp-content\/uploads\/2020\/10\/Recycling.jpg\" alt='' title='Recycling'  height=\"2048\" width=\"2048\"  itemprop=\"thumbnailUrl\" srcset=\"https:\/\/www.pauli.de\/wp-content\/uploads\/2020\/10\/Recycling.jpg 2048w, https:\/\/www.pauli.de\/wp-content\/uploads\/2020\/10\/Recycling-500x500.jpg 500w, https:\/\/www.pauli.de\/wp-content\/uploads\/2020\/10\/Recycling-1200x1200.jpg 1200w, https:\/\/www.pauli.de\/wp-content\/uploads\/2020\/10\/Recycling-150x150.jpg 150w, https:\/\/www.pauli.de\/wp-content\/uploads\/2020\/10\/Recycling-768x768.jpg 768w, https:\/\/www.pauli.de\/wp-content\/uploads\/2020\/10\/Recycling-1536x1536.jpg 1536w, https:\/\/www.pauli.de\/wp-content\/uploads\/2020\/10\/Recycling-36x36.jpg 36w, https:\/\/www.pauli.de\/wp-content\/uploads\/2020\/10\/Recycling-180x180.jpg 180w, https:\/\/www.pauli.de\/wp-content\/uploads\/2020\/10\/Recycling-1500x1500.jpg 1500w, https:\/\/www.pauli.de\/wp-content\/uploads\/2020\/10\/Recycling-705x705.jpg 705w\" sizes=\"(max-width: 2048px) 100vw, 2048px\" \/><\/div><\/div><\/div><\/div>\n","protected":false},"excerpt":{"rendered":"","protected":false},"author":3,"featured_media":0,"parent":0,"menu_order":0,"comment_status":"closed","ping_status":"closed","template":"","meta":{"_acf_changed":false,"footnotes":""},"class_list":["post-15600","page","type-page","status-publish","hentry"],"acf":[],"_links":{"self":[{"href":"https:\/\/www.pauli.de\/sv\/wp-json\/wp\/v2\/pages\/15600","targetHints":{"allow":["GET"]}}],"collection":[{"href":"https:\/\/www.pauli.de\/sv\/wp-json\/wp\/v2\/pages"}],"about":[{"href":"https:\/\/www.pauli.de\/sv\/wp-json\/wp\/v2\/types\/page"}],"author":[{"embeddable":true,"href":"https:\/\/www.pauli.de\/sv\/wp-json\/wp\/v2\/users\/3"}],"replies":[{"embeddable":true,"href":"https:\/\/www.pauli.de\/sv\/wp-json\/wp\/v2\/comments?post=15600"}],"version-history":[{"count":18,"href":"https:\/\/www.pauli.de\/sv\/wp-json\/wp\/v2\/pages\/15600\/revisions"}],"predecessor-version":[{"id":28566,"href":"https:\/\/www.pauli.de\/sv\/wp-json\/wp\/v2\/pages\/15600\/revisions\/28566"}],"wp:attachment":[{"href":"https:\/\/www.pauli.de\/sv\/wp-json\/wp\/v2\/media?parent=15600"}],"curies":[{"name":"wp","href":"https:\/\/api.w.org\/{rel}","templated":true}]}}