{"id":37803,"date":"2021-03-15T08:54:38","date_gmt":"2021-03-15T07:54:38","guid":{"rendered":"https:\/\/www.pauli.de\/mediennutzungsvertrag\/"},"modified":"2022-07-12T09:57:27","modified_gmt":"2022-07-12T07:57:27","slug":"mediennutzungsvertrag","status":"publish","type":"page","link":"https:\/\/www.pauli.de\/fr\/mediennutzungsvertrag\/","title":{"rendered":"Accord d&rsquo;utilisation des m\u00e9dias"},"content":{"rendered":"<div id='av_section_1'  class='avia-section av-17iswjl-ae7619dab1b3da0072f2ac059803b622 main_color avia-section-default avia-no-border-styling  avia-builder-el-0  avia-builder-el-no-sibling  avia-bg-style-scroll container_wrap fullsize'  ><div class='container av-section-cont-open' ><main  role=\"main\" itemprop=\"mainContentOfPage\"  class='template-page content  av-content-full alpha units'><div class='post-entry post-entry-type-page post-entry-37803'><div class='entry-content-wrapper clearfix'>\n\n<style type=\"text\/css\" data-created_by=\"avia_inline_auto\" id=\"style-css-av-kma9txon-fd26ca9189b6ce252edf2cd094cc7aa5\">\n#top .av-special-heading.av-kma9txon-fd26ca9189b6ce252edf2cd094cc7aa5{\npadding-bottom:10px;\n}\nbody .av-special-heading.av-kma9txon-fd26ca9189b6ce252edf2cd094cc7aa5 .av-special-heading-tag .heading-char{\nfont-size:25px;\n}\n.av-special-heading.av-kma9txon-fd26ca9189b6ce252edf2cd094cc7aa5 .av-subheading{\nfont-size:15px;\n}\n<\/style>\n<div  class='av-special-heading av-kma9txon-fd26ca9189b6ce252edf2cd094cc7aa5 av-special-heading-h1 blockquote modern-quote  avia-builder-el-1  el_before_av_one_half  avia-builder-el-first '><h1 class='av-special-heading-tag '  itemprop=\"headline\"  >Accord d\u2019utilisation des m\u00e9dias<\/h1><div class='av-subheading av-subheading_below'><p>Accord sur l&rsquo;utilisation des donn\u00e9es promotionnelles de P+S<\/p>\n<\/div><div class=\"special-heading-border\"><div class=\"special-heading-inner-border\"><\/div><\/div><\/div>\n\n<style type=\"text\/css\" data-created_by=\"avia_inline_auto\" id=\"style-css-av-r0k5nl-1d0b2c7d15452aa6b5c453745d9d34f0\">\n.flex_column.av-r0k5nl-1d0b2c7d15452aa6b5c453745d9d34f0{\nborder-radius:0px 0px 0px 0px;\npadding:0px 0px 0px 0px;\n}\n<\/style>\n<div  class='flex_column av-r0k5nl-1d0b2c7d15452aa6b5c453745d9d34f0 av_one_half  avia-builder-el-2  el_after_av_heading  avia-builder-el-last  first flex_column_div av-zero-column-padding  '     ><section  class='av_textblock_section av-kmaa25m8-9814e712e83b34d21b867d6d9d318c74 '   itemscope=\"itemscope\" itemtype=\"https:\/\/schema.org\/CreativeWork\" ><div class='avia_textblock'  itemprop=\"text\" ><p>En tant qu&rsquo;utilisateur enregistr\u00e9, je d\u00e9clare par la pr\u00e9sente mon consentement \u00e0 l&rsquo;application des conditions suivantes concernant les donn\u00e9es promotionnelles de la soci\u00e9t\u00e9 Pauli + Sohn :<\/p>\n<p>L&rsquo;utilisateur enregistr\u00e9 est uniquement autoris\u00e9 \u00e0 utiliser les donn\u00e9es promotionnelles de Pauli + Sohn pour promouvoir les produits de Pauli + Sohn. Toute autre utilisation n&rsquo;est pas autoris\u00e9e, en particulier le transfert de donn\u00e9es promotionnelles \u00e0 un tiers et\/ou l&rsquo;utilisation de donn\u00e9es promotionnelles pour promouvoir ou \u00e9tiqueter des produits tiers. La modification des donn\u00e9es promotionnelles est express\u00e9ment interdite.<\/p>\n<p>Sont consid\u00e9r\u00e9es comme des donn\u00e9es promotionnelles au sens de ce qui pr\u00e9c\u00e8de toutes les informations, travaux ou autres produits adapt\u00e9s \u00e0 la promotion des produits qui sont mis \u00e0 la disposition de l&rsquo;utilisateur enregistr\u00e9 par Pauli + Sohn via ce site Web ou qui ont \u00e9t\u00e9 ou seront c\u00e9d\u00e9s d&rsquo;une autre mani\u00e8re, notamment les photos et illustrations des produits Pauli + Sohn.<\/p>\n<p>Le droit d&rsquo;utilisation s&rsquo;\u00e9teint si Pauli + Sohn en informe l&rsquo;utilisateur enregistr\u00e9 (par exemple en cas de modification des donn\u00e9es promotionnelles ou d&rsquo;expiration de certains droits sur les donn\u00e9es promotionnelles, etc.) en envoyant un e-mail correspondant \u00e0 l&rsquo;adresse indiqu\u00e9e lors de l&rsquo;enregistrement et\/ou en l&rsquo;informant d&rsquo;une autre mani\u00e8re. Le droit d&rsquo;utilisation s&rsquo;\u00e9teint \u00e9galement si l&rsquo;utilisateur enregistr\u00e9 ne vend ou ne distribue aucun produit Pauli + Sohn, si les informations sur l&rsquo;utilisateur enregistr\u00e9 fournies lors de l&rsquo;enregistrement sont incorrectes et\/ou si l&rsquo;utilisateur se d\u00e9sinscrit.<\/p>\n<p>Les informations contenues dans les donn\u00e9es promotionnelles doivent \u00eatre consid\u00e9r\u00e9es comme approximatives par nature. Pauli + Sohn n&rsquo;accepte aucune responsabilit\u00e9 quant \u00e0 l&rsquo;exactitude du contenu des donn\u00e9es promotionnelles.<\/p>\n<\/div><\/section><\/div>\n","protected":false},"excerpt":{"rendered":"","protected":false},"author":3,"featured_media":0,"parent":0,"menu_order":0,"comment_status":"closed","ping_status":"closed","template":"","meta":{"_acf_changed":false,"footnotes":""},"class_list":["post-37803","page","type-page","status-publish","hentry"],"acf":[],"_links":{"self":[{"href":"https:\/\/www.pauli.de\/fr\/wp-json\/wp\/v2\/pages\/37803","targetHints":{"allow":["GET"]}}],"collection":[{"href":"https:\/\/www.pauli.de\/fr\/wp-json\/wp\/v2\/pages"}],"about":[{"href":"https:\/\/www.pauli.de\/fr\/wp-json\/wp\/v2\/types\/page"}],"author":[{"embeddable":true,"href":"https:\/\/www.pauli.de\/fr\/wp-json\/wp\/v2\/users\/3"}],"replies":[{"embeddable":true,"href":"https:\/\/www.pauli.de\/fr\/wp-json\/wp\/v2\/comments?post=37803"}],"version-history":[{"count":2,"href":"https:\/\/www.pauli.de\/fr\/wp-json\/wp\/v2\/pages\/37803\/revisions"}],"predecessor-version":[{"id":37808,"href":"https:\/\/www.pauli.de\/fr\/wp-json\/wp\/v2\/pages\/37803\/revisions\/37808"}],"wp:attachment":[{"href":"https:\/\/www.pauli.de\/fr\/wp-json\/wp\/v2\/media?parent=37803"}],"curies":[{"name":"wp","href":"https:\/\/api.w.org\/{rel}","templated":true}]}}