{"id":29418,"date":"2021-02-23T23:11:18","date_gmt":"2021-02-23T22:11:18","guid":{"rendered":"https:\/\/www.pauli.de\/registrierung\/"},"modified":"2022-07-11T13:45:30","modified_gmt":"2022-07-11T11:45:30","slug":"registrierung","status":"publish","type":"page","link":"https:\/\/www.pauli.de\/fr\/registrierung\/","title":{"rendered":"Enregistrement"},"content":{"rendered":"\n<style type=\"text\/css\" data-created_by=\"avia_inline_auto\" id=\"style-css-av-kmqtsl-b83df5864aa4c857bc6721d3be93c6a9\">\n#top .av-special-heading.av-kmqtsl-b83df5864aa4c857bc6721d3be93c6a9{\npadding-bottom:50px;\n}\nbody .av-special-heading.av-kmqtsl-b83df5864aa4c857bc6721d3be93c6a9 .av-special-heading-tag .heading-char{\nfont-size:25px;\n}\n.av-special-heading.av-kmqtsl-b83df5864aa4c857bc6721d3be93c6a9 .av-subheading{\nfont-size:15px;\n}\n<\/style>\n<div  class='av-special-heading av-kmqtsl-b83df5864aa4c857bc6721d3be93c6a9 av-special-heading-h1 blockquote modern-quote  avia-builder-el-0  el_before_av_one_half  avia-builder-el-first  av-thin-font'><h1 class='av-special-heading-tag '  itemprop=\"headline\"  >Enregistrement au <strong>Cloud Pauli<\/strong><\/h1><div class=\"special-heading-border\"><div class=\"special-heading-inner-border\"><\/div><\/div><\/div>\n\n<style type=\"text\/css\" data-created_by=\"avia_inline_auto\" id=\"style-css-av-14wbehh-7e4522db63ef790c84f618ed64d21dbc\">\n.flex_column.av-14wbehh-7e4522db63ef790c84f618ed64d21dbc{\nborder-radius:0px 0px 0px 0px;\npadding:0px 0px 0px 0px;\n}\n<\/style>\n<div  class='flex_column av-14wbehh-7e4522db63ef790c84f618ed64d21dbc av_one_half  avia-builder-el-1  el_after_av_heading  el_before_av_one_half  first flex_column_div av-zero-column-padding  '     ><\/div>\n\n<style type=\"text\/css\" data-created_by=\"avia_inline_auto\" id=\"style-css-av-qirab9-a3d0d112e53afaf28933141c752a64b6\">\n.flex_column.av-qirab9-a3d0d112e53afaf28933141c752a64b6{\nborder-radius:0px 0px 0px 0px;\npadding:0px 0px 0px 0px;\n}\n<\/style>\n<div  class='flex_column av-qirab9-a3d0d112e53afaf28933141c752a64b6 av_one_half  avia-builder-el-3  el_after_av_one_half  avia-builder-el-last  flex_column_div av-zero-column-padding  '     ><p><section  class='av_textblock_section av-kls1iek8-abfe721140a43a3a355d53d32209a9b3 '   itemscope=\"itemscope\" itemtype=\"https:\/\/schema.org\/CreativeWork\" ><div class='avia_textblock'  itemprop=\"text\" ><p>Veuillez vous inscrire pour acc\u00e9der \u00e0 notre Cloud Pauli.<\/p>\n<p>D\u00e8s que nous aurons re\u00e7u votre inscription, nous vous activerons pour l&rsquo;utiliser. Vous en serez inform\u00e9 par e-mail.<\/p>\n<p>Le Cloud Pauli contient un outil de calcul pour EVERYSPACE y une base de donn\u00e9es d\u2019images (en construction) avec des applications, des rendus et des dessins techniques.<\/p>\n<\/div><\/section><br \/>\n\n<style type=\"text\/css\" data-created_by=\"avia_inline_auto\" id=\"style-css-av-klul2rfg-db36ebdf3b182f8a77794907eda02115\">\n.avia-image-container.av-klul2rfg-db36ebdf3b182f8a77794907eda02115 img.avia_image{\nbox-shadow:none;\n}\n.avia-image-container.av-klul2rfg-db36ebdf3b182f8a77794907eda02115 .av-image-caption-overlay-center{\ncolor:#ffffff;\n}\n<\/style>\n<div  class='avia-image-container av-klul2rfg-db36ebdf3b182f8a77794907eda02115 av-styling- avia-align-center  avia-builder-el-5  el_after_av_textblock  avia-builder-el-last '   itemprop=\"image\" itemscope=\"itemscope\" itemtype=\"https:\/\/schema.org\/ImageObject\" ><div class=\"avia-image-container-inner\"><div class=\"avia-image-overlay-wrap\"><img decoding=\"async\" fetchpriority=\"high\" class='wp-image-26897 avia-img-lazy-loading-not-26897 avia_image ' src=\"https:\/\/www.pauli.de\/wp-content\/uploads\/2021\/03\/database-scaled.jpeg\" alt='' title='Cloud Computing Network concept'  height=\"1440\" width=\"2560\"  itemprop=\"thumbnailUrl\" srcset=\"https:\/\/www.pauli.de\/wp-content\/uploads\/2021\/03\/database-scaled.jpeg 2560w, https:\/\/www.pauli.de\/wp-content\/uploads\/2021\/03\/database-scaled-500x281.jpeg 500w, https:\/\/www.pauli.de\/wp-content\/uploads\/2021\/03\/database-scaled-1200x675.jpeg 1200w, https:\/\/www.pauli.de\/wp-content\/uploads\/2021\/03\/database-scaled-768x432.jpeg 768w, https:\/\/www.pauli.de\/wp-content\/uploads\/2021\/03\/database-scaled-1536x864.jpeg 1536w, https:\/\/www.pauli.de\/wp-content\/uploads\/2021\/03\/database-scaled-2048x1152.jpeg 2048w, https:\/\/www.pauli.de\/wp-content\/uploads\/2021\/03\/database-scaled-1500x844.jpeg 1500w, https:\/\/www.pauli.de\/wp-content\/uploads\/2021\/03\/database-scaled-705x397.jpeg 705w\" sizes=\"(max-width: 2560px) 100vw, 2560px\" \/><\/div><\/div><\/div><\/p><\/div>\n","protected":false},"excerpt":{"rendered":"","protected":false},"author":1,"featured_media":0,"parent":0,"menu_order":0,"comment_status":"closed","ping_status":"closed","template":"","meta":{"_acf_changed":false,"footnotes":""},"class_list":["post-29418","page","type-page","status-publish","hentry"],"acf":[],"_links":{"self":[{"href":"https:\/\/www.pauli.de\/fr\/wp-json\/wp\/v2\/pages\/29418","targetHints":{"allow":["GET"]}}],"collection":[{"href":"https:\/\/www.pauli.de\/fr\/wp-json\/wp\/v2\/pages"}],"about":[{"href":"https:\/\/www.pauli.de\/fr\/wp-json\/wp\/v2\/types\/page"}],"author":[{"embeddable":true,"href":"https:\/\/www.pauli.de\/fr\/wp-json\/wp\/v2\/users\/1"}],"replies":[{"embeddable":true,"href":"https:\/\/www.pauli.de\/fr\/wp-json\/wp\/v2\/comments?post=29418"}],"version-history":[{"count":8,"href":"https:\/\/www.pauli.de\/fr\/wp-json\/wp\/v2\/pages\/29418\/revisions"}],"predecessor-version":[{"id":37801,"href":"https:\/\/www.pauli.de\/fr\/wp-json\/wp\/v2\/pages\/29418\/revisions\/37801"}],"wp:attachment":[{"href":"https:\/\/www.pauli.de\/fr\/wp-json\/wp\/v2\/media?parent=29418"}],"curies":[{"name":"wp","href":"https:\/\/api.w.org\/{rel}","templated":true}]}}