{"id":17275,"date":"2020-07-05T14:25:17","date_gmt":"2020-07-05T12:25:17","guid":{"rendered":"https:\/\/www.pauli.de\/haendlersuche\/"},"modified":"2020-12-07T14:59:50","modified_gmt":"2020-12-07T13:59:50","slug":"haendlersuche","status":"publish","type":"page","link":"https:\/\/www.pauli.de\/fr\/haendlersuche\/","title":{"rendered":"Contacter un professionnel de la douche"},"content":{"rendered":"\n<style type=\"text\/css\" data-created_by=\"avia_inline_auto\" id=\"style-css-av-kiemdvow-8ec5c9161bdd01ed7a0560c7f7694b15\">\n#top .av-special-heading.av-kiemdvow-8ec5c9161bdd01ed7a0560c7f7694b15{\npadding-bottom:10px;\n}\nbody .av-special-heading.av-kiemdvow-8ec5c9161bdd01ed7a0560c7f7694b15 .av-special-heading-tag .heading-char{\nfont-size:25px;\n}\n.av-special-heading.av-kiemdvow-8ec5c9161bdd01ed7a0560c7f7694b15 .av-subheading{\nfont-size:15px;\n}\n<\/style>\n<div  class='av-special-heading av-kiemdvow-8ec5c9161bdd01ed7a0560c7f7694b15 av-special-heading-h2 blockquote modern-quote  avia-builder-el-0  el_before_av_one_half  avia-builder-el-first  av-thin-font'><h2 class='av-special-heading-tag '  itemprop=\"headline\"  >Contacter un <strong>professionnel de la douche<\/strong><\/h2><div class=\"special-heading-border\"><div class=\"special-heading-inner-border\"><\/div><\/div><\/div>\n\n<style type=\"text\/css\" data-created_by=\"avia_inline_auto\" id=\"style-css-av-3yhi01-0e77814e3cc831be61b4b6bd218a4a4d\">\n.flex_column.av-3yhi01-0e77814e3cc831be61b4b6bd218a4a4d{\nborder-radius:0px 0px 0px 0px;\npadding:0px 0px 0px 0px;\n}\n<\/style>\n<div  class='flex_column av-3yhi01-0e77814e3cc831be61b4b6bd218a4a4d av_one_half  avia-builder-el-1  el_after_av_heading  el_before_av_one_half  first flex_column_div av-zero-column-padding  '     ><section  class='av_textblock_section av-kb0qvoxg-b1f0d2e974e22c2cd9e5e2637a31b836 '   itemscope=\"itemscope\" itemtype=\"https:\/\/schema.org\/CreativeWork\" ><div class='avia_textblock'  itemprop=\"text\" ><section class=\"av_textblock_section \">\n<div class=\"avia_textblock  \">\n<p>Depuis l\u2019automne 2011, l\u2019Acad\u00e9mie Pauli propose une s\u00e9rie de s\u00e9minaires :\u00a0 <a href=\"http:\/\/www.pauli.de\/service\/schulungen\/duschenmaster-reihe\/\">Ma\u00eetrise de la Douche<\/a>.<\/p>\n<p>Ce certificat s\u2019acquiert en 3 niveaux de formation et distingue le titulaire par des connaissances pratiques et th\u00e9oriques. Cela garantit une consultation, une planification et une installation optimales de la douche tout en verre.<\/p>\n<p>Sur cette carte, vous pouvez trouver le professionnel de la douche de votre r\u00e9gion en entrant votre code postal.<\/p>\n<\/div>\n<\/section>\n<\/div><\/section><\/div>\n\n<style type=\"text\/css\" data-created_by=\"avia_inline_auto\" id=\"style-css-av-2fdej5-a0815332d76a82d7245315f3fde482c3\">\n.flex_column.av-2fdej5-a0815332d76a82d7245315f3fde482c3{\nborder-radius:0px 0px 0px 0px;\npadding:0px 0px 0px 0px;\n}\n<\/style>\n<div  class='flex_column av-2fdej5-a0815332d76a82d7245315f3fde482c3 av_one_half  avia-builder-el-3  el_after_av_one_half  el_before_av_section  avia-builder-el-last  flex_column_div av-zero-column-padding  '     ><style type=\"text\/css\" data-created_by=\"avia_inline_auto\" id=\"style-css-av-kcm0k6wz-a1b31b28165ef6edb18d232bc8525e71\">\n.avia-image-container.av-kcm0k6wz-a1b31b28165ef6edb18d232bc8525e71 img.avia_image{\nbox-shadow:none;\n}\n.avia-image-container.av-kcm0k6wz-a1b31b28165ef6edb18d232bc8525e71 .av-image-caption-overlay-center{\ncolor:#ffffff;\n}\n<\/style>\n<div  class='avia-image-container av-kcm0k6wz-a1b31b28165ef6edb18d232bc8525e71 av-styling- avia-align-center  avia-builder-el-4  avia-builder-el-no-sibling '   itemprop=\"image\" itemscope=\"itemscope\" itemtype=\"https:\/\/schema.org\/ImageObject\" ><div class=\"avia-image-container-inner\"><div class=\"avia-image-overlay-wrap\"><img decoding=\"async\" fetchpriority=\"high\" class='wp-image-5208 avia-img-lazy-loading-not-5208 avia_image ' src=\"https:\/\/www.pauli.de\/wp-content\/uploads\/2020\/08\/Master_of_showers_2.png\" alt='' title='Master_of_showers_2'  height=\"300\" width=\"300\"  itemprop=\"thumbnailUrl\" srcset=\"https:\/\/www.pauli.de\/wp-content\/uploads\/2020\/08\/Master_of_showers_2.png 300w, https:\/\/www.pauli.de\/wp-content\/uploads\/2020\/08\/Master_of_showers_2-150x150.png 150w, https:\/\/www.pauli.de\/wp-content\/uploads\/2020\/08\/Master_of_showers_2-36x36.png 36w, https:\/\/www.pauli.de\/wp-content\/uploads\/2020\/08\/Master_of_showers_2-180x180.png 180w\" sizes=\"(max-width: 300px) 100vw, 300px\" \/><\/div><\/div><\/div><\/div>\n<\/div><\/div><\/div><!-- close content main div --><\/div><\/div><div id='av_section_1'  class='avia-section av-kcp6mmcr-bbabe30600d7ef44a9087cac239329a1 main_color avia-section-no-padding avia-no-border-styling  avia-builder-el-5  el_after_av_one_half  el_before_av_hr  avia-bg-style-scroll container_wrap fullsize'  ><div class='container av-section-cont-open' ><div class='template-page content  av-content-full alpha units'><div class='post-entry post-entry-type-page post-entry-17275'><div class='entry-content-wrapper clearfix'>\n\n<style type=\"text\/css\" data-created_by=\"avia_inline_auto\" id=\"style-css-av-kiemebx7-3dd23759be50357aee482cb2b7ce8042\">\n#top .av-special-heading.av-kiemebx7-3dd23759be50357aee482cb2b7ce8042{\npadding-bottom:10px;\n}\nbody .av-special-heading.av-kiemebx7-3dd23759be50357aee482cb2b7ce8042 .av-special-heading-tag .heading-char{\nfont-size:25px;\n}\n.av-special-heading.av-kiemebx7-3dd23759be50357aee482cb2b7ce8042 .av-subheading{\nfont-size:15px;\n}\n<\/style>\n<div  class='av-special-heading av-kiemebx7-3dd23759be50357aee482cb2b7ce8042 av-special-heading-h2 blockquote modern-quote  avia-builder-el-6  el_before_av_codeblock  avia-builder-el-first '><h2 class='av-special-heading-tag '  itemprop=\"headline\"  >Rechercher<\/h2><div class=\"special-heading-border\"><div class=\"special-heading-inner-border\"><\/div><\/div><\/div>\n\n<div class='flex_column_table av-kb0scfxn-9bd5fdd351ce1a0bb340208694d2d6a9 sc-av_two_third av-break-at-tablet-flextable av-equal-height-column-flextable'>\n<style type=\"text\/css\" data-created_by=\"avia_inline_auto\" id=\"style-css-av-kb0scfxn-9bd5fdd351ce1a0bb340208694d2d6a9\">\n.flex_column.av-kb0scfxn-9bd5fdd351ce1a0bb340208694d2d6a9{\nborder-radius:0px 0px 0px 0px;\npadding:0px 0px 0px 0px;\n}\n<\/style>\n<div  class='flex_column av-kb0scfxn-9bd5fdd351ce1a0bb340208694d2d6a9 av_two_third  avia-builder-el-8  el_after_av_codeblock  el_before_av_one_third  maprow first av-break-at-tablet flex_column_table_cell av-equal-height-column av-align-top av-zero-column-padding  '     ><\/div><div class='av-flex-placeholder'><\/div>\n<style type=\"text\/css\" data-created_by=\"avia_inline_auto\" id=\"style-css-av-kb0sc6j6-b7b799856a297a9fdc48fda578729a66\">\n.flex_column.av-kb0sc6j6-b7b799856a297a9fdc48fda578729a66{\nborder-radius:0px 0px 0px 0px;\npadding:0px 0px 0px 0px;\n}\n<\/style>\n<div  class='flex_column av-kb0sc6j6-b7b799856a297a9fdc48fda578729a66 av_one_third  avia-builder-el-10  el_after_av_two_third  el_before_av_codeblock  matchrow av-break-at-tablet flex_column_table_cell av-equal-height-column av-align-top av-zero-column-padding  '     ><\/div><\/div><!--close column table wrapper. Autoclose: 1 -->\n<\/div><\/div><\/div><!-- close content main div --><\/div><\/div><div id='after_section_1'  class='main_color av_default_container_wrap container_wrap fullsize'  ><div class='container av-section-cont-open' ><div class='template-page content  av-content-full alpha units'><div class='post-entry post-entry-type-page post-entry-17275'><div class='entry-content-wrapper clearfix'>\n<style type=\"text\/css\" data-created_by=\"avia_inline_auto\" id=\"style-css-av-kcp6sz78-e6b18bb3fcb2d3ecee932e55267cd8bb\">\n#top .hr.hr-invisible.av-kcp6sz78-e6b18bb3fcb2d3ecee932e55267cd8bb{\nheight:10px;\n}\n<\/style>\n<div  class='hr av-kcp6sz78-e6b18bb3fcb2d3ecee932e55267cd8bb hr-invisible  avia-builder-el-13  el_after_av_section  avia-builder-el-no-sibling '><span class='hr-inner '><span class=\"hr-inner-style\"><\/span><\/span><\/div><\/p>\n","protected":false},"excerpt":{"rendered":"","protected":false},"author":1,"featured_media":0,"parent":0,"menu_order":0,"comment_status":"closed","ping_status":"closed","template":"","meta":{"_acf_changed":false,"footnotes":""},"class_list":["post-17275","page","type-page","status-publish","hentry"],"acf":[],"_links":{"self":[{"href":"https:\/\/www.pauli.de\/fr\/wp-json\/wp\/v2\/pages\/17275","targetHints":{"allow":["GET"]}}],"collection":[{"href":"https:\/\/www.pauli.de\/fr\/wp-json\/wp\/v2\/pages"}],"about":[{"href":"https:\/\/www.pauli.de\/fr\/wp-json\/wp\/v2\/types\/page"}],"author":[{"embeddable":true,"href":"https:\/\/www.pauli.de\/fr\/wp-json\/wp\/v2\/users\/1"}],"replies":[{"embeddable":true,"href":"https:\/\/www.pauli.de\/fr\/wp-json\/wp\/v2\/comments?post=17275"}],"version-history":[{"count":6,"href":"https:\/\/www.pauli.de\/fr\/wp-json\/wp\/v2\/pages\/17275\/revisions"}],"predecessor-version":[{"id":21163,"href":"https:\/\/www.pauli.de\/fr\/wp-json\/wp\/v2\/pages\/17275\/revisions\/21163"}],"wp:attachment":[{"href":"https:\/\/www.pauli.de\/fr\/wp-json\/wp\/v2\/media?parent=17275"}],"curies":[{"name":"wp","href":"https:\/\/api.w.org\/{rel}","templated":true}]}}