{"id":15781,"date":"2020-06-26T11:56:39","date_gmt":"2020-06-26T09:56:39","guid":{"rendered":"https:\/\/www.pauli.de\/pruefzeugnisse-zertifikate\/"},"modified":"2021-06-30T10:32:22","modified_gmt":"2021-06-30T08:32:22","slug":"pruefzeugnisse-zertifikate","status":"publish","type":"page","link":"https:\/\/www.pauli.de\/fr\/service\/pruefzeugnisse-zertifikate\/","title":{"rendered":"Essais et certifications"},"content":{"rendered":"\n<style type=\"text\/css\" data-created_by=\"avia_inline_auto\" id=\"style-css-av-41gj9h-52367414855aa43762f9710a7929cd0a\">\n#top .av-special-heading.av-41gj9h-52367414855aa43762f9710a7929cd0a{\npadding-bottom:10px;\n}\nbody .av-special-heading.av-41gj9h-52367414855aa43762f9710a7929cd0a .av-special-heading-tag .heading-char{\nfont-size:25px;\n}\n.av-special-heading.av-41gj9h-52367414855aa43762f9710a7929cd0a .av-subheading{\nfont-size:15px;\n}\n<\/style>\n<div  class='av-special-heading av-41gj9h-52367414855aa43762f9710a7929cd0a av-special-heading-h1 blockquote modern-quote  avia-builder-el-0  el_before_av_two_third  avia-builder-el-first  av-thin-font'><h1 class='av-special-heading-tag '  itemprop=\"headline\"  ><strong>Essais<\/strong> et <strong>Certifications<\/strong><\/h1><div class=\"special-heading-border\"><div class=\"special-heading-inner-border\"><\/div><\/div><\/div>\n\n<style type=\"text\/css\" data-created_by=\"avia_inline_auto\" id=\"style-css-av-6sb1fa-34a806f1d40a729672221c10988dc0c2\">\n.flex_column.av-6sb1fa-34a806f1d40a729672221c10988dc0c2{\nborder-radius:0px 0px 0px 0px;\npadding:0px 0px 0px 0px;\n}\n<\/style>\n<div  class='flex_column av-6sb1fa-34a806f1d40a729672221c10988dc0c2 av_two_third  avia-builder-el-1  el_after_av_heading  el_before_av_submenu  avia-builder-el-last  first flex_column_div av-zero-column-padding  '     ><section  class='av_textblock_section av-kc34slti-01d0a103c867c9671e0dc4a9d1c33f90 '   itemscope=\"itemscope\" itemtype=\"https:\/\/schema.org\/CreativeWork\" ><div class='avia_textblock'  itemprop=\"text\" ><p>Die Sicherheit unserer Produkte steht f\u00fcr uns an oberster Stelle. Deshalb lassen wir unsere Profile durch unabh\u00e4ngige Pr\u00fcfinstitute in aufwendigen Pr\u00fcfverfahren ausf\u00fchrlich testen.<\/p>\n<p>Unsere Systemprofile erf\u00fcllen die gesetzlichen Vorschriften und baurechtlichen Anforderungen \u2013 dokumentiert durch das allgemeine bauaufsichtliche Pr\u00fcfzeugnis (AbP) und die in Deutschland einzigartige allgemeine bauaufsichtliche Zulassung (AbZ) f\u00fcr die Verwendung ohne Kantenschutz oder lastabtragenden Holm.<\/p>\n<p>Das erleichtert Ihre Planungen erheblich. Sie sparen Zeit und Geld, da durch das AbP die aufwendige Zustimmung im Einzelfall (ZiE) entf\u00e4llt.<\/p>\n<p>Dar\u00fcber hinaus stellen wir Ihnen f\u00fcr verschiedene Anwendungen im Innen- und Au\u00dfenbereich entsprechende statische Berechnungen mit Bemessungsdiagrammen zur Verf\u00fcgung.<\/p>\n<\/div><\/section><\/div>\n<\/div><\/div><\/div><!-- close content main div --><\/div><\/div><div class='clear'><\/div><div id='sub_menu1'  class='av-submenu-container av-kc35139g-7ca2cbca830e6b5d343abde34492c84c alternate_color  avia-builder-el-3  el_after_av_two_third  el_before_av_section  av-sticky-submenu submenu-not-first container_wrap fullsize' style='z-index:301' ><div class='container av-menu-mobile-disabled av-submenu-pos-center'><ul id='av-custom-submenu-1' class='av-subnav-menu' role='menu'>\n<li class='menu-item av-1re2twl-a0f400bf674456d638aa0d99f197a683 menu-item-top-level menu-item-top-level-1' role='menuitem'><a href='#bruestungssysteme'  ><span class='avia-bullet'><\/span><span class='avia-menu-text'> Syst\u00e8mes de garde-corps<\/span><\/a><\/li>\n<li class='menu-item av-1bpym85-576a31278785964148f4aecbe396c4d2 menu-item-top-level menu-item-top-level-2' role='menuitem'><a href='#vordachsysteme'  ><span class='avia-bullet'><\/span><span class='avia-menu-text'> Syst\u00e8mes de marquises<\/span><\/a><\/li>\n<li class='menu-item av-saikqt-28ee796ce0ec5bb359f0d24bcd1caf71 menu-item-top-level menu-item-top-level-3' role='menuitem'><a href='#fassadensysteme'  ><span class='avia-bullet'><\/span><span class='avia-menu-text'>Syst\u00e8mes de fa\u00e7ages<\/span><\/a><\/li>\n<\/ul><\/div><\/div><div class='sticky_placeholder'><\/div>\n<div id='bruestungssysteme'  class='avia-section av-a6jhy-1472d4ffd6d91400f0a8729fdaa61025 main_color avia-section-default avia-no-border-styling  avia-builder-el-4  el_after_av_submenu  el_before_av_section  avia-bg-style-scroll container_wrap fullsize'  ><div class='container av-section-cont-open' ><div class='template-page content  av-content-full alpha units'><div class='post-entry post-entry-type-page post-entry-15781'><div class='entry-content-wrapper clearfix'>\n\n<style type=\"text\/css\" data-created_by=\"avia_inline_auto\" id=\"style-css-av-owxv0l-1035c9cbffbafc5a698b1d794b55c6cc\">\n#top .av-special-heading.av-owxv0l-1035c9cbffbafc5a698b1d794b55c6cc{\npadding-bottom:10px;\n}\nbody .av-special-heading.av-owxv0l-1035c9cbffbafc5a698b1d794b55c6cc .av-special-heading-tag .heading-char{\nfont-size:25px;\n}\n.av-special-heading.av-owxv0l-1035c9cbffbafc5a698b1d794b55c6cc .av-subheading{\nfont-size:15px;\n}\n<\/style>\n<div  class='av-special-heading av-owxv0l-1035c9cbffbafc5a698b1d794b55c6cc av-special-heading-h2 blockquote modern-quote  avia-builder-el-5  el_before_av_textblock  avia-builder-el-first '><h2 class='av-special-heading-tag '  itemprop=\"headline\"  >Syst\u00e8mes de garde-corps<\/h2><div class=\"special-heading-border\"><div class=\"special-heading-inner-border\"><\/div><\/div><\/div>\n<section  class='av_textblock_section av-kqj7zj5z-6d5bc8a87383f24ab3031767cee0ff57 '   itemscope=\"itemscope\" itemtype=\"https:\/\/schema.org\/CreativeWork\" ><div class='avia_textblock'  itemprop=\"text\" ><p>Pour toute documentation compl\u00e9mentaire, c\u2019est-\u00e0-dire statique, statique du syst\u00e8me, statique homologu\u00e9e, \u00e9valuations d\u2019experts, n\u2019h\u00e9sitez pas \u00e0 nous contacter \u00e0 l\u2019adresse suivante : <a href=\"mailto:info@pauli.de\">info@pauli.de<\/a><\/p>\n<\/div><\/section>\n<ul class=\"download_list\"><li><article><a target=\"_blank\" href=\"https:\/\/www.pauli.de\/fr\/download\/pruefzeugnisse-und-zulassungen-bruestungssysteme\/4wzwzwz\/\"><img alt='' src='https:\/\/www.pauli.de\/wp-content\/uploads\/2020\/07\/Sicher-abG-abZ-70-2-28.png' \/><\/a><div><h1 class=\"av-special-heading-tag\"><a target=\"_blank\" href=\"https:\/\/www.pauli.de\/fr\/download\/pruefzeugnisse-und-zulassungen-bruestungssysteme\/4wzwzwz\/\">Klemmbefestigungen<span class=\"av-icon-char download-icon\" aria-hidden=\"true\" data-av_icon=\"\ue82d\" data-av_iconfont=\"entypo-fontello\"><\/span><\/a><\/h1><p>Spannweiten von 500 - 1500 mm<br>\r\nZ-70.2-28<\/p><\/div><\/article><\/li><li><article><a target=\"_blank\" href=\"https:\/\/www.pauli.de\/fr\/download\/pruefzeugnisse-und-zulassungen-bruestungssysteme\/cp-profile-1400-1402-1403-1404-2\/\"><img alt='' src='https:\/\/www.pauli.de\/wp-content\/uploads\/2020\/07\/Sicher-AbP_40-002-19-1.png' \/><\/a><div><h1 class=\"av-special-heading-tag\"><a target=\"_blank\" href=\"https:\/\/www.pauli.de\/fr\/download\/pruefzeugnisse-und-zulassungen-bruestungssysteme\/cp-profile-1400-1402-1403-1404-2\/\">Ganzglasgel\u00e4nder mit Handlauf<span class=\"av-icon-char download-icon\" aria-hidden=\"true\" data-av_icon=\"\ue82d\" data-av_iconfont=\"entypo-fontello\"><\/span><\/a><\/h1><p>BAY 40-002-19-1<br>\r\ncp-Profile 1400, 1402, 1403, 1404<\/p><\/div><\/article><\/li><li><article><a target=\"_blank\" href=\"https:\/\/www.pauli.de\/fr\/download\/pruefzeugnisse-und-zulassungen-bruestungssysteme\/raumhohe-verglasung\/\"><img alt='' src='https:\/\/www.pauli.de\/wp-content\/uploads\/2020\/07\/Sicher-AbP_40-004-22-07.png' \/><\/a><div><h1 class=\"av-special-heading-tag\"><a target=\"_blank\" href=\"https:\/\/www.pauli.de\/fr\/download\/pruefzeugnisse-und-zulassungen-bruestungssysteme\/raumhohe-verglasung\/\">Raumhohe Verglasung<span class=\"av-icon-char download-icon\" aria-hidden=\"true\" data-av_icon=\"\ue82d\" data-av_iconfont=\"entypo-fontello\"><\/span><\/a><\/h1><p>BAY 40-004-22-07<\/p><\/div><\/article><\/li><li><article><a target=\"_blank\" href=\"https:\/\/www.pauli.de\/fr\/download\/pruefzeugnisse-und-zulassungen-bruestungssysteme\/klemmbefestigungen\/\"><img alt='' src='https:\/\/www.pauli.de\/wp-content\/uploads\/2021\/08\/Sicher-AbP_40-002-21-5.png' \/><\/a><div><h1 class=\"av-special-heading-tag\"><a target=\"_blank\" href=\"https:\/\/www.pauli.de\/fr\/download\/pruefzeugnisse-und-zulassungen-bruestungssysteme\/klemmbefestigungen\/\">Klemmbefestigungen<span class=\"av-icon-char download-icon\" aria-hidden=\"true\" data-av_icon=\"\ue82d\" data-av_iconfont=\"entypo-fontello\"><\/span><\/a><\/h1><p>Spannweiten 1500 bis 2100 mm<br>\r\nBAY 40-002-21-5<\/p><\/div><\/article><\/li><li><article><a target=\"_blank\" href=\"https:\/\/www.pauli.de\/fr\/download\/pruefzeugnisse-und-zulassungen-bruestungssysteme\/flachprofile-system-mit-esg\/\"><img alt='' src='https:\/\/www.pauli.de\/wp-content\/uploads\/2024\/04\/Sicher-AbP_40-004-23-07.png' \/><\/a><div><h1 class=\"av-special-heading-tag\"><a target=\"_blank\" href=\"https:\/\/www.pauli.de\/fr\/download\/pruefzeugnisse-und-zulassungen-bruestungssysteme\/flachprofile-system-mit-esg\/\">Gel\u00e4nderpfosten VSG aus ESG<span class=\"av-icon-char download-icon\" aria-hidden=\"true\" data-av_icon=\"\ue82d\" data-av_iconfont=\"entypo-fontello\"><\/span><\/a><\/h1><p>BAY 40-004-23-07<\/p><\/div><\/article><\/li><li><article><a target=\"_blank\" href=\"https:\/\/www.pauli.de\/fr\/download\/pruefzeugnisse-und-zulassungen-bruestungssysteme\/punkthalter-fuer-ausfachung\/\"><img alt='' src='https:\/\/www.pauli.de\/wp-content\/uploads\/2021\/11\/Sicher-AbP_40-007-21-5.png' \/><\/a><div><h1 class=\"av-special-heading-tag\"><a target=\"_blank\" href=\"https:\/\/www.pauli.de\/fr\/download\/pruefzeugnisse-und-zulassungen-bruestungssysteme\/punkthalter-fuer-ausfachung\/\">Punkthalter f\u00fcr Ausfachung<span class=\"av-icon-char download-icon\" aria-hidden=\"true\" data-av_icon=\"\ue82d\" data-av_iconfont=\"entypo-fontello\"><\/span><\/a><\/h1><p>BAY 40-007-21-5<\/p><\/div><\/article><\/li><li><article><a target=\"_blank\" href=\"https:\/\/www.pauli.de\/fr\/download\/pruefzeugnisse-und-zulassungen-bruestungssysteme\/kat-b-mit-punkthalter\/\"><img alt='' src='https:\/\/www.pauli.de\/wp-content\/uploads\/2025\/01\/Sicher-AbP_40-004-24-07.jpg' \/><\/a><div><h1 class=\"av-special-heading-tag\"><a target=\"_blank\" href=\"https:\/\/www.pauli.de\/fr\/download\/pruefzeugnisse-und-zulassungen-bruestungssysteme\/kat-b-mit-punkthalter\/\">Punkthalter nach Kategorie B<span class=\"av-icon-char download-icon\" aria-hidden=\"true\" data-av_icon=\"\ue82d\" data-av_iconfont=\"entypo-fontello\"><\/span><\/a><\/h1><p>BAY 40-004-24-07<\/p><\/div><\/article><\/li><li><article><a target=\"_blank\" href=\"https:\/\/www.pauli.de\/fr\/download\/pruefzeugnisse-und-zulassungen-bruestungssysteme\/franzoesische-balkone\/\"><img alt='' src='https:\/\/www.pauli.de\/wp-content\/uploads\/2020\/07\/Sicher-AbP_40-005-22-3.png' \/><\/a><div><h1 class=\"av-special-heading-tag\"><a target=\"_blank\" href=\"https:\/\/www.pauli.de\/fr\/download\/pruefzeugnisse-und-zulassungen-bruestungssysteme\/franzoesische-balkone\/\">Franz\u00f6sische Balkone<span class=\"av-icon-char download-icon\" aria-hidden=\"true\" data-av_icon=\"\ue82d\" data-av_iconfont=\"entypo-fontello\"><\/span><\/a><\/h1><p>BAY 40-005-22-3<\/p><\/div><\/article><\/li><li><article><a target=\"_blank\" href=\"https:\/\/www.pauli.de\/fr\/download\/pruefzeugnisse-und-zulassungen-bruestungssysteme\/befestigungssystem-cp-mini\/\"><img alt='' src='https:\/\/www.pauli.de\/wp-content\/uploads\/2023\/04\/Sicher-AbP_40-008-21-3.png' \/><\/a><div><h1 class=\"av-special-heading-tag\"><a target=\"_blank\" href=\"https:\/\/www.pauli.de\/fr\/download\/pruefzeugnisse-und-zulassungen-bruestungssysteme\/befestigungssystem-cp-mini\/\">Befestigungssystem cp-mini<span class=\"av-icon-char download-icon\" aria-hidden=\"true\" data-av_icon=\"\ue82d\" data-av_iconfont=\"entypo-fontello\"><\/span><\/a><\/h1><p>BAY 40-003-25-07<\/p><\/div><\/article><\/li><\/ul>\n<\/div><\/div><\/div><!-- close content main div --><\/div><\/div><div id='vordachsysteme'  class='avia-section av-kc34y69t-7ebe34fe0f448ee1da93937011e89e4a alternate_color avia-section-default avia-no-border-styling  avia-builder-el-8  el_after_av_section  el_before_av_section  avia-bg-style-scroll container_wrap fullsize'  ><div class='container av-section-cont-open' ><div class='template-page content  av-content-full alpha units'><div class='post-entry post-entry-type-page post-entry-15781'><div class='entry-content-wrapper clearfix'>\n\n<style type=\"text\/css\" data-created_by=\"avia_inline_auto\" id=\"style-css-av-khyqvmxn-d1bf7a10c4549892f6f56e1db8b017fe\">\n#top .av-special-heading.av-khyqvmxn-d1bf7a10c4549892f6f56e1db8b017fe{\npadding-bottom:10px;\n}\nbody .av-special-heading.av-khyqvmxn-d1bf7a10c4549892f6f56e1db8b017fe .av-special-heading-tag .heading-char{\nfont-size:25px;\n}\n.av-special-heading.av-khyqvmxn-d1bf7a10c4549892f6f56e1db8b017fe .av-subheading{\nfont-size:15px;\n}\n<\/style>\n<div  class='av-special-heading av-khyqvmxn-d1bf7a10c4549892f6f56e1db8b017fe av-special-heading-h2 blockquote modern-quote  avia-builder-el-9  el_before_av_textblock  avia-builder-el-first '><h2 class='av-special-heading-tag '  itemprop=\"headline\"  >Syst\u00e8mes de marquises<\/h2><div class=\"special-heading-border\"><div class=\"special-heading-inner-border\"><\/div><\/div><\/div>\n<section  class='av_textblock_section av-av_textblock-32af9c344aeda5838e62bcf702809feb '   itemscope=\"itemscope\" itemtype=\"https:\/\/schema.org\/CreativeWork\" ><div class='avia_textblock'  itemprop=\"text\" ><p>Pour toute documentation compl\u00e9mentaire, c\u2019est-\u00e0-dire statique, statique du syst\u00e8me, statique homologu\u00e9e, \u00e9valuations d\u2019experts, n\u2019h\u00e9sitez pas \u00e0 nous contacter \u00e0 l\u2019adresse suivante : <a href=\"mailto:info@pauli.de\">info@pauli.de<\/a><\/p>\n<\/div><\/section>\n<ul class=\"download_list\"><li><article><a target=\"_blank\" href=\"https:\/\/www.pauli.de\/fr\/download\/test\/vordach-kragarm\/\"><img alt='' src='https:\/\/www.pauli.de\/wp-content\/uploads\/2022\/11\/Sicher-aBG-70-3-244.png' \/><\/a><div><h1 class=\"av-special-heading-tag\"><a target=\"_blank\" href=\"https:\/\/www.pauli.de\/fr\/download\/test\/vordach-kragarm\/\">Freitragendes Vordachsystem<span class=\"av-icon-char download-icon\" aria-hidden=\"true\" data-av_icon=\"\ue82d\" data-av_iconfont=\"entypo-fontello\"><\/span><\/a><\/h1><p>Z-70.3-244<\/p><\/div><\/article><\/li><li><article><a target=\"_blank\" href=\"https:\/\/www.pauli.de\/fr\/download\/test\/download-test\/\"><img alt='' src='https:\/\/www.pauli.de\/wp-content\/uploads\/2021\/11\/Sicher-AbZ-aBG-70-3-85.png' \/><\/a><div><h1 class=\"av-special-heading-tag\"><a target=\"_blank\" href=\"https:\/\/www.pauli.de\/fr\/download\/test\/download-test\/\">Vordachsystem abgeh\u00e4ngt \/ mit Punkthalter und Glas f\u00fcr Unterkonstruktionen<span class=\"av-icon-char download-icon\" aria-hidden=\"true\" data-av_icon=\"\ue82d\" data-av_iconfont=\"entypo-fontello\"><\/span><\/a><\/h1><p>Z-70.3-85<\/p><\/div><\/article><\/li><li><article><a target=\"_blank\" href=\"https:\/\/www.pauli.de\/fr\/download\/test\/pruefbericht-zu-abz-z-70-3-85\/\"><img alt='' src='https:\/\/www.pauli.de\/wp-content\/uploads\/2020\/12\/Sicher-BD.png' \/><\/a><div><h1 class=\"av-special-heading-tag\"><a target=\"_blank\" href=\"https:\/\/www.pauli.de\/fr\/download\/test\/pruefbericht-zu-abz-z-70-3-85\/\">Pr\u00fcfbericht zu AbZ Z-70.3-85<span class=\"av-icon-char download-icon\" aria-hidden=\"true\" data-av_icon=\"\ue82d\" data-av_iconfont=\"entypo-fontello\"><\/span><\/a><\/h1><p>TP-14-0010<\/p><\/div><\/article><\/li><li><article><a target=\"_blank\" href=\"https:\/\/www.pauli.de\/fr\/download\/test\/abz-schwerlastkonsole-slk-alu-tr-und-slk-alu-tq\/\"><img alt='' src='https:\/\/www.pauli.de\/wp-content\/uploads\/2020\/09\/Sicher-AbZ-10-9-576.png' \/><\/a><div><h1 class=\"av-special-heading-tag\"><a target=\"_blank\" href=\"https:\/\/www.pauli.de\/fr\/download\/test\/abz-schwerlastkonsole-slk-alu-tr-und-slk-alu-tq\/\">Schwerlastkonsole SLK-ALU-TR und SLK-ALU-TQ<span class=\"av-icon-char download-icon\" aria-hidden=\"true\" data-av_icon=\"\ue82d\" data-av_iconfont=\"entypo-fontello\"><\/span><\/a><\/h1><p>Z-10.9-576 \r\nf\u00fcr die Befestigung von Anbauteilen auf Au\u00dfenw\u00e4nden<\/p><\/div><\/article><\/li><\/ul>\n<\/div><\/div><\/div><!-- close content main div --><\/div><\/div><div id='fassadensysteme'  class='avia-section av-kc34y69t-1624e7a8147bd0030724e2051353d863 main_color avia-section-default avia-no-border-styling  avia-builder-el-12  el_after_av_section  avia-builder-el-last  avia-bg-style-scroll container_wrap fullsize'  ><div class='container av-section-cont-open' ><div class='template-page content  av-content-full alpha units'><div class='post-entry post-entry-type-page post-entry-15781'><div class='entry-content-wrapper clearfix'>\n\n<style type=\"text\/css\" data-created_by=\"avia_inline_auto\" id=\"style-css-av-khyqvwsm-68ddf00c6c2ea03462844a53e0abf0b8\">\n#top .av-special-heading.av-khyqvwsm-68ddf00c6c2ea03462844a53e0abf0b8{\npadding-bottom:10px;\n}\nbody .av-special-heading.av-khyqvwsm-68ddf00c6c2ea03462844a53e0abf0b8 .av-special-heading-tag .heading-char{\nfont-size:25px;\n}\n.av-special-heading.av-khyqvwsm-68ddf00c6c2ea03462844a53e0abf0b8 .av-subheading{\nfont-size:15px;\n}\n<\/style>\n<div  class='av-special-heading av-khyqvwsm-68ddf00c6c2ea03462844a53e0abf0b8 av-special-heading-h2 blockquote modern-quote  avia-builder-el-13  el_before_av_textblock  avia-builder-el-first '><h2 class='av-special-heading-tag '  itemprop=\"headline\"  >Syst\u00e8mes de fa\u00e7ages<\/h2><div class=\"special-heading-border\"><div class=\"special-heading-inner-border\"><\/div><\/div><\/div>\n<section  class='av_textblock_section av-av_textblock-32af9c344aeda5838e62bcf702809feb '   itemscope=\"itemscope\" itemtype=\"https:\/\/schema.org\/CreativeWork\" ><div class='avia_textblock'  itemprop=\"text\" ><p>Pour toute documentation compl\u00e9mentaire, c\u2019est-\u00e0-dire statique, statique du syst\u00e8me, statique homologu\u00e9e, \u00e9valuations d\u2019experts, n\u2019h\u00e9sitez pas \u00e0 nous contacter \u00e0 l\u2019adresse suivante : <a href=\"mailto:info@pauli.de\">info@pauli.de<\/a><\/p>\n<\/div><\/section>\n<ul class=\"download_list\"><li><article><a target=\"_blank\" href=\"https:\/\/www.pauli.de\/fr\/download\/pruefzeugnisse-und-zulassungen-fassadensysteme\/test2\/\"><img alt='' src='https:\/\/www.pauli.de\/wp-content\/uploads\/2024\/05\/Sicher-abG-abZ-70-2-135.png' \/><\/a><div><h1 class=\"av-special-heading-tag\"><a target=\"_blank\" href=\"https:\/\/www.pauli.de\/fr\/download\/pruefzeugnisse-und-zulassungen-fassadensysteme\/test2\/\">Punkthalter f\u00fcr Fassadenbau<span class=\"av-icon-char download-icon\" aria-hidden=\"true\" data-av_icon=\"\ue82d\" data-av_iconfont=\"entypo-fontello\"><\/span><\/a><\/h1><p>Z-70.2-135<br>\r\npunktf\u00f6rmig gelagerte Verglasungen mit Tellerhaltern und Senkkopfhaltern<\/p><\/div><\/article><\/li><\/ul>\n<\/p>\n","protected":false},"excerpt":{"rendered":"","protected":false},"author":3,"featured_media":0,"parent":15792,"menu_order":0,"comment_status":"closed","ping_status":"closed","template":"","meta":{"_acf_changed":false,"footnotes":""},"class_list":["post-15781","page","type-page","status-publish","hentry"],"acf":[],"_links":{"self":[{"href":"https:\/\/www.pauli.de\/fr\/wp-json\/wp\/v2\/pages\/15781","targetHints":{"allow":["GET"]}}],"collection":[{"href":"https:\/\/www.pauli.de\/fr\/wp-json\/wp\/v2\/pages"}],"about":[{"href":"https:\/\/www.pauli.de\/fr\/wp-json\/wp\/v2\/types\/page"}],"author":[{"embeddable":true,"href":"https:\/\/www.pauli.de\/fr\/wp-json\/wp\/v2\/users\/3"}],"replies":[{"embeddable":true,"href":"https:\/\/www.pauli.de\/fr\/wp-json\/wp\/v2\/comments?post=15781"}],"version-history":[{"count":6,"href":"https:\/\/www.pauli.de\/fr\/wp-json\/wp\/v2\/pages\/15781\/revisions"}],"predecessor-version":[{"id":29758,"href":"https:\/\/www.pauli.de\/fr\/wp-json\/wp\/v2\/pages\/15781\/revisions\/29758"}],"up":[{"embeddable":true,"href":"https:\/\/www.pauli.de\/fr\/wp-json\/wp\/v2\/pages\/15792"}],"wp:attachment":[{"href":"https:\/\/www.pauli.de\/fr\/wp-json\/wp\/v2\/media?parent=15781"}],"curies":[{"name":"wp","href":"https:\/\/api.w.org\/{rel}","templated":true}]}}