{"id":15617,"date":"2020-08-26T09:11:32","date_gmt":"2020-08-26T07:11:32","guid":{"rendered":"https:\/\/www.pauli.de\/ueberkopfverglasungen\/"},"modified":"2021-06-28T09:36:15","modified_gmt":"2021-06-28T07:36:15","slug":"ueberkopfverglasungen","status":"publish","type":"page","link":"https:\/\/www.pauli.de\/fr\/schulungen\/ueberkopfverglasungen\/","title":{"rendered":"Les auvents"},"content":{"rendered":"<div id='av_section_1'  class='avia-section av-kdjv6fxl-f04a8ffd234fe7f907299ee4230dc875 main_color avia-section-no-padding avia-no-border-styling  avia-builder-el-0  el_before_av_two_third  avia-builder-el-first  avia-bg-style-scroll container_wrap fullsize'  ><div class='container av-section-cont-open' ><main  role=\"main\" itemprop=\"mainContentOfPage\"  class='template-page content  av-content-full alpha units'><div class='post-entry post-entry-type-page post-entry-15617'><div class='entry-content-wrapper clearfix'>\n\n<style type=\"text\/css\" data-created_by=\"avia_inline_auto\" id=\"style-css-av-kb0qjb2r-7614686b501e8b2eb37cecc490fa66d4\">\n.avia-image-container.av-kb0qjb2r-7614686b501e8b2eb37cecc490fa66d4 img.avia_image{\nbox-shadow:none;\n}\n.avia-image-container.av-kb0qjb2r-7614686b501e8b2eb37cecc490fa66d4 .av-image-caption-overlay-center{\ncolor:#ffffff;\n}\n<\/style>\n<div  class='avia-image-container av-kb0qjb2r-7614686b501e8b2eb37cecc490fa66d4 av-styling-no-styling avia-align-center  avia-builder-el-1  avia-builder-el-no-sibling '   itemprop=\"image\" itemscope=\"itemscope\" itemtype=\"https:\/\/schema.org\/ImageObject\" ><div class=\"avia-image-container-inner\"><div class=\"avia-image-overlay-wrap\"><img decoding=\"async\" fetchpriority=\"high\" class='wp-image-6048 avia-img-lazy-loading-not-6048 avia_image ' src=\"https:\/\/www.pauli.de\/wp-content\/uploads\/2020\/08\/HUB-Boulogne_mer-20_ueberk.jpg\" alt='' title='HUB-Boulogne_mer-20_ueberk'  height=\"1042\" width=\"2048\"  itemprop=\"thumbnailUrl\" srcset=\"https:\/\/www.pauli.de\/wp-content\/uploads\/2020\/08\/HUB-Boulogne_mer-20_ueberk.jpg 2048w, https:\/\/www.pauli.de\/wp-content\/uploads\/2020\/08\/HUB-Boulogne_mer-20_ueberk-500x254.jpg 500w, https:\/\/www.pauli.de\/wp-content\/uploads\/2020\/08\/HUB-Boulogne_mer-20_ueberk-1200x611.jpg 1200w, https:\/\/www.pauli.de\/wp-content\/uploads\/2020\/08\/HUB-Boulogne_mer-20_ueberk-768x391.jpg 768w, https:\/\/www.pauli.de\/wp-content\/uploads\/2020\/08\/HUB-Boulogne_mer-20_ueberk-1536x782.jpg 1536w, https:\/\/www.pauli.de\/wp-content\/uploads\/2020\/08\/HUB-Boulogne_mer-20_ueberk-1500x763.jpg 1500w, https:\/\/www.pauli.de\/wp-content\/uploads\/2020\/08\/HUB-Boulogne_mer-20_ueberk-705x359.jpg 705w\" sizes=\"(max-width: 2048px) 100vw, 2048px\" \/><\/div><\/div><\/div>\n<\/div><\/div><\/main><!-- close content main element --><\/div><\/div><div id='after_section_1'  class='main_color av_default_container_wrap container_wrap fullsize'  ><div class='container av-section-cont-open' ><div class='template-page content  av-content-full alpha units'><div class='post-entry post-entry-type-page post-entry-15617'><div class='entry-content-wrapper clearfix'>\n\n<style type=\"text\/css\" data-created_by=\"avia_inline_auto\" id=\"style-css-av-kb0sc6j6-4fa222a961c3f84b5ef482f8aeffc3ca\">\n#top .flex_column.av-kb0sc6j6-4fa222a961c3f84b5ef482f8aeffc3ca{\nmargin-top:0px;\nmargin-bottom:0px;\n}\n.flex_column.av-kb0sc6j6-4fa222a961c3f84b5ef482f8aeffc3ca{\nborder-radius:0px 0px 0px 0px;\npadding:0px 0px 0px 0px;\n}\n.responsive #top #wrap_all .flex_column.av-kb0sc6j6-4fa222a961c3f84b5ef482f8aeffc3ca{\nmargin-top:0px;\nmargin-bottom:0px;\n}\n<\/style>\n<div  class='flex_column av-kb0sc6j6-4fa222a961c3f84b5ef482f8aeffc3ca av_two_third  avia-builder-el-2  el_after_av_section  el_before_av_one_third  avia-builder-el-first  first flex_column_div av-zero-column-padding  '     ><p>\n<style type=\"text\/css\" data-created_by=\"avia_inline_auto\" id=\"style-css-av-kih8p8up-ca90eec18f5b8f775ee7ecc71e594c4f\">\n#top .av-special-heading.av-kih8p8up-ca90eec18f5b8f775ee7ecc71e594c4f{\npadding-bottom:10px;\n}\nbody .av-special-heading.av-kih8p8up-ca90eec18f5b8f775ee7ecc71e594c4f .av-special-heading-tag .heading-char{\nfont-size:25px;\n}\n.av-special-heading.av-kih8p8up-ca90eec18f5b8f775ee7ecc71e594c4f .av-subheading{\nfont-size:15px;\n}\n<\/style>\n<div  class='av-special-heading av-kih8p8up-ca90eec18f5b8f775ee7ecc71e594c4f av-special-heading-h2 blockquote modern-quote  avia-builder-el-3  el_before_av_textblock  avia-builder-el-first  av-thin-font'><h2 class='av-special-heading-tag '  itemprop=\"headline\"  ><strong>Les auvents<\/strong> en verre<\/h2><div class=\"special-heading-border\"><div class=\"special-heading-inner-border\"><\/div><\/div><\/div><br \/>\n<section  class='av_textblock_section av-kb0qvoxg-b1f0d2e974e22c2cd9e5e2637a31b836 '   itemscope=\"itemscope\" itemtype=\"https:\/\/schema.org\/CreativeWork\" ><div class='avia_textblock'  itemprop=\"text\" ><p>En mati\u00e8re de s\u00e9curit\u00e9 dans le secteur public et priv\u00e9, les exigences sont particuli\u00e8rement \u00e9lev\u00e9es en ce qui concerne les vitrages. Le s\u00e9minaire enseigne &#8211; sur la base des exigences l\u00e9gales actuelles &#8211; la s\u00e9lection des produits (ferrures et verre) pour une application correcte. Vous obtiendrez ainsi un aper\u00e7u des lois sur la construction et de la conception des produits \u00e0 l&rsquo;aide d&rsquo;exemples d&rsquo;application.<\/p>\n<\/div><\/section><\/p><\/div>\n\n<style type=\"text\/css\" data-created_by=\"avia_inline_auto\" id=\"style-css-av-kb0scfxn-5dd643ee89b252500859038a62fa9ec0\">\n#top .flex_column.av-kb0scfxn-5dd643ee89b252500859038a62fa9ec0{\nmargin-top:0px;\nmargin-bottom:0px;\n}\n.flex_column.av-kb0scfxn-5dd643ee89b252500859038a62fa9ec0{\nborder-radius:0px 0px 0px 0px;\npadding:0px 50px 0px 50px;\n}\n.responsive #top #wrap_all .flex_column.av-kb0scfxn-5dd643ee89b252500859038a62fa9ec0{\nmargin-top:0px;\nmargin-bottom:0px;\n}\n<\/style>\n<div  class='flex_column av-kb0scfxn-5dd643ee89b252500859038a62fa9ec0 av_one_third  avia-builder-el-5  el_after_av_two_third  el_before_av_one_third  flex_column_div  '     ><p>\n<style type=\"text\/css\" data-created_by=\"avia_inline_auto\" id=\"style-css-av-kb0q63ll-85a49b2145f6a029dc78ac1fbab8aa32\">\n.avia-image-container.av-kb0q63ll-85a49b2145f6a029dc78ac1fbab8aa32 img.avia_image{\nbox-shadow:none;\n}\n.avia-image-container.av-kb0q63ll-85a49b2145f6a029dc78ac1fbab8aa32 .av-image-caption-overlay-center{\ncolor:#ffffff;\n}\n<\/style>\n<div  class='avia-image-container av-kb0q63ll-85a49b2145f6a029dc78ac1fbab8aa32 av-styling-no-styling avia_animated_image av-animated-when-visible-95 fade-in avia-align-left  avia-builder-el-6  el_before_av_heading  avia-builder-el-first '   itemprop=\"image\" itemscope=\"itemscope\" itemtype=\"https:\/\/schema.org\/ImageObject\" ><div class=\"avia-image-container-inner\"><div class=\"avia-image-overlay-wrap\"><img decoding=\"async\" fetchpriority=\"high\" class='wp-image-29614 avia-img-lazy-loading-not-29614 avia_image ' src=\"https:\/\/www.pauli.de\/wp-content\/uploads\/2021\/06\/PAULI_akademie_france.png\" alt='' title='PAULI_akademie_france'  height=\"358\" width=\"2048\"  itemprop=\"thumbnailUrl\" srcset=\"https:\/\/www.pauli.de\/wp-content\/uploads\/2021\/06\/PAULI_akademie_france.png 2048w, https:\/\/www.pauli.de\/wp-content\/uploads\/2021\/06\/PAULI_akademie_france-500x87.png 500w, https:\/\/www.pauli.de\/wp-content\/uploads\/2021\/06\/PAULI_akademie_france-1200x210.png 1200w, https:\/\/www.pauli.de\/wp-content\/uploads\/2021\/06\/PAULI_akademie_france-768x134.png 768w, https:\/\/www.pauli.de\/wp-content\/uploads\/2021\/06\/PAULI_akademie_france-1536x269.png 1536w, https:\/\/www.pauli.de\/wp-content\/uploads\/2021\/06\/PAULI_akademie_france-1500x262.png 1500w, https:\/\/www.pauli.de\/wp-content\/uploads\/2021\/06\/PAULI_akademie_france-705x123.png 705w\" sizes=\"(max-width: 2048px) 100vw, 2048px\" \/><\/div><\/div><\/div><br \/>\n\n<style type=\"text\/css\" data-created_by=\"avia_inline_auto\" id=\"style-css-av-kih8o3jq-35a8f73356cd00ea8e40f8199e9170f9\">\n#top .av-special-heading.av-kih8o3jq-35a8f73356cd00ea8e40f8199e9170f9{\nmargin:80px 0 0 0;\npadding-bottom:0;\n}\nbody .av-special-heading.av-kih8o3jq-35a8f73356cd00ea8e40f8199e9170f9 .av-special-heading-tag .heading-char{\nfont-size:25px;\n}\n.av-special-heading.av-kih8o3jq-35a8f73356cd00ea8e40f8199e9170f9 .av-subheading{\nfont-size:15px;\n}\n<\/style>\n<div  class='av-special-heading av-kih8o3jq-35a8f73356cd00ea8e40f8199e9170f9 av-special-heading-h2 blockquote modern-quote  avia-builder-el-7  el_after_av_image  el_before_av_training_small_view '><h2 class='av-special-heading-tag '  itemprop=\"headline\"  >Calendrier<\/h2><div class=\"special-heading-border\"><div class=\"special-heading-inner-border\"><\/div><\/div><\/div><br \/>\n<ul class=\"trainings-small-view\"><li><div class=\"date-icon training-small-view-date\">04.11.2026<\/div>\n                            <div  class=\"training-small-view-name\">\n                            \t<a class=\"training-small-view-name-link\" id=training-small-view-name79448 href=https:\/\/www.pauli.de\/?post_type=training&#038;p=79448 >\u00dcberkopfverglasungen, Ganzglasgel\u00e4nder\n                            \t<\/a>\n                            <\/div>\n                            <\/li><\/ul> \n    \t\t\t<script>\n                    window.onload = function () {\n                    \tvar allLinksToDownloadPages = document.getElementsByClassName(\"training-small-view-name-link\");\n\n\t                    for(var i = 0; i < allLinksToDownloadPages.length; i++){\n\t                    \tvar linkToDownloadPage = allLinksToDownloadPages[i];\n\t                        var postId = linkToDownloadPage.id.replace(\/\\D\/g, \"\");\n\t                        var linkToDownloadPageId = postId + \"link\"; \n\t                        if (!!document.getElementById(linkToDownloadPageId)) {\n\t\t\t\t\t\t\t\tlinkToDownloadPage.href = \"#\" + linkToDownloadPageId;\n\t                        } \n\t                    }\n\t                }\n\t                \n                <\/script> <\/p><\/div>\n<style type=\"text\/css\" data-created_by=\"avia_inline_auto\" id=\"style-css-av-kb0scfxn-51b426349bd4408c1e6f338d3bfb3eeb\">\n.flex_column.av-kb0scfxn-51b426349bd4408c1e6f338d3bfb3eeb{\nborder-radius:0px 0px 0px 0px;\npadding:0px 0px 0px 0px;\n}\n<\/style>\n<div  class='flex_column av-kb0scfxn-51b426349bd4408c1e6f338d3bfb3eeb av_one_third  avia-builder-el-9  el_after_av_one_third  el_before_av_section  avia-builder-el-last  product_box first flex_column_div av-zero-column-padding  column-top-margin'     ><p>\n<style type=\"text\/css\" data-created_by=\"avia_inline_auto\" id=\"style-css-av-ke9z5s5u-b774869d781e9b1d526a03e6be5915b6\">\n.avia-image-container.av-ke9z5s5u-b774869d781e9b1d526a03e6be5915b6 img.avia_image{\nbox-shadow:none;\n}\n.avia-image-container.av-ke9z5s5u-b774869d781e9b1d526a03e6be5915b6 .av-image-caption-overlay-center{\ncolor:#ffffff;\n}\n<\/style>\n<div  class='avia-image-container av-ke9z5s5u-b774869d781e9b1d526a03e6be5915b6 av-styling- avia-align-center  avia-builder-el-10  el_before_av_heading  avia-builder-el-first '   itemprop=\"image\" itemscope=\"itemscope\" itemtype=\"https:\/\/schema.org\/ImageObject\" ><div class=\"avia-image-container-inner\"><div class=\"avia-image-overlay-wrap\"><img decoding=\"async\" fetchpriority=\"high\" class='wp-image-6052 avia-img-lazy-loading-not-6052 avia_image ' src=\"https:\/\/www.pauli.de\/wp-content\/uploads\/2020\/08\/ModulUe1_ueberkopf.jpg\" alt='' title='ModulUe1_ueberkopf'  height=\"742\" width=\"1000\"  itemprop=\"thumbnailUrl\" srcset=\"https:\/\/www.pauli.de\/wp-content\/uploads\/2020\/08\/ModulUe1_ueberkopf.jpg 1000w, https:\/\/www.pauli.de\/wp-content\/uploads\/2020\/08\/ModulUe1_ueberkopf-500x371.jpg 500w, https:\/\/www.pauli.de\/wp-content\/uploads\/2020\/08\/ModulUe1_ueberkopf-768x570.jpg 768w, https:\/\/www.pauli.de\/wp-content\/uploads\/2020\/08\/ModulUe1_ueberkopf-705x523.jpg 705w\" sizes=\"(max-width: 1000px) 100vw, 1000px\" \/><\/div><\/div><\/div><br \/>\n\n<style type=\"text\/css\" data-created_by=\"avia_inline_auto\" id=\"style-css-av-kih8pwza-f31c01e7bae3b5550b523fee4289de66\">\n#top .av-special-heading.av-kih8pwza-f31c01e7bae3b5550b523fee4289de66{\nmargin:0 0 0 0;\npadding-bottom:0;\n}\nbody .av-special-heading.av-kih8pwza-f31c01e7bae3b5550b523fee4289de66 .av-special-heading-tag .heading-char{\nfont-size:25px;\n}\n.av-special-heading.av-kih8pwza-f31c01e7bae3b5550b523fee4289de66 .av-subheading{\nfont-size:15px;\n}\n<\/style>\n<div  class='av-special-heading av-kih8pwza-f31c01e7bae3b5550b523fee4289de66 av-special-heading-h2 blockquote modern-quote  avia-builder-el-11  el_after_av_image  el_before_av_buttonrow  av-thin-font'><h2 class='av-special-heading-tag '  itemprop=\"headline\"  ><strong>U1<\/strong> Les auvents en verre<\/h2><div class=\"special-heading-border\"><div class=\"special-heading-inner-border\"><\/div><\/div><\/div><br \/>\n<div  class='avia-buttonrow-wrap av-kbupuxcf-5476b4a78e7ebfd910db0d7d85d28778 avia-buttonrow-left  avia-builder-el-12  el_after_av_heading  el_before_av_table  product_buttons'>\n\n<style type=\"text\/css\" data-created_by=\"avia_inline_auto\" id=\"style-css-av-hih7rw-9e9dd762c33101d4804d10e1cebf6ded\">\n#top #wrap_all .avia-button.av-hih7rw-9e9dd762c33101d4804d10e1cebf6ded{\nmargin-bottom:5px;\nmargin-right:5px;\n}\n<\/style>\n<a href=''  class='avia-button av-hih7rw-9e9dd762c33101d4804d10e1cebf6ded avia-icon_select-yes-left-icon avia-size-small avia-color-theme-color-subtle'   aria-label=\"Information\"><span class='avia_button_icon avia_button_icon_left avia-iconfont avia-font-entypo-fontello' data-av_icon='\ue81f' data-av_iconfont='entypo-fontello' ><\/span><span class='avia_iconbox_title' >Information<\/span><\/a>\n\n<style type=\"text\/css\" data-created_by=\"avia_inline_auto\" id=\"style-css-av-fvvip8-b9a63e1b18143837e2f05b3e07a49550\">\n#top #wrap_all .avia-button.av-fvvip8-b9a63e1b18143837e2f05b3e07a49550{\nmargin-bottom:5px;\nmargin-right:5px;\n}\n<\/style>\n<a href=''  class='avia-button av-fvvip8-b9a63e1b18143837e2f05b3e07a49550 avia-icon_select-yes-left-icon avia-size-small avia-color-theme-color-subtle'   aria-label=\"Termine\"><span class='avia_button_icon avia_button_icon_left avia-iconfont avia-font-entypo-fontello' data-av_icon='\ue85b' data-av_iconfont='entypo-fontello' ><\/span><span class='avia_iconbox_title' >Termine<\/span><\/a>\n<\/div><br \/>\n<div class='avia-data-table-wrap av-2e95mh-634bdc44253c98c5deb4dfd507b0616e avia_scrollable_table avia-table-1'><table  class='avia-table avia-data-table avia_pricing_default  avia-builder-el-13  el_after_av_buttonrow  avia-builder-el-last '  itemscope=\"itemscope\" itemtype=\"https:\/\/schema.org\/Table\" ><tbody><tr class=''><td class=''><\/p>\n<ul>\n<li>Connaissances de base sur le verre en tant que mat\u00e9riau et principes de base du droit de la construction<\/li>\n<li>Dimensionnement, s\u00e9curit\u00e9 et fixation (AbZ) Z-70.3-85, DIN 18008, ZiE)<\/li>\n<li>Pr\u00e9sentation des produits d&rsquo;auvent vitr\u00e9s \u00e0 fixations ponctuelles et lin\u00e9aires<\/li>\n<li>Exemples  pratiques<\/li>\n<\/ul>\n<p><\/td><\/tr><\/tbody><\/table><\/div><\/p><\/div><\/p>\n<\/div><\/div><\/div><!-- close content main div --><\/div><\/div><div id='av_section_2'  class='avia-section av-43byd8-0404d677c0a346b12ed8f74eac82a5de main_color avia-section-default avia-no-border-styling  avia-builder-el-14  el_after_av_one_third  avia-builder-el-last  avia-bg-style-scroll container_wrap fullsize'  ><div class='container av-section-cont-open' ><div class='template-page content  av-content-full alpha units'><div class='post-entry post-entry-type-page post-entry-15617'><div class='entry-content-wrapper clearfix'>\n\n<style type=\"text\/css\" data-created_by=\"avia_inline_auto\" id=\"style-css-av-2eiu9x-17f89e730086313a54b7fd5d4980d1c4\">\n#top .av-special-heading.av-2eiu9x-17f89e730086313a54b7fd5d4980d1c4{\npadding-bottom:10px;\n}\nbody .av-special-heading.av-2eiu9x-17f89e730086313a54b7fd5d4980d1c4 .av-special-heading-tag .heading-char{\nfont-size:25px;\n}\n.av-special-heading.av-2eiu9x-17f89e730086313a54b7fd5d4980d1c4 .av-subheading{\nfont-size:15px;\n}\n<\/style>\n<div  class='av-special-heading av-2eiu9x-17f89e730086313a54b7fd5d4980d1c4 av-special-heading-h2 blockquote modern-quote  avia-builder-el-15  el_before_av_trainings  avia-builder-el-first '><h2 class='av-special-heading-tag '  itemprop=\"headline\"  >Termine<\/h2><div class=\"special-heading-border\"><div class=\"special-heading-inner-border\"><\/div><\/div><\/div>\n<ul class=\"training_list\">\n            <li id=\"79448link\">\n                <article>\n                    <div class=\"label_box\">\n                        <label>s\u00e9minaire<\/label>\n                        <h1 class=\"av-special-heading-tag\"><a target=\"_blank\">\u00dcberkopfverglasungen, Ganzglasgel\u00e4nder<\/a><\/h1>\n                        <p class=\"training_description\">Erfahren Sie alles Wissenswerte \u00fcber zu \u00dcberkopfverglasungen + Ganzglasgel\u00e4nder. Sie erhalten einen kompakten \u00dcberblick vom zugeh\u00f6rigen Baurecht und die Gestaltung der Produkte an Anwendungs\u00acbeispielen. <\/p>\n                    <\/div>\n                    <div class=\"label_box\">\n                        <label>Date<\/label>\n                        <p class=\"label_box_date\">04.11.2026<\/p><p>09.00 - 17.00 Uhr<\/p>\n                    <\/div>\n                    <div class=\"label_box\">\n                        <label>Emplacement<\/label>\n                        <p>Krauchenwies bei TOX Befestigungstechnik<\/p>\n                        \n                    <\/div>\n                    <div class=\"label_box\">\n                        <label>Orateur<\/label>\n                        <p>S. Palzhoff, D. Str\u00f6bele<\/p>\n                    <\/div>\n                    <div class=\"label_box\">\n                        <label>Langue<\/label>\n                        <p>Deutsch<\/p>\n                    <\/div>\n                    <div class=\"label_box\">\n                        <label>Info<\/label>\n                        <p><a target=\"_blank\" href=\"https:\/\/www.pauli.de\/wp-content\/uploads\/2026\/05\/UE1_B1_PS_bei_tox_04.11.26_F.pdf\">Fiche d'information et inscription<span class=\"av-icon-char link-icon\" aria-hidden=\"true\" data-av_icon=\"\ue82d\" data-av_iconfont=\"entypo-fontello\"><\/span><\/a><\/p>\n                    <\/div>\n                    \n                    <div class=\"label_box button_box\">\n                        <button id=\"form-event\" data-id=\"79448\" class=\"expand-form avia-button avia-color-theme-color-subtle avia-size-medium\">Anmeldung<\/button>\n                    <\/div>\n                <\/article>\n                <form id=\"79448\" class=\"ajax-registration-form form-content trainings_form_content\" data-role=\"collapsible\" method=\"post\" style=\"display:none;\">\n                    <h2 class=\"av-special-heading-tag\">Anmeldung<\/h2>                    \n                    <div class=\"main_form_content\">\n                        <div class=\"first-content-column\">\n                            <label for=\"salutation_79448\">Anrede *<\/label>\n                            <select name=\"salutation\" id=\"salutation_79448\" required>\n                                <option value=\"\"><\/option>\n                                <option value=\"Herr\">Herr<\/option>\n                                <option value=\"Frau\">Frau<\/option>\n                            <\/select>                       \n                       \n                            <label class=\"label_for_name\" for=\"first_name_79448\">Vorname *<\/label>\n                            <input type=\"text\" id=\"first_name_79448\" name=\"first_name\" required \/>\n                        <\/div>\n                        <div class=\"label-input-grid\">\n                            <label class=\"label\" for=\"last_name_79448\">Nachname *<\/label>\n                            <input type=\"text\" id=\"last_name_79448\" name=\"last_name\" required \/>\n                        <\/div>\n                        <div class=\"label-input-grid\">\n                            <label class=\"label\" for=\"company_79448\">Firma *<\/label>\n                            <input type=\"text\" id=\"company_79448\" name=\"company\" required\/>\n                         <\/div>\n                        <div class=\"label-input-grid\">\n                            <label class=\"label\" for=\"customer_number_79448\">Kundennummer:<\/label>\n                            <input type=\"text\" id=\"customer_number_79448\" name=\"customer_number\" \/>\n                        <\/div>\n                        <div class=\"label-input-grid\">\n                            <label class=\"label\" for=\"street_79448\" >Stra\u00dfe + Nr. *<\/label>\n                            <input type=\"text\" name=\"street\" id=\"street_79448\" required \/>\n                        <\/div>\n                        <div class=\"second-content-column\">\n\n                            <label class=\"label\" for=\"zip_code_79448\">PLZ *<\/label>\n                            <input type=\"text\" name=\"zip_code\" id=\"zip_code_79448\" required \/>\n\n                            <label class=\"label\" for=\"place_79448\">Ort *<\/label>\n                            <input type=\"text\" name=\"place\" id=\"place_79448\" required \/>\n\n                        <\/div>\n                        <div class=\"label-input-grid\">\n                            <label class=\"label\" for=\"phone_79448\">Telefon *<\/label>\n                            <input type=\"tel\" id=\"phone_79448\" name=\"phone\" \/>\n                        <\/div>\n                        <div class=\"label-input-grid\">\n                            <label class=\"label\" for=\"email_79448\">E-Mail *<\/label>\n                            <input type=\"email\" name=\"email\" id=\"email_79448\" required \/>\n                        <\/div>\n                    <\/div>\n                    <div class=\"agb\">\n                        <input type=\"checkbox\" id=\"agb_79448\" name=\"agb\" value=\"1\" required>\n                        <label for=\"agb_79448\">Ich akzeptiere die <a target=\"_blank\" href=\"\/datenschutz\">Datenschutzbedingungen<\/a> und die <a target=\"_blank\" href=\"\/agb\">AGB<\/a>. Mit der Nutzung dieses Formulars erkl\u00e4re ich mich au\u00dferdem mit der Speicherung und Verarbeitung meiner Daten einverstanden.<\/label>\n                    <\/div>\n                    <input type=\"hidden\" class=\"recaptchaResponse\" id=\"recaptcha79448\" name=\"recaptcha_response\">\n                    <input type=\"hidden\" name=\"hiddenID\" value=\"79448\">\n                    <input class=\"registration_submit_button\" type=\"submit\" name=\"submit\" value=\"Abschicken\"\/>\n                <p>* Feld muss ausgef\u00fcllt werden.<\/p>  \n            <\/form>\n        <\/li>                  \n        <\/ul>\n\n","protected":false},"excerpt":{"rendered":"","protected":false},"author":3,"featured_media":0,"parent":15782,"menu_order":0,"comment_status":"closed","ping_status":"closed","template":"","meta":{"_acf_changed":false,"footnotes":""},"class_list":["post-15617","page","type-page","status-publish","hentry"],"acf":[],"_links":{"self":[{"href":"https:\/\/www.pauli.de\/fr\/wp-json\/wp\/v2\/pages\/15617","targetHints":{"allow":["GET"]}}],"collection":[{"href":"https:\/\/www.pauli.de\/fr\/wp-json\/wp\/v2\/pages"}],"about":[{"href":"https:\/\/www.pauli.de\/fr\/wp-json\/wp\/v2\/types\/page"}],"author":[{"embeddable":true,"href":"https:\/\/www.pauli.de\/fr\/wp-json\/wp\/v2\/users\/3"}],"replies":[{"embeddable":true,"href":"https:\/\/www.pauli.de\/fr\/wp-json\/wp\/v2\/comments?post=15617"}],"version-history":[{"count":6,"href":"https:\/\/www.pauli.de\/fr\/wp-json\/wp\/v2\/pages\/15617\/revisions"}],"predecessor-version":[{"id":29628,"href":"https:\/\/www.pauli.de\/fr\/wp-json\/wp\/v2\/pages\/15617\/revisions\/29628"}],"up":[{"embeddable":true,"href":"https:\/\/www.pauli.de\/fr\/wp-json\/wp\/v2\/pages\/15782"}],"wp:attachment":[{"href":"https:\/\/www.pauli.de\/fr\/wp-json\/wp\/v2\/media?parent=15617"}],"curies":[{"name":"wp","href":"https:\/\/api.w.org\/{rel}","templated":true}]}}