{"id":15591,"date":"2020-06-24T13:57:25","date_gmt":"2020-06-24T11:57:25","guid":{"rendered":"https:\/\/www.pauli.de\/newsletter\/"},"modified":"2020-11-16T15:20:54","modified_gmt":"2020-11-16T14:20:54","slug":"newsletter","status":"publish","type":"page","link":"https:\/\/www.pauli.de\/fr\/newsletter\/","title":{"rendered":"Newsletter"},"content":{"rendered":"\n<style type=\"text\/css\" data-created_by=\"avia_inline_auto\" id=\"style-css-av-khkmwj0t-0cb40b2fff8fe8926fb4e98b56261371\">\n#top .av-special-heading.av-khkmwj0t-0cb40b2fff8fe8926fb4e98b56261371{\npadding-bottom:10px;\n}\nbody .av-special-heading.av-khkmwj0t-0cb40b2fff8fe8926fb4e98b56261371 .av-special-heading-tag .heading-char{\nfont-size:25px;\n}\n.av-special-heading.av-khkmwj0t-0cb40b2fff8fe8926fb4e98b56261371 .av-subheading{\nfont-size:15px;\n}\n<\/style>\n<div  class='av-special-heading av-khkmwj0t-0cb40b2fff8fe8926fb4e98b56261371 av-special-heading-h1 blockquote modern-quote  avia-builder-el-0  el_before_av_one_half  avia-builder-el-first '><h1 class='av-special-heading-tag '  itemprop=\"headline\"  >Newsletter<\/h1><div class='av-subheading av-subheading_below'><p>Soyez bien inform\u00e9 !<\/p>\n<\/div><div class=\"special-heading-border\"><div class=\"special-heading-inner-border\"><\/div><\/div><\/div>\n\n<style type=\"text\/css\" data-created_by=\"avia_inline_auto\" id=\"style-css-av-218rqr-9f6836255839e288e11d603219ab4a05\">\n.flex_column.av-218rqr-9f6836255839e288e11d603219ab4a05{\nborder-radius:0px 0px 0px 0px;\npadding:0px 0px 0px 0px;\n}\n<\/style>\n<div  class='flex_column av-218rqr-9f6836255839e288e11d603219ab4a05 av_one_half  avia-builder-el-1  el_after_av_heading  el_before_av_textblock  first flex_column_div av-zero-column-padding  '     ><\/div>\n<section  class='av_textblock_section av-kbtayf8u-398f052e6aa18bddafc3af6bbf842191 '   itemscope=\"itemscope\" itemtype=\"https:\/\/schema.org\/CreativeWork\" ><div class='avia_textblock'  itemprop=\"text\" ><p>Nous attachons une grande importance au service \u00e0 la client\u00e8le et \u00e0 une communication claire. Nous sommes heureux de vous tenir au courant et de vous fournir des informations r\u00e9guli\u00e8res :<\/p>\n<p>nouveaux produits<br \/>\nl&rsquo;innovation technique<br \/>\nmodifications juridiques<br \/>\nS\u00e9minaires et ateliers<br \/>\nDates des expositions<\/p>\n<p>Inscrivez-vous \u00e0 notre bulletin d&rsquo;information &#8211; et vous serez toujours \u00e0 jour.<\/p>\n<p>Bien entendu, vous pouvez annuler votre abonnement \u00e0 tout moment.<\/p>\n<\/div><\/section>\n","protected":false},"excerpt":{"rendered":"","protected":false},"author":3,"featured_media":0,"parent":0,"menu_order":0,"comment_status":"closed","ping_status":"closed","template":"","meta":{"_acf_changed":false,"footnotes":""},"class_list":["post-15591","page","type-page","status-publish","hentry"],"acf":[],"_links":{"self":[{"href":"https:\/\/www.pauli.de\/fr\/wp-json\/wp\/v2\/pages\/15591","targetHints":{"allow":["GET"]}}],"collection":[{"href":"https:\/\/www.pauli.de\/fr\/wp-json\/wp\/v2\/pages"}],"about":[{"href":"https:\/\/www.pauli.de\/fr\/wp-json\/wp\/v2\/types\/page"}],"author":[{"embeddable":true,"href":"https:\/\/www.pauli.de\/fr\/wp-json\/wp\/v2\/users\/3"}],"replies":[{"embeddable":true,"href":"https:\/\/www.pauli.de\/fr\/wp-json\/wp\/v2\/comments?post=15591"}],"version-history":[{"count":3,"href":"https:\/\/www.pauli.de\/fr\/wp-json\/wp\/v2\/pages\/15591\/revisions"}],"predecessor-version":[{"id":18803,"href":"https:\/\/www.pauli.de\/fr\/wp-json\/wp\/v2\/pages\/15591\/revisions\/18803"}],"wp:attachment":[{"href":"https:\/\/www.pauli.de\/fr\/wp-json\/wp\/v2\/media?parent=15591"}],"curies":[{"name":"wp","href":"https:\/\/api.w.org\/{rel}","templated":true}]}}