{"id":15590,"date":"2020-06-24T14:03:58","date_gmt":"2020-06-24T12:03:58","guid":{"rendered":"https:\/\/www.pauli.de\/karriere\/"},"modified":"2021-03-02T13:37:59","modified_gmt":"2021-03-02T12:37:59","slug":"karriere","status":"publish","type":"page","link":"https:\/\/www.pauli.de\/fr\/karriere\/","title":{"rendered":"Carri\u00e8re"},"content":{"rendered":"\n<style type=\"text\/css\" data-created_by=\"avia_inline_auto\" id=\"style-css-av-av_heading-c9418e11e096fb43913bdd3db0f834c2\">\n#top .av-special-heading.av-av_heading-c9418e11e096fb43913bdd3db0f834c2{\npadding-bottom:10px;\n}\nbody .av-special-heading.av-av_heading-c9418e11e096fb43913bdd3db0f834c2 .av-special-heading-tag .heading-char{\nfont-size:25px;\n}\n.av-special-heading.av-av_heading-c9418e11e096fb43913bdd3db0f834c2 .av-subheading{\nfont-size:15px;\n}\n<\/style>\n<div  class='av-special-heading av-av_heading-c9418e11e096fb43913bdd3db0f834c2 av-special-heading-h1 blockquote modern-quote  avia-builder-el-0  el_before_av_one_half  avia-builder-el-first  av-thin-font'><h1 class='av-special-heading-tag '  itemprop=\"headline\"  >Bienvenue <strong>dans l\u2019\u00e9quipe<\/strong><\/h1><div class=\"special-heading-border\"><div class=\"special-heading-inner-border\"><\/div><\/div><\/div>\n\n<style type=\"text\/css\" data-created_by=\"avia_inline_auto\" id=\"style-css-av-7w4pxn-12fb12185348a7ce4355394c97f73009\">\n.flex_column.av-7w4pxn-12fb12185348a7ce4355394c97f73009{\nborder-radius:0px 0px 0px 0px;\npadding:0px 0px 0px 0px;\n}\n<\/style>\n<div  class='flex_column av-7w4pxn-12fb12185348a7ce4355394c97f73009 av_one_half  avia-builder-el-1  el_after_av_heading  el_before_av_one_half  first flex_column_div av-zero-column-padding  '     ><section  class='av_textblock_section av-kbtb7dbn-e306388f05e4320145b7f2e512afb43c '   itemscope=\"itemscope\" itemtype=\"https:\/\/schema.org\/CreativeWork\" ><div class='avia_textblock'  itemprop=\"text\" ><p>Wir sind ein mittelst\u00e4ndisches Unternehmen, das sich auf die Produktion von qualitativ hochwertigen Glashalterungssystemen spezialisiert hat. Gegr\u00fcndet vor 40 Jahren im oberbergischen Waldbr\u00f6l vor den Toren K\u00f6lns, z\u00e4hlen wir heute weltweit zu den Besten in diesem Marktsegment \u2013 dank der kontinuierlichen Produktion in Deutschland und eines hoch motivierten Teams, das mit gro\u00dfer Expertise und viel Kreativit\u00e4t mitten im Gr\u00fcnen innovative Produktl\u00f6sungen entwickelt.<\/p>\n<p>M\u00f6chten auch Sie Teil dieser Erfolgsgeschichte werden? Dann rufen Sie uns an unter 02291 9206-0 oder schicken Sie uns eine E-Mail an <a href=\"mailto:bewerbung@pauli.de\">bewerbung@pauli.de<\/a><\/p>\n<p>Wir freuen uns darauf, Sie pers\u00f6nlich kennenzulernen.<\/p>\n<\/div><\/section><\/div>\n<style type=\"text\/css\" data-created_by=\"avia_inline_auto\" id=\"style-css-av-5sf8nf-4cb87d65a20403f174ea5294cc6a549a\">\n.flex_column.av-5sf8nf-4cb87d65a20403f174ea5294cc6a549a{\nborder-radius:0px 0px 0px 0px;\npadding:0px 0px 0px 0px;\n}\n<\/style>\n<div  class='flex_column av-5sf8nf-4cb87d65a20403f174ea5294cc6a549a av_one_half  avia-builder-el-3  el_after_av_one_half  el_before_av_heading  flex_column_div av-zero-column-padding  '     ><style type=\"text\/css\" data-created_by=\"avia_inline_auto\" id=\"style-css-av-3q39rv-97477ab3b237ff5ffeb7e50d376bacd5\">\n.avia-image-container.av-3q39rv-97477ab3b237ff5ffeb7e50d376bacd5 img.avia_image{\nbox-shadow:none;\n}\n.avia-image-container.av-3q39rv-97477ab3b237ff5ffeb7e50d376bacd5 .av-image-caption-overlay-center{\ncolor:#ffffff;\n}\n<\/style>\n<div  class='avia-image-container av-3q39rv-97477ab3b237ff5ffeb7e50d376bacd5 av-styling- avia-align-center  avia-builder-el-4  avia-builder-el-no-sibling '   itemprop=\"image\" itemscope=\"itemscope\" itemtype=\"https:\/\/schema.org\/ImageObject\" ><div class=\"avia-image-container-inner\"><div class=\"avia-image-overlay-wrap\"><img decoding=\"async\" fetchpriority=\"high\" class='wp-image-6528 avia-img-lazy-loading-not-6528 avia_image ' src=\"https:\/\/www.pauli.de\/wp-content\/uploads\/2020\/09\/Bild_Karriere-scaled.jpg\" alt='' title='Group of business people and software developers working as a team in office'  height=\"1707\" width=\"2560\"  itemprop=\"thumbnailUrl\" srcset=\"https:\/\/www.pauli.de\/wp-content\/uploads\/2020\/09\/Bild_Karriere-scaled.jpg 2560w, https:\/\/www.pauli.de\/wp-content\/uploads\/2020\/09\/Bild_Karriere-scaled-500x333.jpg 500w, https:\/\/www.pauli.de\/wp-content\/uploads\/2020\/09\/Bild_Karriere-scaled-1200x800.jpg 1200w, https:\/\/www.pauli.de\/wp-content\/uploads\/2020\/09\/Bild_Karriere-scaled-768x512.jpg 768w, https:\/\/www.pauli.de\/wp-content\/uploads\/2020\/09\/Bild_Karriere-scaled-1536x1024.jpg 1536w, https:\/\/www.pauli.de\/wp-content\/uploads\/2020\/09\/Bild_Karriere-scaled-2048x1366.jpg 2048w, https:\/\/www.pauli.de\/wp-content\/uploads\/2020\/09\/Bild_Karriere-scaled-1500x1000.jpg 1500w, https:\/\/www.pauli.de\/wp-content\/uploads\/2020\/09\/Bild_Karriere-scaled-705x470.jpg 705w\" sizes=\"(max-width: 2560px) 100vw, 2560px\" \/><\/div><\/div><\/div><\/div><\/p>\n\n<style type=\"text\/css\" data-created_by=\"avia_inline_auto\" id=\"style-css-av-av_heading-3a20242135f1f4c122efdf1f80f9af15\">\n#top .av-special-heading.av-av_heading-3a20242135f1f4c122efdf1f80f9af15{\npadding-bottom:10px;\n}\nbody .av-special-heading.av-av_heading-3a20242135f1f4c122efdf1f80f9af15 .av-special-heading-tag .heading-char{\nfont-size:25px;\n}\n.av-special-heading.av-av_heading-3a20242135f1f4c122efdf1f80f9af15 .av-subheading{\nfont-size:15px;\n}\n<\/style>\n<div  class='av-special-heading av-av_heading-3a20242135f1f4c122efdf1f80f9af15 av-special-heading-h2 blockquote modern-quote  avia-builder-el-5  el_after_av_one_half  el_before_av_textblock '><h2 class='av-special-heading-tag '  itemprop=\"headline\"  >Offres d\u2019emploi en cours<\/h2><div class=\"special-heading-border\"><div class=\"special-heading-inner-border\"><\/div><\/div><\/div>\n<section  class='av_textblock_section av-khvtmsuh-e313b2b2916bf21cdb4168bf65d4939e '   itemscope=\"itemscope\" itemtype=\"https:\/\/schema.org\/CreativeWork\" ><div class='avia_textblock'  itemprop=\"text\" ><p>Aucune offre actuellement<\/p>\n<\/div><\/section>\n","protected":false},"excerpt":{"rendered":"","protected":false},"author":3,"featured_media":0,"parent":0,"menu_order":0,"comment_status":"closed","ping_status":"closed","template":"","meta":{"_acf_changed":false,"footnotes":""},"class_list":["post-15590","page","type-page","status-publish","hentry"],"acf":[],"_links":{"self":[{"href":"https:\/\/www.pauli.de\/fr\/wp-json\/wp\/v2\/pages\/15590","targetHints":{"allow":["GET"]}}],"collection":[{"href":"https:\/\/www.pauli.de\/fr\/wp-json\/wp\/v2\/pages"}],"about":[{"href":"https:\/\/www.pauli.de\/fr\/wp-json\/wp\/v2\/types\/page"}],"author":[{"embeddable":true,"href":"https:\/\/www.pauli.de\/fr\/wp-json\/wp\/v2\/users\/3"}],"replies":[{"embeddable":true,"href":"https:\/\/www.pauli.de\/fr\/wp-json\/wp\/v2\/comments?post=15590"}],"version-history":[{"count":6,"href":"https:\/\/www.pauli.de\/fr\/wp-json\/wp\/v2\/pages\/15590\/revisions"}],"predecessor-version":[{"id":26820,"href":"https:\/\/www.pauli.de\/fr\/wp-json\/wp\/v2\/pages\/15590\/revisions\/26820"}],"wp:attachment":[{"href":"https:\/\/www.pauli.de\/fr\/wp-json\/wp\/v2\/media?parent=15590"}],"curies":[{"name":"wp","href":"https:\/\/api.w.org\/{rel}","templated":true}]}}