{"id":15589,"date":"2020-06-24T14:32:27","date_gmt":"2020-06-24T12:32:27","guid":{"rendered":"https:\/\/www.pauli.de\/historie\/"},"modified":"2020-11-16T15:15:50","modified_gmt":"2020-11-16T14:15:50","slug":"historie","status":"publish","type":"page","link":"https:\/\/www.pauli.de\/fr\/historie\/","title":{"rendered":"Histoire"},"content":{"rendered":"\n<style type=\"text\/css\" data-created_by=\"avia_inline_auto\" id=\"style-css-av-khkkpaaq-69d06821dc5690f2ad071d16de5cabaa\">\n#top .av-special-heading.av-khkkpaaq-69d06821dc5690f2ad071d16de5cabaa{\npadding-bottom:10px;\n}\nbody .av-special-heading.av-khkkpaaq-69d06821dc5690f2ad071d16de5cabaa .av-special-heading-tag .heading-char{\nfont-size:25px;\n}\n.av-special-heading.av-khkkpaaq-69d06821dc5690f2ad071d16de5cabaa .av-subheading{\nfont-size:15px;\n}\n<\/style>\n<div  class='av-special-heading av-khkkpaaq-69d06821dc5690f2ad071d16de5cabaa av-special-heading-h1 blockquote modern-quote  avia-builder-el-0  el_before_av_one_half  avia-builder-el-first  av-thin-font'><h1 class='av-special-heading-tag '  itemprop=\"headline\"  >Pauli + Sohn <strong>\u2013 entre tradition et innovation<\/strong><\/h1><div class=\"special-heading-border\"><div class=\"special-heading-inner-border\"><\/div><\/div><\/div>\n\n<style type=\"text\/css\" data-created_by=\"avia_inline_auto\" id=\"style-css-av-24sasx-58053d7900bcc8cac6adb45564fe0a9d\">\n.flex_column.av-24sasx-58053d7900bcc8cac6adb45564fe0a9d{\nborder-radius:0px 0px 0px 0px;\npadding:0px 0px 0px 0px;\n}\n<\/style>\n<div  class='flex_column av-24sasx-58053d7900bcc8cac6adb45564fe0a9d av_one_half  avia-builder-el-1  el_after_av_heading  el_before_av_one_half  first flex_column_div av-zero-column-padding  '     ><p><section  class='av_textblock_section av-kbtby5n6-1f9f0b76b5f35a25e74e49b181e5de2e '   itemscope=\"itemscope\" itemtype=\"https:\/\/schema.org\/CreativeWork\" ><div class='avia_textblock'  itemprop=\"text\" ><p>Tout a commenc\u00e9 avec un petit produit : en 1980, G\u00fcnter Pauli a fond\u00e9 la soci\u00e9t\u00e9 P+S \u00e0 Waldbr\u00f6l, Oberbergisch, pour la production de pinces \u00e0 verre. P+S a d\u00e9velopp\u00e9 de nombreux produits innovants de haute qualit\u00e9 et s&rsquo;est ainsi assur\u00e9 le leadership du march\u00e9 dans ce domaine.<\/p>\n<\/div><\/section><br \/>\n<section  class='av_textblock_section av-kbtc86dp-5229a9b292026b815076e92e9ce790ab '   itemscope=\"itemscope\" itemtype=\"https:\/\/schema.org\/CreativeWork\" ><div class='avia_textblock'  itemprop=\"text\" ><p>40 ans plus tard, Pauli + Sohn GmbH est une entreprise familiale saine et de taille moyenne, solidement \u00e9tablie sur la sc\u00e8ne nationale et internationale gr\u00e2ce \u00e0 ses syst\u00e8mes intelligents de fixation du verre &#8211; depuis 2008 sous la pr\u00e9sidence de Claudia Pauli, la fille du fondateur de l&rsquo;entreprise. Elle g\u00e8re l&rsquo;entreprise avec son esprit et son c\u0153ur et un sens infaillible des opportunit\u00e9s de nouveaux march\u00e9s.<\/p>\n<p>Afin de mieux servir les nouveaux march\u00e9s d&rsquo;exportation, des filiales ont \u00e9t\u00e9 cr\u00e9\u00e9es en Su\u00e8de (Pauli Scandinavia AB) et en France (Pauli France S.A.R.L.). L&rsquo;entreprise compte aujourd&rsquo;hui 240 employ\u00e9s dans le monde entier.<\/p>\n<p>Le principal site de production se trouve toujours dan la r\u00e9gion du Oberbergischen (NRW), \u00e0 Waldbr\u00f6l et \u00e0 Morsbach. Les produits de Pauli + Sohn GmbH sont constamment optimis\u00e9s et perfectionn\u00e9s dans le service de d\u00e9veloppement de l&rsquo;entreprise. Pour Pauli + Sohn, la fonction technique, la s\u00e9curit\u00e9 maximale et le design classique forment une unit\u00e9 indissociable et sont \u00e0 la base du succ\u00e8s de l&rsquo;entreprise.<\/p>\n<p>Ce qui semble finalement d&rsquo;une simplicit\u00e9 convaincante est le r\u00e9sultat d&rsquo;un concept sophistiqu\u00e9 et innovant et d&rsquo;un long processus de d\u00e9veloppement &#8211; toujours associ\u00e9 \u00e0 l&rsquo;exigence de produire au centi\u00e8me de millim\u00e8tre.<\/p>\n<\/div><\/section><\/p><\/div>\n<style type=\"text\/css\" data-created_by=\"avia_inline_auto\" id=\"style-css-av-kc2zjqr6-10121dc0b11456011ca713a568edaeb5\">\n.flex_column.av-kc2zjqr6-10121dc0b11456011ca713a568edaeb5{\nborder-radius:0px 0px 0px 0px;\npadding:15% 0px 0px 0px;\n}\n<\/style>\n<div  class='flex_column av-kc2zjqr6-10121dc0b11456011ca713a568edaeb5 av_one_half  avia-builder-el-4  el_after_av_one_half  avia-builder-el-last  flex_column_div  '     ><style type=\"text\/css\" data-created_by=\"avia_inline_auto\" id=\"style-css-av-kc2zj4p3-8da7581a8b816b6127bcc41a198d5cea\">\n.avia-image-container.av-kc2zj4p3-8da7581a8b816b6127bcc41a198d5cea img.avia_image{\nbox-shadow:none;\n}\n.avia-image-container.av-kc2zj4p3-8da7581a8b816b6127bcc41a198d5cea .av-image-caption-overlay-center{\ncolor:#ffffff;\n}\n<\/style>\n<div  class='avia-image-container av-kc2zj4p3-8da7581a8b816b6127bcc41a198d5cea av-styling- avia-align-center  avia-builder-el-5  avia-builder-el-no-sibling '   itemprop=\"image\" itemscope=\"itemscope\" itemtype=\"https:\/\/schema.org\/ImageObject\" ><div class=\"avia-image-container-inner\"><div class=\"avia-image-overlay-wrap\"><img decoding=\"async\" fetchpriority=\"high\" class='wp-image-4616 avia-img-lazy-loading-not-4616 avia_image ' src=\"https:\/\/www.pauli.de\/wp-content\/uploads\/2020\/07\/Logo_PS_40jaehriges-01.jpg\" alt='' title='Logo_PS_40jaehriges-01'  height=\"240\" width=\"418\"  itemprop=\"thumbnailUrl\"  \/><\/div><\/div><\/div><\/div><\/p>\n","protected":false},"excerpt":{"rendered":"","protected":false},"author":3,"featured_media":0,"parent":0,"menu_order":0,"comment_status":"closed","ping_status":"closed","template":"","meta":{"_acf_changed":false,"footnotes":""},"class_list":["post-15589","page","type-page","status-publish","hentry"],"acf":[],"_links":{"self":[{"href":"https:\/\/www.pauli.de\/fr\/wp-json\/wp\/v2\/pages\/15589","targetHints":{"allow":["GET"]}}],"collection":[{"href":"https:\/\/www.pauli.de\/fr\/wp-json\/wp\/v2\/pages"}],"about":[{"href":"https:\/\/www.pauli.de\/fr\/wp-json\/wp\/v2\/types\/page"}],"author":[{"embeddable":true,"href":"https:\/\/www.pauli.de\/fr\/wp-json\/wp\/v2\/users\/3"}],"replies":[{"embeddable":true,"href":"https:\/\/www.pauli.de\/fr\/wp-json\/wp\/v2\/comments?post=15589"}],"version-history":[{"count":3,"href":"https:\/\/www.pauli.de\/fr\/wp-json\/wp\/v2\/pages\/15589\/revisions"}],"predecessor-version":[{"id":18795,"href":"https:\/\/www.pauli.de\/fr\/wp-json\/wp\/v2\/pages\/15589\/revisions\/18795"}],"wp:attachment":[{"href":"https:\/\/www.pauli.de\/fr\/wp-json\/wp\/v2\/media?parent=15589"}],"curies":[{"name":"wp","href":"https:\/\/api.w.org\/{rel}","templated":true}]}}