{"id":15588,"date":"2020-06-24T14:45:13","date_gmt":"2020-06-24T12:45:13","guid":{"rendered":"https:\/\/www.pauli.de\/unternehmen\/"},"modified":"2020-11-26T11:55:41","modified_gmt":"2020-11-26T10:55:41","slug":"unternehmen","status":"publish","type":"page","link":"https:\/\/www.pauli.de\/fr\/unternehmen\/","title":{"rendered":"Entreprise"},"content":{"rendered":"<div id='av_section_1'  class='avia-section av-3nxokm-2ce2d093fafc61283f23e761738b8892 main_color avia-section-default avia-no-border-styling  avia-builder-el-0  el_before_av_section  avia-builder-el-first  avia-bg-style-scroll container_wrap fullsize'  ><div class='container av-section-cont-open' ><main  role=\"main\" itemprop=\"mainContentOfPage\"  class='template-page content  av-content-full alpha units'><div class='post-entry post-entry-type-page post-entry-15588'><div class='entry-content-wrapper clearfix'>\n\n<style type=\"text\/css\" data-created_by=\"avia_inline_auto\" id=\"style-css-av-3xz1ty-b97db4ee6774d6119f9507b0dcd91110\">\n.flex_column.av-3xz1ty-b97db4ee6774d6119f9507b0dcd91110{\nborder-radius:0px 0px 0px 0px;\npadding:0px 0px 0px 0px;\n}\n<\/style>\n<div  class='flex_column av-3xz1ty-b97db4ee6774d6119f9507b0dcd91110 av_one_half  avia-builder-el-1  el_before_av_one_half  avia-builder-el-first  first flex_column_div av-zero-column-padding  '     ><p>\n<style type=\"text\/css\" data-created_by=\"avia_inline_auto\" id=\"style-css-av-av_heading-cfe66e2b6f6b91fa450cf47b116a4f3d\">\n#top .av-special-heading.av-av_heading-cfe66e2b6f6b91fa450cf47b116a4f3d{\npadding-bottom:10px;\n}\nbody .av-special-heading.av-av_heading-cfe66e2b6f6b91fa450cf47b116a4f3d .av-special-heading-tag .heading-char{\nfont-size:25px;\n}\n.av-special-heading.av-av_heading-cfe66e2b6f6b91fa450cf47b116a4f3d .av-subheading{\nfont-size:15px;\n}\n<\/style>\n<div  class='av-special-heading av-av_heading-cfe66e2b6f6b91fa450cf47b116a4f3d av-special-heading-h1 blockquote modern-quote  avia-builder-el-2  el_before_av_textblock  avia-builder-el-first  av-thin-font'><h1 class='av-special-heading-tag '  itemprop=\"headline\"  >Votre partenaire pour l\u2019architecture avec  <strong>Verre et M\u00e9tal<\/strong><\/h1><div class=\"special-heading-border\"><div class=\"special-heading-inner-border\"><\/div><\/div><\/div><br \/>\n<section  class='av_textblock_section av-kbtcn383-1bf5a8229ac2d672e6958f0e9c50ff21 '   itemscope=\"itemscope\" itemtype=\"https:\/\/schema.org\/CreativeWork\" ><div class='avia_textblock'  itemprop=\"text\" ><p>Nous d\u00e9veloppons, fabriquons et fournissons des ferrures et des syst\u00e8mes de haute qualit\u00e9 pour la construction en verre. Dans notre service de d\u00e9veloppement interne, nous cr\u00e9ons des produits innovants et orient\u00e9s vers des solutions pour<\/p>\n<ul>\n<li>Garde-corps et Marquises<\/li>\n<li>Auvents en verre et constructions de fa\u00e7ades,<\/li>\n<li>Applications dans le domaine de l&rsquo;agencement int\u00e9rieur et<\/li>\n<li>Salles de bains avec douches tout en verre.<\/li>\n<\/ul>\n<p><strong>Leader du march\u00e9 des syst\u00e8mes de montage du verre<\/strong><\/p>\n<p>Depuis 40 ans, nous appliquons des normes \u00e9lev\u00e9es pour notre production. Des mat\u00e9riaux de haute qualit\u00e9, leur traitement minutieux et des contr\u00f4les stricts garantissent la qualit\u00e9 \u00e9lev\u00e9e de nos quelque 5 500 produits de haute technologie.<\/p>\n<p>Dans le d\u00e9veloppement de nos produits, nous attachons \u00e9galement une grande importance \u00e0 la plus grande s\u00e9curit\u00e9 possible, \u00e0 la fonctionnalit\u00e9 et \u00e0 un design moderne. C&rsquo;est pourquoi nous travaillons en \u00e9troite collaboration avec des universit\u00e9s et des instituts de recherche et entretenons \u00e9galement un \u00e9change permanent avec nos clients.<\/p>\n<p>Nous sommes la seule entreprise allemande \u00e0 avoir obtenu, sur la base de proc\u00e9dures d&rsquo;essai approfondies, des homologations dans tous les domaines de la construction en verre structurel importants pour la s\u00e9curit\u00e9 &#8211; d\u00e9livr\u00e9es par le DIBt, l&rsquo;Institut allemand des techniques du b\u00e2timent \u00e0 Berlin.<\/p>\n<p>Pauli + Sohn GmbH &#8211; les meilleures connexions<\/p>\n<\/div><\/section><\/p><\/div>\n<style type=\"text\/css\" data-created_by=\"avia_inline_auto\" id=\"style-css-av-3xz1ty-2458de0bd5f7ceec74478a6e40e99d92\">\n.flex_column.av-3xz1ty-2458de0bd5f7ceec74478a6e40e99d92{\nborder-radius:0px 0px 0px 0px;\npadding:0px 0px 0px 0px;\n}\n<\/style>\n<div  class='flex_column av-3xz1ty-2458de0bd5f7ceec74478a6e40e99d92 av_one_half  avia-builder-el-4  el_after_av_one_half  avia-builder-el-last  flex_column_div av-zero-column-padding  '     ><p>\n<style type=\"text\/css\" data-created_by=\"avia_inline_auto\" id=\"style-css-av-av_heading-c9be5ff9cd78427f8c916ea95af189ff\">\n#top .av-special-heading.av-av_heading-c9be5ff9cd78427f8c916ea95af189ff{\npadding-bottom:10px;\n}\nbody .av-special-heading.av-av_heading-c9be5ff9cd78427f8c916ea95af189ff .av-special-heading-tag .heading-char{\nfont-size:25px;\n}\n.av-special-heading.av-av_heading-c9be5ff9cd78427f8c916ea95af189ff .av-subheading{\nfont-size:15px;\n}\n<\/style>\n<div  class='av-special-heading av-av_heading-c9be5ff9cd78427f8c916ea95af189ff av-special-heading-h1 blockquote modern-quote  avia-builder-el-5  el_before_av_textblock  avia-builder-el-first  av-thin-font'><h1 class='av-special-heading-tag '  itemprop=\"headline\"  >Nous voulons  <strong>vous enthousiasmer !<\/strong><\/h1><div class=\"special-heading-border\"><div class=\"special-heading-inner-border\"><\/div><\/div><\/div><br \/>\n<section  class='av_textblock_section av-kbtcn383-1bf5a8229ac2d672e6958f0e9c50ff21 '   itemscope=\"itemscope\" itemtype=\"https:\/\/schema.org\/CreativeWork\" ><div class='avia_textblock'  itemprop=\"text\" ><p>La qualit\u00e9 cr\u00e9e des clients satisfaits. Chez Pauli + Sohn, nous avons profond\u00e9ment int\u00e9rioris\u00e9 ce principe. Elle est le moteur de nos actions &#8211; dans nos processus de production et de d\u00e9veloppement, notre gamme de produits, nos contr\u00f4les de qualit\u00e9, notre connaissance du march\u00e9 \u00e9conomique et notre label \u00ab\u00a0made in Germany\u00a0\u00bb, avec lequel nous \u00e9tiquetons et livrons chaque produit.<\/p>\n<p>Nous aimerions \u00e9galement vous convaincre de la qualit\u00e9 de nos produits et vous compter parmi nos clients satisfaits.<\/p>\n<p>Ce que nous d\u00e9fendons :<\/p>\n<ol>\n<li>Nous voulons offrir une tr\u00e8s bonne qualit\u00e9.<\/li>\n<li>Nous vous proposons des certifications pour tous les domaines li\u00e9s \u00e0 la s\u00e9curit\u00e9. (Allemagne ou France suivant le cas)<\/li>\n<li>Nous nous concentrons sur un langage de conception clair et simple.<\/li>\n<li>Nous travaillons de mani\u00e8re durable.<\/li>\n<li>Nous sommes fiers du label \u00ab\u00a0made in Germany\u00a0\u00bb.<\/li>\n<li>Nous proposons des formations et mises \u00e0 jour continues.<\/li>\n<\/ol>\n<\/div><\/section><\/p><\/div><\/div><\/div><\/main><!-- close content main element --><\/div><\/div>\n<style type=\"text\/css\" data-created_by=\"avia_inline_auto\" id=\"style-css-av-k9e7z60h-5c6c27c1ae80ee7df393dbd711bad03e\">\n.avia-section.av-k9e7z60h-5c6c27c1ae80ee7df393dbd711bad03e .av-parallax .av-parallax-inner{\nbackground-color:#ffffff;\nbackground-image:url(https:\/\/www.pauli.de\/wp-content\/uploads\/2020\/06\/Fassade_01A_300dpi_ISO.jpg);\nbackground-repeat:no-repeat;\nbackground-position:50% 50%;\nbackground-attachment:scroll;\n}\n<\/style>\n<div id='av_section_2'  class='avia-section av-k9e7z60h-5c6c27c1ae80ee7df393dbd711bad03e main_color avia-section-large avia-no-border-styling  avia-builder-el-7  el_after_av_section  avia-builder-el-last  avia-full-stretch av-parallax-section avia-bg-style-parallax container_wrap fullsize'  data-section-bg-repeat='stretch'><div class='av-parallax' data-avia-parallax-ratio='0.3' ><div class='av-parallax-inner main_color avia-full-stretch'><\/div><\/div><div class='container av-section-cont-open' ><div class='template-page content  av-content-full alpha units'><div class='post-entry post-entry-type-page post-entry-15588'><div class='entry-content-wrapper clearfix'>\n\n<style type=\"text\/css\" data-created_by=\"avia_inline_auto\" id=\"style-css-av-khxhizc4-ea3fba63e3fc2573f4e2e1bfcbf639ec\">\n#top .av-special-heading.av-khxhizc4-ea3fba63e3fc2573f4e2e1bfcbf639ec{\nmargin:350px 0 25px 0;\npadding-bottom:10px;\ncolor:#ffffff;\nfont-size:100px;\n}\nbody .av-special-heading.av-khxhizc4-ea3fba63e3fc2573f4e2e1bfcbf639ec .av-special-heading-tag .heading-char{\nfont-size:25px;\n}\n#top #wrap_all .av-special-heading.av-khxhizc4-ea3fba63e3fc2573f4e2e1bfcbf639ec .av-special-heading-tag{\nfont-size:100px;\n}\n.av-special-heading.av-khxhizc4-ea3fba63e3fc2573f4e2e1bfcbf639ec .special-heading-inner-border{\nborder-color:#ffffff;\n}\n.av-special-heading.av-khxhizc4-ea3fba63e3fc2573f4e2e1bfcbf639ec .av-subheading{\nfont-size:40px;\n}\n\n@media only screen and (min-width: 768px) and (max-width: 989px){ \n#top #wrap_all .av-special-heading.av-khxhizc4-ea3fba63e3fc2573f4e2e1bfcbf639ec .av-special-heading-tag{\nfont-size:90px;\n}\n.av-special-heading.av-khxhizc4-ea3fba63e3fc2573f4e2e1bfcbf639ec .av-subheading{\nfont-size:35px;\n}\n}\n\n@media only screen and (min-width: 480px) and (max-width: 767px){ \n#top #wrap_all .av-special-heading.av-khxhizc4-ea3fba63e3fc2573f4e2e1bfcbf639ec .av-special-heading-tag{\nfont-size:80px;\n}\n.av-special-heading.av-khxhizc4-ea3fba63e3fc2573f4e2e1bfcbf639ec .av-subheading{\nfont-size:30px;\n}\n}\n\n@media only screen and (max-width: 479px){ \n#top #wrap_all .av-special-heading.av-khxhizc4-ea3fba63e3fc2573f4e2e1bfcbf639ec .av-special-heading-tag{\nfont-size:60px;\n}\n.av-special-heading.av-khxhizc4-ea3fba63e3fc2573f4e2e1bfcbf639ec .av-subheading{\nfont-size:25px;\n}\n}\n<\/style>\n<div  class='av-special-heading av-khxhizc4-ea3fba63e3fc2573f4e2e1bfcbf639ec av-special-heading-h2 custom-color-heading blockquote modern-quote  avia-builder-el-8  avia-builder-el-no-sibling  fullwidth_img_heading av-inherit-size'><h2 class='av-special-heading-tag '  itemprop=\"headline\"  >Pauli France<\/h2><div class='av_custom_color av-subheading av-subheading_below'><p>Les meilleures connections<\/p>\n<\/div><div class=\"special-heading-border\"><div class=\"special-heading-inner-border\"><\/div><\/div><\/div>\n<\/p>\n","protected":false},"excerpt":{"rendered":"","protected":false},"author":3,"featured_media":0,"parent":0,"menu_order":0,"comment_status":"closed","ping_status":"closed","template":"","meta":{"_acf_changed":false,"footnotes":""},"class_list":["post-15588","page","type-page","status-publish","hentry"],"acf":[],"_links":{"self":[{"href":"https:\/\/www.pauli.de\/fr\/wp-json\/wp\/v2\/pages\/15588","targetHints":{"allow":["GET"]}}],"collection":[{"href":"https:\/\/www.pauli.de\/fr\/wp-json\/wp\/v2\/pages"}],"about":[{"href":"https:\/\/www.pauli.de\/fr\/wp-json\/wp\/v2\/types\/page"}],"author":[{"embeddable":true,"href":"https:\/\/www.pauli.de\/fr\/wp-json\/wp\/v2\/users\/3"}],"replies":[{"embeddable":true,"href":"https:\/\/www.pauli.de\/fr\/wp-json\/wp\/v2\/comments?post=15588"}],"version-history":[{"count":3,"href":"https:\/\/www.pauli.de\/fr\/wp-json\/wp\/v2\/pages\/15588\/revisions"}],"predecessor-version":[{"id":20204,"href":"https:\/\/www.pauli.de\/fr\/wp-json\/wp\/v2\/pages\/15588\/revisions\/20204"}],"wp:attachment":[{"href":"https:\/\/www.pauli.de\/fr\/wp-json\/wp\/v2\/media?parent=15588"}],"curies":[{"name":"wp","href":"https:\/\/api.w.org\/{rel}","templated":true}]}}