{"id":29944,"date":"2020-09-16T09:53:29","date_gmt":"2020-09-16T07:53:29","guid":{"rendered":"https:\/\/www.pauli.de\/datenschutz\/"},"modified":"2023-10-13T09:43:11","modified_gmt":"2023-10-13T07:43:11","slug":"datenschutz","status":"publish","type":"page","link":"https:\/\/www.pauli.de\/en\/datenschutz\/","title":{"rendered":"Datenschutz"},"content":{"rendered":"\n<style type=\"text\/css\" data-created_by=\"avia_inline_auto\" id=\"style-css-av-2zu6gm-3788f15bf78cf8926cee751c050c9308\">\n.flex_column.av-2zu6gm-3788f15bf78cf8926cee751c050c9308{\nborder-radius:0px 0px 0px 0px;\npadding:0px 0px 0px 0px;\n}\n<\/style>\n<div  class='flex_column av-2zu6gm-3788f15bf78cf8926cee751c050c9308 av_one_half  avia-builder-el-0  avia-builder-el-no-sibling  first flex_column_div av-zero-column-padding  '     ><p>\n<style type=\"text\/css\" data-created_by=\"avia_inline_auto\" id=\"style-css-av-kf536wqk-6e1975e6573fa6c6bc13c8fd00664fce\">\n#top .av-special-heading.av-kf536wqk-6e1975e6573fa6c6bc13c8fd00664fce{\npadding-bottom:10px;\n}\nbody .av-special-heading.av-kf536wqk-6e1975e6573fa6c6bc13c8fd00664fce .av-special-heading-tag .heading-char{\nfont-size:25px;\n}\n.av-special-heading.av-kf536wqk-6e1975e6573fa6c6bc13c8fd00664fce .av-subheading{\nfont-size:15px;\n}\n<\/style>\n<div  class='av-special-heading av-kf536wqk-6e1975e6573fa6c6bc13c8fd00664fce av-special-heading-h1 blockquote modern-quote  avia-builder-el-1  el_before_av_codeblock  avia-builder-el-first '><h1 class='av-special-heading-tag '  itemprop=\"headline\"  >Datenschutzerkl\u00e4rung<\/h1><div class=\"special-heading-border\"><div class=\"special-heading-inner-border\"><\/div><\/div><\/div><br \/>\n<br \/>\n<section  class='av_textblock_section av-kf535txp-49ba44d808105d541cafd1d56864c1bd '   itemscope=\"itemscope\" itemtype=\"https:\/\/schema.org\/CreativeWork\" ><div class='avia_textblock'  itemprop=\"text\" ><p>Der Schutz und die Sicherheit von pers\u00f6nlichen uns anvertrauten Daten hat f\u00fcr uns hohe Priorit\u00e4t. Wir halten uns strikt an die Regeln des Deutschen Bundesdatenschutzgesetzes (BDSG) und der Europ\u00e4ischen Datenschutzgrundverordnung. Unter Beachtung dieser Bestimmungen nutzen wir die personenbezogenen Daten von Mitarbeitern, Kunden, Lieferanten und Gesch\u00e4ftspartnern. Wir Informieren Sie dar\u00fcber, welche Arten von Daten erfasst und zu welchem Zweck sie erhoben werden und wie damit umzugehen ist:<\/p>\n<p><strong>1. Daten\u00fcbermittlung\/Datenprotokollierung<\/strong><\/p>\n<p>Beim Besuch unserer Website verzeichnet der Web-Server automatisch Log-Files, die keiner bestimmten Person zugeordnet werden k\u00f6nnen. Diese Daten beinhalten den Browsertyp und die Browserversion, das verwendete Betriebssystem, die zuvor besuchte Seite, die IP-Adresse des anfragenden Rechners, Zugriffsdatum und Uhrzeit der Serveranfrage und die Dateianfrage mit Dateiname und URL. Diese Daten werden ausschlie\u00dflich zu statistischen Auswertungen gesammelt, es gibt keine Weitergabe an Dritte.<\/p>\n<p><strong>2. Nutzung pers\u00f6nlicher Daten<\/strong><\/p>\n<p>Pers\u00f6nliche Daten werden nur erhoben 0der verarbeitet, wenn Sie die Angaben dazu freiwillig an uns gemacht haben. Ihre zuvor erteilte Genehmigung Ihrer pers\u00f6nlichen Datenspeicherung k\u00f6nnen Sie jederzeit mit sofortiger Wirkung schriftlich widerrufen. Ihre Daten werden nicht an Dritte weitergegeben, es sei denn, wir sind aufgrund gesetzlicher Vorschrift dazu verpflichtet.<\/p>\n<p><strong>3. Auskunft, \u00c4nderungen oder L\u00f6schung Ihrer Daten<\/strong><\/p>\n<p>Sie k\u00f6nnen jederzeit bei uns schriftlich nachfragen und werden entsprechend informiert, ob und welche personenbezogenen Daten bei uns \u00fcber Sie gespeichert sind. Ebenso werden wir Sie auf Anfrage \u00fcber \u00c4nderung und L\u00f6schung Ihrer Daten informieren.<\/p>\n<p><strong>4. Datensicherheit<\/strong><\/p>\n<p>Die von Ihnen uns zur Verf\u00fcgung gestellten pers\u00f6nlichen Daten werden durch alle technischen und organisatorischen Sicherheitsma\u00dfnahmen so abgesichert, dass sie f\u00fcr den Zugriff unberechtigter Dritter unzug\u00e4nglich sind. Bei Versendung sensibler Daten oder Informationen empfehlen wir den Postweg zu nutzen, da eine vollst\u00e4ndige Datensicherheit im E-Mail-Verkehr nicht gew\u00e4hrleistet werden kann.<\/p>\n<p><strong>5. Wir wollen Sie ausdr\u00fccklich auf folgende Rechte aufmerksam machen:<\/strong><\/p>\n<p>Sie haben das Recht auf jederzeitige Auskunft und auf Berichtigung, ebenso das Recht auf L\u00f6schung und k\u00f6nnen jederzeit Ihre Einwilligung widerrufen.<\/p>\n<p><strong>6. Google<\/strong><\/p>\n<p>Soweit unsere Website den Webanalysedienst von Google benutzt oder Cookies verwendet, k\u00f6nnen Sie diese Funktionen jederzeit deaktivieren, wir m\u00fcssen jedoch darauf hinweisen, dass Sie dann m\u00f6glicherweise nicht alle Funktionen dieser Website in vollem Umfang nutzen k\u00f6nnen.<\/p>\n<p><strong>7. Cookies*<\/strong><\/p>\n<p>Die Internetseiten verwenden teilweise so genannte Cookies. Cookies richten auf Ihrem Rechner keinen Schaden an und enthalten keine Viren. Cookies dienen dazu, unser Angebot nutzerfreundlicher, effektiver und sicherer zu machen. Cookies sind kleine Textdateien, die auf Ihrem Rechner abgelegt werden und die Ihr Browser speichert.<\/p>\n<p>Die meisten der von uns verwendeten Cookies sind so genannte \u201eSession-Cookies\u201c. Sie werden nach Ende Ihres Besuchs automatisch gel\u00f6scht. Andere Cookies bleiben auf Ihrem Endger\u00e4t gespeichert, bis Sie diese l\u00f6schen. Diese Cookies erm\u00f6glichen es uns, Ihren Browser beim n\u00e4chsten Besuch wiederzuerkennen.<\/p>\n<p>Sie k\u00f6nnen Ihren Browser so einstellen, dass Sie \u00fcber das Setzen von Cookies informiert werden und Cookies nur im Einzelfall erlauben, die Annahme von Cookies f\u00fcr bestimmte F\u00e4lle oder generell ausschlie\u00dfen sowie das automatische L\u00f6schen der Cookies beim Schlie\u00dfen des Browser aktivieren. Bei der Deaktivierung von Cookies kann die Funktionalit\u00e4t dieser Website eingeschr\u00e4nkt sein.<\/p>\n<p><strong>8. Daten\u00fcbermittlung bei Vertragsschluss f\u00fcr Online-Shops, H\u00e4ndler und Warenversand*<\/strong><\/p>\n<p>Wir \u00fcbermitteln personenbezogene Daten an Dritte nur dann, wenn dies im Rahmen der Vertragsabwicklung notwendig ist; etwa an die mit der Lieferung der Ware betrauten Unternehmen oder das mit der Zahlungsabwicklung beauftragte Kreditinstitut. Eine weitergehende \u00dcbermittlung der Daten erfolgt nicht bzw. nur dann, wenn Sie der \u00dcbermittlung ausdr\u00fccklich zugestimmt haben. Eine Weitergabe Ihrer Daten an Dritte ohne ausdr\u00fcckliche Einwilligung, etwa zu Zwecken der Werbung, erfolgt nicht.<\/p>\n<p><strong>9. rapidmail<\/strong><\/p>\n<p>Um den auf unserer Webseite angebotenen Newsletter zu beziehen, k\u00f6nnen Sie sich \u00fcber unser Formular anmelden. Dabei nutzen wir das sogenannte Double-Opt-In Verfahren. Hier wird zun\u00e4chst eine Best\u00e4tigungsmail an Ihre angegebene E-Mail Adresse gesendet, mit der Bitte um Best\u00e4tigung. Die Anmeldung wird erst wirksam, wenn Sie den in der Best\u00e4tigungsmail enthaltenen Aktivierungslink anklicken. Wir verwenden Ihre an uns \u00fcbertragenen Daten ausschlie\u00dflich f\u00fcr den Versand des Newsletters, der Informationen oder Angebot enthalten kann.<\/p>\n<p>Wir verwenden rapidmail, um unseren Newsletter zu versenden. Ihre Daten werden daher an die rapidmail GmbH \u00fcbermittelt. Dabei ist es der rapidmail GmbH untersagt, Ihre Daten f\u00fcr andere Zwecke als f\u00fcr den Versand des Newsletters zu nutzen. Eine Weitergabe oder ein Verkauf Ihrer Daten ist der rapidmail GmbH nicht gestattet. rapidmail ist ein deutscher, zertifizierter Newsletter Software Anbieter, welcher nach den Anforderungen der DSGVO und des BDSG sorgf\u00e4ltig ausgew\u00e4hlt wurde.<\/p>\n<p>Sie k\u00f6nnen Ihre Einwilligung zur Speicherung der Daten und deren Nutzung zum Newsletter- Versand jederzeit widerrufen, z.B. \u00fcber den Abmelde-Link im Newsletter.<\/p>\n<p><strong>10. Google Analytics*<\/strong><\/p>\n<p>Diese Website nutzt Funktionen des Webanalysedienstes Google Analytics. Anbieter ist die Google Inc., 1600 Amphitheatre Parkway Mountain View, CA 94043, USA.<\/p>\n<p>Google Analytics verwendet so genannte \u201eCookies\u201c. Das sind Textdateien, die auf Ihrem Computer gespeichert werden und die eine Analyse der Benutzung der Website durch Sie erm\u00f6glichen. Die durch den Cookie erzeugten Informationen \u00fcber Ihre Benutzung dieser Website werden in der Regel an einen Server von Google in den USA \u00fcbertragen und dort gespeichert.<\/p>\n<p>Google Analytics deaktivieren<\/p>\n<p><strong>11. Auftragsdatenverarbeitung*<\/strong><\/p>\n<p>Wir haben mit Google einen Vertrag zur Auftragsdatenverarbeitung abgeschlossen und setzen die strengen Vorgaben der deutschen Datenschutzbeh\u00f6rden bei der Nutzung von Google Analytics vollst\u00e4ndig um.<\/p>\n<p><strong>12. Server-Log-Files*<\/strong><\/p>\n<p>Der Provider der Seiten erhebt und speichert automatisch Informationen in so genannten Server-Log Files, die Ihr Browser automatisch an uns \u00fcbermittelt. Dies sind:<\/p>\n<ul>\n<li>Browsertyp und Browserversion<\/li>\n<li>verwendetes Betriebssystem<\/li>\n<li>Referrer URL<\/li>\n<li>Hostname des zugreifenden Rechners<\/li>\n<li>Uhrzeit der Serveranfrage<\/li>\n<\/ul>\n<p>Diese Daten sind nicht bestimmten Personen zuordenbar. Eine Zusammenf\u00fchrung dieser Daten mit anderen Datenquellen wird nicht vorgenommen. Wir behalten uns vor, diese Daten nachtr\u00e4glich zu pr\u00fcfen, wenn uns konkrete Anhaltspunkte f\u00fcr eine rechtswidrige Nutzung bekannt werden.<\/p>\n<p><strong>13. Widerspruch Werbe-Mails*<\/strong><\/p>\n<p>Der Nutzung von im Rahmen der Impressumspflicht ver\u00f6ffentlichten Kontaktdaten zur \u00dcbersendung von nicht ausdr\u00fccklich angeforderter Werbung und Informationsmaterialien wird hiermit widersprochen. Die Betreiber der Seiten behalten sich ausdr\u00fccklich rechtliche Schritte im Falle der unverlangten Zusendung von Werbeinformationen, etwa durch Spam-E-Mails, vor.<\/p>\n<p><strong>14. YouTube*<\/strong><\/p>\n<p>Unsere Webseite nutzt Plugins der von Google betriebenen Seite YouTube. Betreiber der Seiten ist die YouTube, LLC, 901 Cherry Ave., San Bruno, CA 94066, USA. Wenn Sie eine unserer mit einem YouTube-Plugin ausgestatteten Seiten besuchen, wird eine Verbindung zu den Servern von YouTube hergestellt. Dabei wird dem Youtube-Server mitgeteilt, welche unserer Seiten Sie besucht haben. Wenn Sie in Ihrem YouTube-Account eingeloggt sind erm\u00f6glichen Sie YouTube, Ihr Surfverhalten direkt Ihrem pers\u00f6nlichen Profil zuzuordnen. Dies k\u00f6nnen Sie verhindern, indem Sie sich aus Ihrem YouTube-Account ausloggen. Weitere Informationen zum Umgang von Nutzerdaten finden Sie in der Datenschutzerkl\u00e4rung von YouTube unter: https:\/\/www.google.de\/intl\/de\/policies\/privacy<\/p>\n<\/div><\/section><\/p><\/div>\n","protected":false},"excerpt":{"rendered":"","protected":false},"author":3,"featured_media":0,"parent":0,"menu_order":0,"comment_status":"closed","ping_status":"closed","template":"","meta":{"_acf_changed":false,"footnotes":""},"class_list":["post-29944","page","type-page","status-publish","hentry"],"acf":[],"_links":{"self":[{"href":"https:\/\/www.pauli.de\/en\/wp-json\/wp\/v2\/pages\/29944","targetHints":{"allow":["GET"]}}],"collection":[{"href":"https:\/\/www.pauli.de\/en\/wp-json\/wp\/v2\/pages"}],"about":[{"href":"https:\/\/www.pauli.de\/en\/wp-json\/wp\/v2\/types\/page"}],"author":[{"embeddable":true,"href":"https:\/\/www.pauli.de\/en\/wp-json\/wp\/v2\/users\/3"}],"replies":[{"embeddable":true,"href":"https:\/\/www.pauli.de\/en\/wp-json\/wp\/v2\/comments?post=29944"}],"version-history":[{"count":2,"href":"https:\/\/www.pauli.de\/en\/wp-json\/wp\/v2\/pages\/29944\/revisions"}],"predecessor-version":[{"id":51413,"href":"https:\/\/www.pauli.de\/en\/wp-json\/wp\/v2\/pages\/29944\/revisions\/51413"}],"wp:attachment":[{"href":"https:\/\/www.pauli.de\/en\/wp-json\/wp\/v2\/media?parent=29944"}],"curies":[{"name":"wp","href":"https:\/\/api.w.org\/{rel}","templated":true}]}}